{"id":2849,"date":"2021-10-17T20:16:53","date_gmt":"2021-10-17T18:16:53","guid":{"rendered":"https:\/\/at.magnolio.shop\/?page_id=2849"},"modified":"2024-03-07T11:42:32","modified_gmt":"2024-03-07T10:42:32","slug":"aplicatie-slabire-si-purificare","status":"publish","type":"page","link":"https:\/\/www.magnolioworld.com\/green-ro\/aplicatie-slabire-si-purificare\/","title":{"rendered":"Men\u00fc | Anwendung | Abnehmen und Entschlacken"},"content":{"rendered":"<p>[et_pb_section fb_built=&#8221;1&#8243; _builder_version=&#8221;4.16&#8243; _module_preset=&#8221;default&#8221; custom_margin=&#8221;||||false|false&#8221; custom_margin_tablet=&#8221;&#8221; custom_margin_phone=&#8221;||||false|false&#8221; custom_margin_last_edited=&#8221;on|phone&#8221; custom_padding=&#8221;30px||30px||false|false&#8221; global_colors_info=&#8221;{}&#8221;][et_pb_row column_structure=&#8221;2_3,1_3&#8243; _builder_version=&#8221;4.16&#8243; _module_preset=&#8221;default&#8221; custom_margin=&#8221;24px|auto||auto||&#8221; custom_margin_tablet=&#8221;&#8221; custom_margin_phone=&#8221;12px|auto||auto|false|false&#8221; custom_margin_last_edited=&#8221;on|phone&#8221; custom_padding=&#8221;0px||35px||false|false&#8221; global_colors_info=&#8221;{}&#8221;][et_pb_column type=&#8221;2_3&#8243; _builder_version=&#8221;4.16&#8243; _module_preset=&#8221;default&#8221; global_colors_info=&#8221;{}&#8221;][et_pb_text _builder_version=&#8221;4.16&#8243; _module_preset=&#8221;default&#8221; custom_margin=&#8221;||7px|||&#8221; header_font_size_tablet=&#8221;&#8221; header_font_size_phone=&#8221;34px&#8221; header_font_size_last_edited=&#8221;on|phone&#8221; global_colors_info=&#8221;{}&#8221;]<\/p>\n<h1>Pierde\u021bi \u00een greutate \u0219i detoxifia\u021bi cu uleiuri esen\u021biale<\/h1>\n<p>[\/et_pb_text][et_pb_text _builder_version=&#8221;4.16&#8243; _module_preset=&#8221;default&#8221; global_colors_info=&#8221;{}&#8221;]<\/p>\n<p>Cine nu viseaz\u0103 s\u0103 sl\u0103beasc\u0103 u\u0219or \u0219i \u00eentr-un mod s\u0103n\u0103tos? Uleiurile esen\u021biale \u0219i suplimentele alimentare de la doTERRA v\u0103 pot ajuta pe drumul dumneavoastr\u0103.<\/p>\n<p>[\/et_pb_text][\/et_pb_column][et_pb_column type=&#8221;1_3&#8243; _builder_version=&#8221;4.16&#8243; _module_preset=&#8221;default&#8221; global_colors_info=&#8221;{}&#8221;][et_pb_image src=&#8221;https:\/\/www.magnolioworld.com\/green-ro\/wp-content\/uploads\/20&#215;20.png&#8221; alt=&#8221;Sl\u0103bire \u0219i detoxifiere cu uleiuri esen\u021biale&#8221; title_text=&#8221;20&#215;20&#8243; force_fullwidth=&#8221;on&#8221; _builder_version=&#8221;4.16&#8243; background_image=&#8221;https:\/\/www.magnolioworld.com\/green-ro\/wp-content\/uploads\/Depositphotos_55831725_xl-2015.jpg&#8221; height=&#8221;200px&#8221; border_width_all=&#8221;10px&#8221; border_color_all=&#8221;#ffffff&#8221; box_shadow_style=&#8221;preset1&#8243; box_shadow_blur=&#8221;10px&#8221; box_shadow_color=&#8221;#9b9b9b&#8221; locked=&#8221;off&#8221; global_colors_info=&#8221;{}&#8221;][\/et_pb_image][\/et_pb_column][\/et_pb_row][et_pb_row _builder_version=&#8221;4.16&#8243; _module_preset=&#8221;default&#8221; background_color=&#8221;#e8e8e8&#8243; custom_margin=&#8221;|auto|24px|auto||&#8221; custom_margin_tablet=&#8221;&#8221; custom_margin_phone=&#8221;|auto|26px|auto|false|false&#8221; custom_margin_last_edited=&#8221;on|phone&#8221; custom_padding=&#8221;20px||20px||false|false&#8221; locked=&#8221;off&#8221; global_colors_info=&#8221;{}&#8221;][et_pb_column type=&#8221;4_4&#8243; _builder_version=&#8221;4.16&#8243; _module_preset=&#8221;default&#8221; global_colors_info=&#8221;{}&#8221;][et_pb_text _builder_version=&#8221;4.16&#8243; _module_preset=&#8221;default&#8221; text_font_size=&#8221;24px&#8221; text_orientation=&#8221;center&#8221; custom_margin=&#8221;||7px|||&#8221; global_colors_info=&#8221;{}&#8221;]<\/p>\n<p>Prezentare general\u0103<\/p>\n<p>[\/et_pb_text][et_pb_text _builder_version=&#8221;4.16&#8243; _module_preset=&#8221;default&#8221; text_orientation=&#8221;center&#8221; custom_margin=&#8221;||10px||false|false&#8221; global_colors_info=&#8221;{}&#8221;]<\/p>\n<p><a href=\"#abnehmen-detox\">Program de detoxifiere<\/a> || <a href=\"#abnehmen-entgiftung\">detoxifiere<\/a> || <a href=\"#abnehmen-naehrstoffe\">aprovizionare cu nutrien\u021bi<\/a> || <a href=\"#abnehmen-stoffwechsel\">metabolism<\/a> || <a href=\"#abnehmen-verdauung\">digestie<\/a><\/p>\n<p>[\/et_pb_text][et_pb_text _builder_version=&#8221;4.16&#8243; _module_preset=&#8221;default&#8221; text_orientation=&#8221;center&#8221; global_colors_info=&#8221;{}&#8221;]<\/p>\n<p>Sfat: Folosi\u021bi s\u0103geata din dreapta jos pentru a v\u0103 \u00eentoarce la \u00eenceput.<\/p>\n<p>[\/et_pb_text][\/et_pb_column][\/et_pb_row][et_pb_row module_id=&#8221;abnehmen-detox&#8221; _builder_version=&#8221;4.16&#8243; _module_preset=&#8221;default&#8221; custom_margin=&#8221;40px|auto||auto|false|false&#8221; custom_padding=&#8221;0px||0px||false|false&#8221; global_colors_info=&#8221;{}&#8221;][et_pb_column type=&#8221;4_4&#8243; _builder_version=&#8221;4.16&#8243; _module_preset=&#8221;default&#8221; global_colors_info=&#8221;{}&#8221;][et_pb_text _builder_version=&#8221;4.16&#8243; _module_preset=&#8221;default&#8221; custom_margin=&#8221;||7px|||&#8221; global_colors_info=&#8221;{}&#8221;]<\/p>\n<h2>Program de detoxifiere<\/h2>\n<p>[\/et_pb_text][et_pb_text _builder_version=&#8221;4.16&#8243; _module_preset=&#8221;default&#8221; global_colors_info=&#8221;{}&#8221;]<\/p>\n<p>Programul doTERRA Detox este ideal pentru detoxifierea \u0219i purificarea optim\u0103 a organismului \u00een cadrul unei cure de 30 de zile. Programul sprijin\u0103 starea de bine, digestia, metabolismul \u0219i reducerea greut\u0103\u021bii aferente.<\/p>\n<p>Programul include produsele doTERRA Terrazyme, PB Assist \u0219i GX Assist pentru a sus\u021bine digestia. De asemenea, sunt incluse \u0219i produsele de detoxifiere doTERRA Zendocrine Softgels \u0219i Zendocrine Complex. Produsele Smart &amp; Sassy sunt concepute pentru a sus\u021bine metabolismul.<\/p>\n<p>SUGESTIE: Pentru o stare de bine optim\u0103, este recomandabil s\u0103 utiliza\u021bi programul de detoxifiere de dou\u0103 ori pe an, de preferin\u021b\u0103 prim\u0103vara \u0219i toamna.<\/p>\n<p>\u00cen plus fa\u021b\u0103 de detoxifierea zilnic\u0103 \u0219i pentru un echilibru acido-bazic optim, lua\u021bi zilnic ulei de l\u0103m\u00e2ie doTERRA cu ap\u0103.<\/p>\n<p>[\/et_pb_text][et_pb_shop type=&#8221;product_category&#8221; include_categories=&#8221;1943&#8243; columns_number=&#8221;4&#8243; orderby=&#8221;menu_order&#8221; _builder_version=&#8221;4.16&#8243; title_font_size=&#8221;22px&#8221; price_font_size=&#8221;14px&#8221; min_height=&#8221;504px&#8221; custom_margin=&#8221;||||false|false&#8221; custom_padding=&#8221;25px||0px||false|false&#8221; title_font_size_last_edited=&#8221;off|desktop&#8221; pac_drh_column_numbers_phone=&#8221;pac_drh_ph_col_two&#8221; locked=&#8221;off&#8221; global_colors_info=&#8221;{}&#8221;][\/et_pb_shop][\/et_pb_column][\/et_pb_row][et_pb_row module_id=&#8221;abnehmen-entgiftung&#8221; _builder_version=&#8221;4.16&#8243; _module_preset=&#8221;default&#8221; custom_padding=&#8221;0px||0px||false|false&#8221; global_colors_info=&#8221;{}&#8221;][et_pb_column type=&#8221;4_4&#8243; _builder_version=&#8221;4.16&#8243; _module_preset=&#8221;default&#8221; global_colors_info=&#8221;{}&#8221;][et_pb_text _builder_version=&#8221;4.16&#8243; _module_preset=&#8221;default&#8221; custom_margin=&#8221;||7px|||&#8221; global_colors_info=&#8221;{}&#8221;]<\/p>\n<h2>Detoxifiere cu uleiuri esen\u021biale<\/h2>\n<p>[\/et_pb_text][et_pb_text _builder_version=&#8221;4.16&#8243; _module_preset=&#8221;default&#8221; global_colors_info=&#8221;{}&#8221;]<\/p>\n<p>\u00cen timp, toxinele \u0219i produsele reziduale se acumuleaz\u0103 \u00een organism, \u00een special \u00een \u021besutul adipos.<br \/>Cu ajutorul uleiului esen\u021bial de l\u0103m\u00e2ie de cur\u0103\u021bare de la doTERRA, acestea ajut\u0103 organismul s\u0103 se debaraseze u\u0219or de toxine \u0219i, \u00een acela\u0219i timp, s\u0103 regleze echilibrul acido-bazic important.<\/p>\n<p>\u00cen plus, amestecul de detoxifiere doTERRA Zendocrine v\u0103 sprijin\u0103 organismul \u00een eliminarea substan\u021belor nedorite, a radicalilor liberi \u0219i a toxinelor acumulate de-a lungul timpului.<br \/>Uleiurile esen\u021biale de rozmarin, de coriandru \u0219i de fructe de ienup\u0103r sunt cunoscute pentru propriet\u0103\u021bile lor detoxifiante. Uleiul de mandarin\u0103 \u0219i uleiul de geraniu elimin\u0103 substan\u021bele nedorite.<br \/>Alternativ, gelulele moi pot fi utilizate \u00een locul amestecului de ulei Zendocrine. Complexul Zendocrine este potrivit pentru sus\u021binerea optim\u0103 a rinichilor \u0219i a ficatului.<\/p>\n<p>\u00cenf\u0103\u0219ur\u0103rile hepatice sau aplicarea pe ficat a amestecului de detoxifiere Zendocrine de la doTERRA \u0219i a uleiurilor esen\u021biale de chiparos, de grapefruit \u0219i de ghimbir s-au dovedit, de asemenea, foarte eficiente. De asemenea, este recomandabil s\u0103 urma\u021bi un tratament de detoxifiere cu programul Cleanse &amp; Restore cel pu\u021bin de dou\u0103 ori pe an.<\/p>\n<p>SFAT: \u00cencepe\u021bi ziua cu un pahar de ap\u0103 \u0219i o pic\u0103tur\u0103 de ulei de l\u0103m\u00e2ie \u00een fiecare diminea\u021b\u0103 \u0219i repeta\u021bi pe tot parcursul zilei.<\/p>\n<p>Lua\u021bi o pic\u0103tur\u0103 de Zendocrine \u00een mod regulat \u00eentr-o b\u0103utur\u0103 la alegere, iar s\u0103n\u0103tatea \u0219i bun\u0103starea dvs. individual\u0103 vor beneficia.<\/p>\n<p>Lua\u021bi fie Zendocrine Softgels, fie Zendocrine Complex zilnic, conform instruc\u021biunilor de pe ambalaj. Aplica\u021bi pe ficat o compres\u0103 hepatic\u0103 cu amestecul de ulei Zendocrine, precum \u0219i cu ulei de chiparos \u0219i ulei de ghimbir, pentru sus\u021binere. Cel mai bine dup\u0103 pr\u00e2nz sau \u00eenainte de culcare.<\/p>\n<p>Zendocrine\u2122 Blend Softgels<br \/>Acest complex de detoxifiere este un amestec brevetat de extracte de alimente integrale care sprijin\u0103 func\u021biile s\u0103n\u0103toase de cur\u0103\u021bare \u0219i filtrare a ficatului, rinichilor, colonului, pl\u0103m\u00e2nilor \u0219i pielii. Lua\u021bi 1 capsul\u0103 moale la micul dejun \u0219i 1 capsul\u0103 moale la cin\u0103.<\/p>\n<p>[\/et_pb_text][et_pb_shop type=&#8221;product_category&#8221; include_categories=&#8221;1944&#8243; columns_number=&#8221;4&#8243; orderby=&#8221;menu_order&#8221; _builder_version=&#8221;4.16&#8243; title_font_size=&#8221;22px&#8221; price_font_size=&#8221;14px&#8221; min_height=&#8221;504px&#8221; custom_margin=&#8221;||||false|false&#8221; custom_padding=&#8221;25px||0px||false|false&#8221; title_font_size_last_edited=&#8221;off|desktop&#8221; pac_drh_column_numbers_phone=&#8221;pac_drh_ph_col_two&#8221; locked=&#8221;off&#8221; global_colors_info=&#8221;{}&#8221;][\/et_pb_shop][\/et_pb_column][\/et_pb_row][et_pb_row disabled_on=&#8221;off|off|off&#8221; module_id=&#8221;abnehmen-naehrstoffe&#8221; _builder_version=&#8221;4.16&#8243; _module_preset=&#8221;default&#8221; custom_padding=&#8221;0px||0px|||&#8221; global_colors_info=&#8221;{}&#8221;][et_pb_column type=&#8221;4_4&#8243; _builder_version=&#8221;4.16&#8243; _module_preset=&#8221;default&#8221; global_colors_info=&#8221;{}&#8221;][et_pb_text _builder_version=&#8221;4.16&#8243; _module_preset=&#8221;default&#8221; custom_margin=&#8221;||7px|||&#8221; global_colors_info=&#8221;{}&#8221;]<\/p>\n<h2>Aprovizionare optim\u0103 cu nutrien\u021bi<\/h2>\n<p>[\/et_pb_text][et_pb_text _builder_version=&#8221;4.16&#8243; _module_preset=&#8221;default&#8221; global_colors_info=&#8221;{}&#8221;]<\/p>\n<p>O diet\u0103 echilibrat\u0103 \u0219i aprovizionarea organismului cu nutrien\u021bi vitali este esen\u021bial\u0103 pentru un organism s\u0103n\u0103tos. Deoarece hrana noastr\u0103 contribuie din ce \u00een ce mai pu\u021bin la acest lucru, este necesar s\u0103 aprovizion\u0103m organismul cu minerale, vitamine \u0219i substan\u021be vitale.<\/p>\n<p>\u00cen plus, doTERRA ofer\u0103 pachetul Lifelong Vitality Pack. Acesta con\u021bine toate cele trei componente pentru s\u0103n\u0103tatea celular\u0103, complexul nutritiv (cu minerale \u0219i vitamine) \u0219i complexul omega esen\u021bial. Acestea se potrivesc \u00een mod ideal unul cu cel\u0103lalt. Acest lucru previne supradozajul.<\/p>\n<p>Bine\u00een\u021beles, exist\u0103 \u0219i o versiune vegan\u0103 a Omega Complex.<\/p>\n<p>Deoarece toate produsele sunt compuse din substan\u021be naturale, acestea sunt disponibile \u00een mod optim pentru organism, spre deosebire de suplimentele alimentare sintetice.<\/p>\n<p>Sfat: Lua\u021bi zilnic produsele din pachetul Lifelong Vitality Pack pentru a v\u0103 sus\u021bine s\u0103n\u0103tatea \u0219i bun\u0103starea.<\/p>\n<p>Produsele \u00een detaliu:<\/p>\n<p><span style=\"text-decoration: underline;\">xEO Mega\u2122 &#8211; Complex de uleiuri esen\u021biale \u0219i omega<\/span><br \/>Acest supliment alimentar combin\u0103 uleiurile esen\u021biale cu uleiuri marine naturale \u0219i cu uleiuri omega-3 de origine vegetal\u0103. Pe l\u00e2ng\u0103 faptul c\u0103 con\u021bin carotenoizi, care promoveaz\u0103 func\u021bionarea s\u0103n\u0103toas\u0103 a multor organe importante din organism. Lua\u021bi 2 capsule moi la micul dejun \u0219i 2 capsule moi la cin\u0103.<\/p>\n<p>Pentru copii: Omega Complex IQ Mega a fost dezvoltat special pentru a r\u0103spunde cerin\u021belor cresc\u00e2nde ale activit\u0103\u021bilor \u0219colare \u0219i de petrecere a timpului liber.<\/p>\n<p><span style=\"text-decoration: underline;\">Microplex VMz\u2122 &#8211; Complex nutritiv<\/span><br \/>Acest produs con\u021bine multe vitamine \u0219i minerale biodisponibile. Lua\u021bi 2 capsule la micul dejun \u0219i 2 capsule la cin\u0103.<\/p>\n<p>Pentru copii, sunt disponibile tabletele masticabile doTERRA AZZ cu arom\u0103 de pepene verde pentru un aport optim de vitamine.<br \/><strong><br \/><\/strong><span style=\"text-decoration: underline;\">Alpha CRS\u2122+ &#8211; Vitalitate celular\u0103<\/span><br \/>Acest complex de vitalitate celular\u0103 este \u00eembog\u0103\u021bit cu extracte naturale de plante pentru a sus\u021bine \u00een mod specific func\u021bia celular\u0103 s\u0103n\u0103toas\u0103. Lua\u021bi 2 capsule la micul dejun \u0219i 2 capsule la cin\u0103.<\/p>\n<p>[\/et_pb_text][et_pb_shop type=&#8221;product_category&#8221; include_categories=&#8221;1945&#8243; columns_number=&#8221;4&#8243; _builder_version=&#8221;4.16&#8243; title_font_size=&#8221;22px&#8221; price_font_size=&#8221;14px&#8221; min_height=&#8221;504px&#8221; custom_margin=&#8221;||||false|false&#8221; custom_padding=&#8221;25px||0px||false|false&#8221; title_font_size_last_edited=&#8221;off|desktop&#8221; pac_drh_column_numbers_tablet=&#8221;pac_drh_tab_col_three&#8221; pac_drh_column_numbers_phone=&#8221;pac_drh_ph_col_three&#8221; locked=&#8221;off&#8221; global_colors_info=&#8221;{}&#8221;][\/et_pb_shop][\/et_pb_column][\/et_pb_row][et_pb_row module_id=&#8221;abnehmen-stoffwechsel&#8221; _builder_version=&#8221;4.16&#8243; _module_preset=&#8221;default&#8221; custom_margin_tablet=&#8221;&#8221; custom_margin_phone=&#8221;&#8221; custom_margin_last_edited=&#8221;on|phone&#8221; custom_padding=&#8221;0px||0px||false|false&#8221; global_colors_info=&#8221;{}&#8221;][et_pb_column type=&#8221;4_4&#8243; _builder_version=&#8221;4.16&#8243; _module_preset=&#8221;default&#8221; global_colors_info=&#8221;{}&#8221;][et_pb_text _builder_version=&#8221;4.16&#8243; _module_preset=&#8221;default&#8221; custom_margin=&#8221;||7px|||&#8221; header_font_size_phone=&#8221;42px&#8221; header_font_size_last_edited=&#8221;off|phone&#8221; header_2_font_size_tablet=&#8221;&#8221; header_2_font_size_phone=&#8221;34px&#8221; header_2_font_size_last_edited=&#8221;on|phone&#8221; global_colors_info=&#8221;{}&#8221;]<\/p>\n<h2>Stimularea metabolismului cu uleiuri esen\u021biale<\/h2>\n<p>[\/et_pb_text][et_pb_text _builder_version=&#8221;4.16&#8243; _module_preset=&#8221;default&#8221; global_colors_info=&#8221;{}&#8221;]<\/p>\n<p>Prin administrarea amestecului de uleiuri doTERRA Smart &amp; Sassy, v\u0103 pute\u021bi activa metabolismul \u0219i v\u0103 pute\u021bi regla foamea \u00eentr-un mod complet natural. Amestecul de uleiuri esen\u021biale con\u021bine ulei de ment\u0103, care reduce pofta de m\u00e2ncare \u0219i ajut\u0103 digestia, \u00een timp ce uleiul de grapefruit \u0219i cel de l\u0103m\u00e2ie cur\u0103\u021b\u0103 \u0219i purific\u0103 organismul datorit\u0103 con\u021binutului ridicat de var. Uleiul de ghimbir \u0219i cel de scor\u021bi\u0219oar\u0103 ajut\u0103 la men\u021binerea unui metabolism func\u021bional \u0219i a unei digestii s\u0103n\u0103toase.<\/p>\n<p>Sfat: Be\u021bi 1 litru de ap\u0103 cu 8 pic\u0103turi din amestecul de ulei pe parcursul zilei sau lua\u021bi 3 x 1 capsul\u0103 de Slim &amp; Sassy Softgels.<\/p>\n<p>De asemenea, pute\u021bi masa \u00een zonele cu probleme, \u00een fiecare diminea\u021b\u0103 \u0219i sear\u0103, amestecul de uleiuri doTERRA Smart &amp; Sassy, \u00eempreun\u0103 cu ulei de grapefruit \u0219i ulei de cocos frac\u021bionat.<\/p>\n<p>[\/et_pb_text][et_pb_shop type=&#8221;product_category&#8221; include_categories=&#8221;1953,1946&#8243; columns_number=&#8221;4&#8243; orderby=&#8221;menu_order&#8221; _builder_version=&#8221;4.16&#8243; title_font_size=&#8221;22px&#8221; price_font_size=&#8221;14px&#8221; min_height=&#8221;504px&#8221; custom_margin=&#8221;||||false|false&#8221; custom_padding=&#8221;25px||0px||false|false&#8221; title_font_size_last_edited=&#8221;off|desktop&#8221; pac_drh_column_numbers_phone=&#8221;pac_drh_ph_col_two&#8221; locked=&#8221;off&#8221; global_colors_info=&#8221;{}&#8221;][\/et_pb_shop][\/et_pb_column][\/et_pb_row][et_pb_row module_id=&#8221;abnehmen-verdauung&#8221; _builder_version=&#8221;4.16&#8243; _module_preset=&#8221;default&#8221; custom_padding=&#8221;0px||0px||false|false&#8221; global_colors_info=&#8221;{}&#8221;][et_pb_column type=&#8221;4_4&#8243; _builder_version=&#8221;4.16&#8243; _module_preset=&#8221;default&#8221; global_colors_info=&#8221;{}&#8221;][et_pb_text _builder_version=&#8221;4.16&#8243; _module_preset=&#8221;default&#8221; custom_margin=&#8221;||7px|||&#8221; global_colors_info=&#8221;{}&#8221;]<\/p>\n<h2>Sus\u021bine\u021bi digestia cu uleiuri esen\u021biale<\/h2>\n<p>[\/et_pb_text][et_pb_text _builder_version=&#8221;4.16&#8243; _module_preset=&#8221;default&#8221; global_colors_info=&#8221;{}&#8221;]<\/p>\n<p>Pentru a v\u0103 atinge greutatea care v\u0103 face s\u0103 v\u0103 sim\u021bi\u021bi bine \u0219i pentru a v\u0103 sus\u021bine \u00een mod optim sistemul imunitar, este important s\u0103 ave\u021bi un intestin func\u021bional \u0219i o flor\u0103 intestinal\u0103 s\u0103n\u0103toas\u0103. Pentru c\u0103 s\u0103n\u0103tatea, dar \u0219i boala, vine din intestin.<\/p>\n<p>Amestecul de enzime doTERRA Terrazyme v\u0103 ofer\u0103 sprijinul ideal pentru intestinele dumneavoastr\u0103. Pentru aprovizionarea cu culturi de celule probiotice recomand\u0103m doTERRA PBAssist \u0219i amestecul de cur\u0103\u021bare intestinal\u0103 doTERRA GX Assist.<\/p>\n<p>Tulbur\u0103rile ocazionale de stomac \u0219i problemele cu sistemul digestiv sunt un caz pentru doTERRA ZenGest. Amestecul digestiv cu uleiuri esen\u021biale de ghimbir, ment\u0103, chimen, anason, coriandru, tarhon \u0219i fenicul v\u0103 va ajuta s\u0103 v\u0103 sim\u021bi\u021bi rapid u\u0219urat\u0103 \u0219i s\u0103 v\u0103 sim\u021bi\u021bi bine. Acesta poate fi ingerat sau aplicat pe abdomenul inferior.<\/p>\n<p>SUGESTIE: Lua\u021bi zilnic amestecurile de sus\u021binere a digestiei conform prospectului. Sau face\u021bi un program de detoxifiere \u0219i purificare Cleanse &amp; Restore de cel pu\u021bin dou\u0103 ori pe an.<\/p>\n<p>Produsele de sus\u021binere a digestiei \u00een detaliu:<\/p>\n<p><span style=\"text-decoration: underline;\">ZENGEST TerraZyme\u2122<\/span><br \/>Acest produs este un amestec special de enzime alimentare integrale active care sprijin\u0103 digestia \u0219i metabolismul s\u0103n\u0103tos al alimentelor s\u0103race \u00een enzime \u0219i prelucrate industrial. Lua\u021bi 1 capsul\u0103 cu fiecare mas\u0103.<\/p>\n<p><span style=\"text-decoration: underline;\">ZENGEST PB Assist\u2122+<\/span><br \/>Aceast\u0103 formul\u0103 de ap\u0103rare probiotic\u0103 este un amestec de fibre prebiotice \u0219i \u0219ase microorganisme probiotice care promoveaz\u0103 un echilibru pozitiv \u0219i cre\u0219terea bacteriilor benefice. Lua\u021bi 3 capsule la cin\u0103.<\/p>\n<p>Pentru copii: Pulberea probiotic\u0103 doTERRA PB Assist Jr este ideal\u0103 pentru sus\u021binerea dezvolt\u0103rii unei flore intestinale s\u0103n\u0103toase.<\/p>\n<p><span style=\"text-decoration: underline;\">ZENGEST GX Assist\u2122<\/span><br \/>Aceast\u0103 formul\u0103 de cur\u0103\u021bare gastrointestinal\u0103 este o combina\u021bie de uleiuri esen\u021biale \u0219i acid caprilic pentru a sus\u021bine un tract digestiv s\u0103n\u0103tos. Lua\u021bi 1 softgel la cin\u0103.<\/p>\n<p>[\/et_pb_text][et_pb_shop type=&#8221;product_category&#8221; include_categories=&#8221;1947&#8243; columns_number=&#8221;4&#8243; orderby=&#8221;menu_order&#8221; _builder_version=&#8221;4.16&#8243; title_font_size=&#8221;22px&#8221; price_font_size=&#8221;14px&#8221; min_height=&#8221;504px&#8221; custom_margin=&#8221;||||false|false&#8221; custom_padding=&#8221;25px||0px||false|false&#8221; title_font_size_last_edited=&#8221;off|desktop&#8221; pac_drh_column_numbers_phone=&#8221;pac_drh_ph_col_two&#8221; locked=&#8221;off&#8221; global_colors_info=&#8221;{}&#8221;][\/et_pb_shop][\/et_pb_column][\/et_pb_row][\/et_pb_section]<\/p>\n","protected":false},"excerpt":{"rendered":"<p>Pierde\u021bi \u00een greutate \u0219i detoxifia\u021bi cu uleiuri esen\u021bialeCine nu viseaz\u0103 s\u0103 sl\u0103beasc\u0103 u\u0219or \u0219i \u00eentr-un mod s\u0103n\u0103tos? Uleiurile esen\u021biale \u0219i suplimentele alimentare de la doTERRA v\u0103 pot ajuta pe drumul dumneavoastr\u0103.Prezentare general\u0103Program de detoxifiere || detoxifiere || aprovizionare cu nutrien\u021bi || metabolism || digestieSfat: Folosi\u021bi s\u0103geata din dreapta jos pentru a v\u0103 \u00eentoarce la \u00eenceput.Program [&hellip;]<\/p>\n","protected":false},"author":1,"featured_media":0,"parent":0,"menu_order":0,"comment_status":"closed","ping_status":"closed","template":"","meta":{"_et_pb_use_builder":"on","_et_pb_old_content":"","_et_gb_content_width":"","footnotes":""},"categories":[2061],"_links":{"self":[{"href":"https:\/\/www.magnolioworld.com\/green-ro\/wp-json\/wp\/v2\/pages\/2849"}],"collection":[{"href":"https:\/\/www.magnolioworld.com\/green-ro\/wp-json\/wp\/v2\/pages"}],"about":[{"href":"https:\/\/www.magnolioworld.com\/green-ro\/wp-json\/wp\/v2\/types\/page"}],"author":[{"embeddable":true,"href":"https:\/\/www.magnolioworld.com\/green-ro\/wp-json\/wp\/v2\/users\/1"}],"replies":[{"embeddable":true,"href":"https:\/\/www.magnolioworld.com\/green-ro\/wp-json\/wp\/v2\/comments?post=2849"}],"version-history":[{"count":1,"href":"https:\/\/www.magnolioworld.com\/green-ro\/wp-json\/wp\/v2\/pages\/2849\/revisions"}],"predecessor-version":[{"id":6394,"href":"https:\/\/www.magnolioworld.com\/green-ro\/wp-json\/wp\/v2\/pages\/2849\/revisions\/6394"}],"wp:attachment":[{"href":"https:\/\/www.magnolioworld.com\/green-ro\/wp-json\/wp\/v2\/media?parent=2849"}],"wp:term":[{"taxonomy":"category","embeddable":true,"href":"https:\/\/www.magnolioworld.com\/green-ro\/wp-json\/wp\/v2\/categories?post=2849"}],"curies":[{"name":"wp","href":"https:\/\/api.w.org\/{rel}","templated":true}]}}