{"id":19,"date":"2020-04-10T11:22:54","date_gmt":"2020-04-10T09:22:54","guid":{"rendered":"https:\/\/www.magnolio.shop\/bezahlmoeglichkeiten\/"},"modified":"2024-07-05T14:18:57","modified_gmt":"2024-07-05T12:18:57","slug":"metode-de-plata","status":"publish","type":"page","link":"https:\/\/www.magnolioworld.com\/green-ro\/metode-de-plata\/","title":{"rendered":"Men\u00fc | System | Zahlungsarten"},"content":{"rendered":"<p>[et_pb_section fb_built=&#8221;1&#8243; _builder_version=&#8221;4.16&#8243; global_colors_info=&#8221;{}&#8221;][et_pb_row _builder_version=&#8221;4.16&#8243; background_size=&#8221;initial&#8221; background_position=&#8221;top_left&#8221; background_repeat=&#8221;repeat&#8221; global_colors_info=&#8221;{}&#8221;][et_pb_column type=&#8221;4_4&#8243; _builder_version=&#8221;4.16&#8243; custom_padding=&#8221;|||&#8221; global_colors_info=&#8221;{}&#8221; custom_padding__hover=&#8221;|||&#8221;][et_pb_text _builder_version=&#8221;4.19.4&#8243; global_colors_info=&#8221;{}&#8221;]<\/p>\n<h1>Modalit\u0103\u021bi de plat\u0103<\/h1>\n<p>Oferim urm\u0103toarele metode de plat\u0103. Alege\u021bi pur \u0219i simplu metoda de plat\u0103 care vi se potrive\u0219te cel mai bine. Pre\u021burile men\u021bionate \u00een ofertele respective sunt pre\u021buri finale. Acestea includ toate componentele pre\u021bului, inclusiv toate taxele aplicabile, cum ar fi TVA. Numai \u00een cazul livr\u0103rilor transfrontaliere, este posibil ca dumneavoastr\u0103 s\u0103 ave\u021bi de pl\u0103tit taxe suplimentare (de exemplu, \u00een cazul unei achizi\u021bii intracomunitare) \u0219i\/sau impozite (de exemplu, taxe vamale) \u00een cazuri individuale, dar nu v\u00e2nz\u0103torului, ci autorit\u0103\u021bilor vamale sau fiscale competente. Costurile de livrare \u0219i de transport nu sunt incluse \u00een pre\u021bul de achizi\u021bie, acestea pot fi solicitate prin intermediul paginii &#8220;Costuri de expediere&#8221;, sunt afi\u0219ate separat \u00een timpul procesului de comand\u0103 \u0219i sunt suportate de dumneavoastr\u0103 \u00een plus.<\/p>\n<p><strong>Paypal<\/strong><br \/><strong>Card de credit<br \/>Debit direct<\/strong><br \/><strong>Transfer bancar<\/strong><strong><\/strong><\/p>\n<p>Livrare \u00een Rom\u00e2nia<\/p>\n<p>[\/et_pb_text][\/et_pb_column][\/et_pb_row][\/et_pb_section]<\/p>\n","protected":false},"excerpt":{"rendered":"<p>Modalit\u0103\u021bi de plat\u0103 Oferim urm\u0103toarele metode de plat\u0103. Alege\u021bi pur \u0219i simplu metoda de plat\u0103 care vi se potrive\u0219te cel mai bine. Pre\u021burile men\u021bionate \u00een ofertele respective sunt pre\u021buri finale. Acestea includ toate componentele pre\u021bului, inclusiv toate taxele aplicabile, cum ar fi TVA. Numai \u00een cazul livr\u0103rilor transfrontaliere, este posibil ca dumneavoastr\u0103 s\u0103 ave\u021bi de [&hellip;]<\/p>\n","protected":false},"author":1,"featured_media":0,"parent":0,"menu_order":0,"comment_status":"closed","ping_status":"closed","template":"","meta":{"_et_pb_use_builder":"on","_et_pb_old_content":"<p>[payment_methods_info]<\/p>","_et_gb_content_width":"","footnotes":""},"categories":[2008],"_links":{"self":[{"href":"https:\/\/www.magnolioworld.com\/green-ro\/wp-json\/wp\/v2\/pages\/19"}],"collection":[{"href":"https:\/\/www.magnolioworld.com\/green-ro\/wp-json\/wp\/v2\/pages"}],"about":[{"href":"https:\/\/www.magnolioworld.com\/green-ro\/wp-json\/wp\/v2\/types\/page"}],"author":[{"embeddable":true,"href":"https:\/\/www.magnolioworld.com\/green-ro\/wp-json\/wp\/v2\/users\/1"}],"replies":[{"embeddable":true,"href":"https:\/\/www.magnolioworld.com\/green-ro\/wp-json\/wp\/v2\/comments?post=19"}],"version-history":[{"count":1,"href":"https:\/\/www.magnolioworld.com\/green-ro\/wp-json\/wp\/v2\/pages\/19\/revisions"}],"predecessor-version":[{"id":6776,"href":"https:\/\/www.magnolioworld.com\/green-ro\/wp-json\/wp\/v2\/pages\/19\/revisions\/6776"}],"wp:attachment":[{"href":"https:\/\/www.magnolioworld.com\/green-ro\/wp-json\/wp\/v2\/media?parent=19"}],"wp:term":[{"taxonomy":"category","embeddable":true,"href":"https:\/\/www.magnolioworld.com\/green-ro\/wp-json\/wp\/v2\/categories?post=19"}],"curies":[{"name":"wp","href":"https:\/\/api.w.org\/{rel}","templated":true}]}}