{"id":18,"date":"2020-04-10T11:22:54","date_gmt":"2020-04-10T09:22:54","guid":{"rendered":"https:\/\/www.magnolio.shop\/versandarten\/"},"modified":"2024-03-13T12:44:13","modified_gmt":"2024-03-13T11:44:13","slug":"metode-de-expediere","status":"publish","type":"page","link":"https:\/\/www.magnolioworld.com\/green-ro\/metode-de-expediere\/","title":{"rendered":"Men\u00fc | System | Versandarten"},"content":{"rendered":"<p>[et_pb_section fb_built=&#8221;1&#8243; _builder_version=&#8221;4.16&#8243; global_colors_info=&#8221;{}&#8221;][et_pb_row _builder_version=&#8221;4.16&#8243; global_colors_info=&#8221;{}&#8221;][et_pb_column type=&#8221;4_4&#8243; _builder_version=&#8221;4.16&#8243; global_colors_info=&#8221;{}&#8221;][et_pb_text _builder_version=&#8221;4.24.0&#8243; hover_enabled=&#8221;0&#8243; global_colors_info=&#8221;{}&#8221; sticky_enabled=&#8221;0&#8243;]<\/p>\n<h1>Pre\u021buri, costuri de transport \u0219i informa\u021bii de livrare<\/h1>\n<p>Pre\u021burile indicate pe paginile produselor includ TVA \u0219i alte componente de pre\u021b.<\/p>\n<p><strong>Transport gratuit de la o achizi\u021bie de 75\u20ac.<\/strong><\/p>\n<p>Sub 75 \u20ac se percepe o tax\u0103 de 8,40 \u20ac.<\/p>\n<p>Costurile de transport v\u0103 vor fi comunicate \u00een mod clar \u00een sistemul co\u0219ului de cump\u0103r\u0103turi \u0219i pe pagina de comand\u0103.<\/p>\n<p>Nu exist\u0103 costuri de expediere pentru con\u021binutul digital (c\u0103r\u021bi electronice, software etc.).<\/p>\n<p>Taxa de expediere forfetar\u0103 include TVA-ul legal. Deoarece TVA-ul pentru taxa de expediere forfetar\u0103 este calculat \u00een func\u021bie de bunurile achizi\u021bionate, acesta poate fi redus \u00een cazul \u00een care bunurile sunt achizi\u021bionate la cote de TVA mai mici (de exemplu, la achizi\u021bionarea de c\u0103r\u021bi). Acest lucru \u00eenseamn\u0103 c\u0103 taxa de livrare poate fi finalizat\u0103 numai \u00een timpul procesului de comand\u0103. Cu toate acestea, ea nu poate deveni mai mare, ci doar mai mic\u0103 \u00een favoarea dumneavoastr\u0103.<\/p>\n<p>Livrare numai \u00een Rom\u00e2nia.<\/p>\n<p>[\/et_pb_text][\/et_pb_column][\/et_pb_row][\/et_pb_section]<\/p>\n","protected":false},"excerpt":{"rendered":"<p>Pre\u021buri, costuri de transport \u0219i informa\u021bii de livrare Pre\u021burile indicate pe paginile produselor includ TVA \u0219i alte componente de pre\u021b. Transport gratuit de la o achizi\u021bie de 75\u20ac. Sub 75 \u20ac se percepe o tax\u0103 de 8,40 \u20ac. Costurile de transport v\u0103 vor fi comunicate \u00een mod clar \u00een sistemul co\u0219ului de cump\u0103r\u0103turi \u0219i pe [&hellip;]<\/p>\n","protected":false},"author":1,"featured_media":0,"parent":0,"menu_order":0,"comment_status":"closed","ping_status":"closed","template":"","meta":{"_et_pb_use_builder":"on","_et_pb_old_content":"","_et_gb_content_width":"","footnotes":""},"categories":[2008],"_links":{"self":[{"href":"https:\/\/www.magnolioworld.com\/green-ro\/wp-json\/wp\/v2\/pages\/18"}],"collection":[{"href":"https:\/\/www.magnolioworld.com\/green-ro\/wp-json\/wp\/v2\/pages"}],"about":[{"href":"https:\/\/www.magnolioworld.com\/green-ro\/wp-json\/wp\/v2\/types\/page"}],"author":[{"embeddable":true,"href":"https:\/\/www.magnolioworld.com\/green-ro\/wp-json\/wp\/v2\/users\/1"}],"replies":[{"embeddable":true,"href":"https:\/\/www.magnolioworld.com\/green-ro\/wp-json\/wp\/v2\/comments?post=18"}],"version-history":[{"count":1,"href":"https:\/\/www.magnolioworld.com\/green-ro\/wp-json\/wp\/v2\/pages\/18\/revisions"}],"predecessor-version":[{"id":6475,"href":"https:\/\/www.magnolioworld.com\/green-ro\/wp-json\/wp\/v2\/pages\/18\/revisions\/6475"}],"wp:attachment":[{"href":"https:\/\/www.magnolioworld.com\/green-ro\/wp-json\/wp\/v2\/media?parent=18"}],"wp:term":[{"taxonomy":"category","embeddable":true,"href":"https:\/\/www.magnolioworld.com\/green-ro\/wp-json\/wp\/v2\/categories?post=18"}],"curies":[{"name":"wp","href":"https:\/\/api.w.org\/{rel}","templated":true}]}}