{"id":17,"date":"2020-04-10T11:22:54","date_gmt":"2020-04-10T09:22:54","guid":{"rendered":"https:\/\/www.magnolio.shop\/widerrufsbelehrung\/"},"modified":"2024-09-24T10:44:03","modified_gmt":"2024-09-24T08:44:03","slug":"politica-de-anulare","status":"publish","type":"page","link":"https:\/\/www.magnolioworld.com\/green-ro\/politica-de-anulare\/","title":{"rendered":"Men\u00fc | System | Widerrufsbelehrung"},"content":{"rendered":"<p>[et_pb_section fb_built=&#8221;1&#8243; _builder_version=&#8221;4.16&#8243; _module_preset=&#8221;default&#8221; global_colors_info=&#8221;{}&#8221;][et_pb_row _builder_version=&#8221;4.16&#8243; _module_preset=&#8221;255d8c99-c0a3-4a1c-8d1f-6f0cf521464e&#8221; global_colors_info=&#8221;{}&#8221;][et_pb_column type=&#8221;4_4&#8243; _builder_version=&#8221;4.16&#8243; _module_preset=&#8221;default&#8221; global_colors_info=&#8221;{}&#8221;][et_pb_text _builder_version=&#8221;4.24.0&#8243; _module_preset=&#8221;402a4c7e-e4fd-425e-9292-7bf41db38f4f&#8221; global_colors_info=&#8221;{}&#8221;]<\/p>\n<h1>Politica de anulare pentru consumatori<\/h1>\n<p>Politic\u0103 de anulare Un consumator este orice persoan\u0103 fizic\u0103 care \u00eencheie o tranzac\u021bie juridic\u0103 \u00een scopuri care nu \u021bin \u00een mod predominant de activitatea sa comercial\u0103, de afaceri sau de profesie.<\/p>\n<p>Dreptul de reziliere Ave\u021bi dreptul de a rezilia prezentul contract \u00een termen de paisprezece zile, f\u0103r\u0103 a da niciun motiv. Perioada de anulare este de paisprezece zile de la data la care dumneavoastr\u0103 sau o ter\u021b\u0103 parte desemnat\u0103 de dumneavoastr\u0103, care nu este transportatorul, a intrat \u00een posesia bunurilor. Pentru a v\u0103 exercita dreptul de anulare, trebuie s\u0103 ne trimite\u021bi<\/p>\n<p>Magnolio, Aspect Tower, Business Bay, Dubai, VAE<\/p>\n<p>E-mail: revocare (at) magnolioworld.com<\/p>\n<p>a deciziei dumneavoastr\u0103 de a v\u0103 retrage din prezentul contract printr-o declara\u021bie f\u0103r\u0103 echivoc (de exemplu, o scrisoare trimis\u0103 prin po\u0219t\u0103 sau prin e-mail). Pute\u021bi utiliza modelul de formular de anulare ata\u0219at, dar acest lucru nu este obligatoriu. Pentru a respecta termenul de anulare, este suficient s\u0103 trimite\u021bi notificarea privind exercitarea dreptului de anulare \u00eenainte de expirarea perioadei de anulare.<\/p>\n<p>Consecin\u021bele rezilierii \u00cen cazul \u00een care rezilia\u021bi prezentul contract, trebuie s\u0103 v\u0103 ramburs\u0103m toate pl\u0103\u021bile pe care le-am primit de la dumneavoastr\u0103, inclusiv costurile de livrare (cu excep\u021bia costurilor suplimentare care rezult\u0103 din faptul c\u0103 a\u021bi ales un alt tip de livrare dec\u00e2t cea mai ieftin\u0103 livrare standard oferit\u0103 de noi), imediat \u0219i cel t\u00e2rziu \u00een termen de paisprezece zile de la data la care primim notificarea de reziliere a prezentului contract. Pentru aceast\u0103 rambursare, vom folosi acelea\u0219i mijloace de plat\u0103 pe care le-a\u021bi folosit pentru tranzac\u021bia ini\u021bial\u0103, cu excep\u021bia cazului \u00een care s-a convenit \u00een mod expres altfel cu dumneavoastr\u0103; \u00een niciun caz nu vi se va percepe vreun comision pentru aceast\u0103 rambursare. Putem refuza s\u0103 v\u0103 ramburs\u0103m p\u00e2n\u0103 c\u00e2nd nu primim \u00eenapoi bunurile sau p\u00e2n\u0103 c\u00e2nd nu ne furniza\u021bi dovada c\u0103 a\u021bi returnat bunurile, \u00een func\u021bie de care dintre acestea este mai devreme. Trebuie s\u0103 ne returna\u021bi sau s\u0103 ne preda\u021bi bunurile imediat \u0219i, \u00een orice caz, \u00een termen de cel mult paisprezece zile de la data la care ne informa\u021bi cu privire la rezilierea prezentului contract. Termenul este respectat dac\u0103 expedia\u021bi bunurile \u00eenainte de expirarea perioadei de paisprezece zile.<\/p>\n<p>Dumneavoastr\u0103 suporta\u021bi costurile directe de returnare a bunurilor.<\/p>\n<p>Trebuie s\u0103 pl\u0103ti\u021bi pentru orice pierdere de valoare a bunurilor numai dac\u0103 aceast\u0103 pierdere de valoare se datoreaz\u0103 unei manipul\u0103ri a bunurilor care nu este necesar\u0103 pentru verificarea st\u0103rii, propriet\u0103\u021bilor \u0219i func\u021bionalit\u0103\u021bii acestora. Ruperea sigiliilor sau a dispozitivelor de \u00eenchidere duce \u00een mod regulat la o pierdere de valoare, care v\u0103 va fi imputat\u0103.<\/p>\n<p>Excluderea sau expirarea prematur\u0103 a dreptului de anulare Dreptul de anulare nu exist\u0103.<\/p>\n<ul>\n<li>pentru contractele de livrare de bunuri care nu sunt prefabricate \u0219i pentru a c\u0103ror fabricare este decisiv\u0103 o selec\u021bie sau o determinare individual\u0103 din partea consumatorului sau care sunt \u00een mod clar adaptate la nevoile personale ale acestuia;<\/li>\n<li>pentru livrarea de bunuri care se pot deteriora rapid sau a c\u0103ror dat\u0103 de expirare ar fi dep\u0103\u0219it\u0103 rapid;<\/li>\n<li>pentru livrarea de b\u0103uturi alcoolice al c\u0103ror pre\u021b a fost convenit la \u00eencheierea contractului, dar care nu poate fi livrat mai devreme de 30 de zile de la \u00eencheierea contractului \u0219i a c\u0103ror valoare curent\u0103 depinde de fluctua\u021biile pie\u021bei asupra c\u0103rora \u00eentreprinz\u0103torul nu are nicio influen\u021b\u0103;<\/li>\n<li>pentru livrarea de ziare, periodice sau reviste, cu excep\u021bia contractelor de abonament.<\/li>\n<\/ul>\n<p>Dreptul de reziliere expir\u0103 \u00eenainte de termen pentru contractele<\/p>\n<ul>\n<li>pentru livrarea de bunuri sigilate care nu pot fi returnate din motive de protec\u021bie a s\u0103n\u0103t\u0103\u021bii sau de igien\u0103, \u00een cazul \u00een care sigiliul acestora a fost \u00eendep\u0103rtat dup\u0103 livrare;<\/li>\n<li>pentru livrarea de bunuri \u00een cazul \u00een care acestea au fost amestecate \u00een mod inseparabil cu alte bunuri dup\u0103 livrare, datorit\u0103 naturii lor;<\/li>\n<li>pentru livrarea de \u00eenregistr\u0103ri audio sau video sau de programe informatice \u00eentr-un ambalaj sigilat, \u00een cazul \u00een care sigiliul a fost \u00eendep\u0103rtat dup\u0103 livrare.<\/li>\n<\/ul>\n<p>(Statutul dreptului de anulare: 01.03.2020)<\/p>\n<p><em>Model de formular de anulare<\/em><br \/>(Dac\u0103 dori\u021bi s\u0103 anula\u021bi contractul, v\u0103 rug\u0103m s\u0103 completa\u021bi \u0219i s\u0103 returna\u021bi acest formular).<br \/>&#8211; Pentru [insera\u021bi: Numele\/societatea, adresa, adresa de e-mail \u0219i, dac\u0103 este disponibil, num\u0103rul de fax]:<br \/>&#8211; Prin prezenta, eu\/noi (*) reziliez\/reziliem contractul \u00eencheiat de mine\/noi (*) pentru achizi\u021bionarea urm\u0103toarelor bunuri (*)\/prestarea urm\u0103torului serviciu (*)<br \/>&#8211; Comandat la (*)\/primit la (*)<br \/>&#8211; Numele consumatorului (consumatorilor)<br \/>&#8211; Adresa consumatorului (consumatorilor)<br \/>&#8211; Semn\u0103tura consumatorului (consumatorilor) (numai pentru notificarea pe suport de h\u00e2rtie)<br \/>&#8211; data<br \/>&#8212;&#8212;&#8212;&#8212;&#8212;&#8212;&#8212;&#8212;&#8212;&#8212;&#8212;&#8212;&#8212;<br \/>(*) A se \u0219terge, dup\u0103 caz.<\/p>\n<p>[\/et_pb_text][\/et_pb_column][\/et_pb_row][\/et_pb_section]<\/p>\n","protected":false},"excerpt":{"rendered":"<p>Politica de anulare pentru consumatori Politic\u0103 de anulare Un consumator este orice persoan\u0103 fizic\u0103 care \u00eencheie o tranzac\u021bie juridic\u0103 \u00een scopuri care nu \u021bin \u00een mod predominant de activitatea sa comercial\u0103, de afaceri sau de profesie. Dreptul de reziliere Ave\u021bi dreptul de a rezilia prezentul contract \u00een termen de paisprezece zile, f\u0103r\u0103 a da niciun [&hellip;]<\/p>\n","protected":false},"author":1,"featured_media":0,"parent":0,"menu_order":0,"comment_status":"closed","ping_status":"closed","template":"","meta":{"_et_pb_use_builder":"on","_et_pb_old_content":"","_et_gb_content_width":"","footnotes":""},"categories":[2008],"_links":{"self":[{"href":"https:\/\/www.magnolioworld.com\/green-ro\/wp-json\/wp\/v2\/pages\/17"}],"collection":[{"href":"https:\/\/www.magnolioworld.com\/green-ro\/wp-json\/wp\/v2\/pages"}],"about":[{"href":"https:\/\/www.magnolioworld.com\/green-ro\/wp-json\/wp\/v2\/types\/page"}],"author":[{"embeddable":true,"href":"https:\/\/www.magnolioworld.com\/green-ro\/wp-json\/wp\/v2\/users\/1"}],"replies":[{"embeddable":true,"href":"https:\/\/www.magnolioworld.com\/green-ro\/wp-json\/wp\/v2\/comments?post=17"}],"version-history":[{"count":1,"href":"https:\/\/www.magnolioworld.com\/green-ro\/wp-json\/wp\/v2\/pages\/17\/revisions"}],"predecessor-version":[{"id":6795,"href":"https:\/\/www.magnolioworld.com\/green-ro\/wp-json\/wp\/v2\/pages\/17\/revisions\/6795"}],"wp:attachment":[{"href":"https:\/\/www.magnolioworld.com\/green-ro\/wp-json\/wp\/v2\/media?parent=17"}],"wp:term":[{"taxonomy":"category","embeddable":true,"href":"https:\/\/www.magnolioworld.com\/green-ro\/wp-json\/wp\/v2\/categories?post=17"}],"curies":[{"name":"wp","href":"https:\/\/api.w.org\/{rel}","templated":true}]}}