{"id":16,"date":"2020-04-10T11:22:54","date_gmt":"2020-04-10T09:22:54","guid":{"rendered":"https:\/\/www.magnolio.shop\/agb\/"},"modified":"2024-09-24T10:39:37","modified_gmt":"2024-09-24T08:39:37","slug":"agb","status":"publish","type":"page","link":"https:\/\/www.magnolioworld.com\/green-ro\/agb\/","title":{"rendered":"Men\u00fc | System | AGB"},"content":{"rendered":"<p>[et_pb_section fb_built=&#8221;1&#8243; _builder_version=&#8221;4.16&#8243; _module_preset=&#8221;default&#8221; global_colors_info=&#8221;{}&#8221;][et_pb_row _builder_version=&#8221;4.16&#8243; _module_preset=&#8221;5b3638cb-4a27-4d01-add0-1b3a8f82aa48&#8243; global_colors_info=&#8221;{}&#8221;][et_pb_column type=&#8221;4_4&#8243; _builder_version=&#8221;4.16&#8243; _module_preset=&#8221;default&#8221; global_colors_info=&#8221;{}&#8221;][et_pb_text _builder_version=&#8221;4.17.6&#8243; _module_preset=&#8221;96dc719d-51f5-4dad-93ea-9a452e6d11fe&#8221; global_colors_info=&#8221;{}&#8221;]<\/p>\n<h1>Termeni \u0219i condi\u021bii generale<\/h1>\n<p>1. domeniul de aplicare<br \/>2. oferte \u0219i descrieri de servicii<br \/>3. procesul de comand\u0103 \u0219i \u00eencheierea contractului<br \/>4. pre\u021buri \u0219i costuri de transport<br \/>5. livrarea, disponibilitatea bunurilor<br \/>6. modalit\u0103\u021bi de plat\u0103<br \/>7. rezerva de proprietate<br \/>8 Garan\u021bia pentru defecte materiale \u0219i garan\u021bie<br \/>9. r\u0103spundere<br \/>10. stocarea textului contractului<br \/>11. dispozi\u021bii finale<\/p>\n<p>1. domeniul de aplicare<br \/>1.1. Pentru rela\u021bia de afaceri dintre<\/p>\n<p>Magnolio<br \/>Aspect Tower, Business Bay<br \/>Dubai<br \/>AE<\/p>\n<p>(denumit \u00een continuare &#8220;V\u00e2nz\u0103torul&#8221;)<\/p>\n<p>\u0219i clientul (denumit \u00een continuare &#8220;clientul&#8221;), se aplic\u0103 exclusiv urm\u0103torii Termeni \u0219i condi\u021bii generale \u00een versiunea valabil\u0103 la momentul comenzii.<\/p>\n<p>1.2. Pute\u021bi contacta serviciul nostru de asisten\u021b\u0103 pentru clien\u021bi \u00een zilele lucr\u0103toare pentru \u00eentreb\u0103ri, pl\u00e2ngeri \u0219i reclama\u021bii:<\/p>\n<p>De luni p\u00e2n\u0103 vineri: de la 10:00 am la 5:00 pm<\/p>\n<p>E-mail: agb (at) magnolioworld.com<\/p>\n<p>1.3. Un consumator, \u00een sensul prezentelor CGV, este orice persoan\u0103 fizic\u0103 care \u00eencheie o tranzac\u021bie juridic\u0103 \u00eentr-un scop care nu poate fi atribuit \u00een principal activit\u0103\u021bii sale comerciale sau profesionale independente.<\/p>\n<p>1.4. Termenii \u0219i condi\u021biile divergente ale clientului nu sunt recunoscute dec\u00e2t dac\u0103 v\u00e2nz\u0103torul este de acord \u00een mod expres cu valabilitatea acestora.<\/p>\n<p>2. oferte \u0219i descrieri de servicii<br \/>Prezentarea produselor \u00een magazinul online nu constituie o ofert\u0103 obligatorie din punct de vedere juridic, ci doar o invita\u021bie de a plasa o comand\u0103. Descrierile serviciilor din cataloage \u0219i de pe site-urile web ale v\u00e2nz\u0103torului nu au caracter de asigurare sau garan\u021bie.<br \/>Toate ofertele sunt valabile &#8220;\u00een limita stocului disponibil&#8221;, cu excep\u021bia cazului \u00een care se specific\u0103 altfel pe produse. Cu excep\u021bia erorilor \u00een toate celelalte privin\u021be.<\/p>\n<p>Procesul de comand\u0103 se desf\u0103\u0219oar\u0103 \u00een urm\u0103torii pa\u0219i:<\/p>\n<ol>\n<li>Selec\u021bia m\u0103rfurilor<\/li>\n<li>Confirmarea prin ap\u0103sarea butonului &#8220;Adaug\u0103 \u00een co\u0219ul de cump\u0103r\u0103turi&#8221;.<\/li>\n<li>Ad\u0103uga\u021bi alte m\u0103rfuri, dac\u0103 este necesar<\/li>\n<li>Verificarea co\u0219ului de cump\u0103r\u0103turi, \u0219tergerea articolelor sau modificarea cantit\u0103\u021bilor, dac\u0103 este necesar.<\/li>\n<li>Recalcula\u021bi co\u0219ul de cump\u0103r\u0103turi d\u00e2nd click pe butonul &#8220;Actualizare co\u0219 de cump\u0103r\u0103turi&#8221;.<\/li>\n<li>Face\u021bi clic pe butonul &#8220;Continua\u021bi s\u0103 pl\u0103ti\u021bi&#8221;.<\/li>\n<li>Conectarea la un cont de client existent \/ crearea unui nou cont de client pentru prima comand\u0103<\/li>\n<li>Verificarea datelor cu caracter personal, corectarea acestor date, dac\u0103 este necesar<\/li>\n<li>Verificarea corectitudinii \u0219i a cantit\u0103\u021bii m\u0103rfurilor comandate<\/li>\n<li>Definirea \u0219i verificarea metodei de plat\u0103<\/li>\n<li>Citi\u021bi, desc\u0103rca\u021bi \u0219i confirma\u021bi termenii \u0219i condi\u021biile generale, politica de confiden\u021bialitate \u0219i termenii de livrare.<\/li>\n<li>Comanda obligatorie f\u0103c\u00e2nd clic pe butonul &#8220;Cump\u0103r\u0103 acum&#8221;.<\/li>\n<\/ol>\n<p>3. procesul de comand\u0103 \u0219i \u00eencheierea contractului<br \/>3.1. Clientul poate selecta produse din gama v\u00e2nz\u0103torului f\u0103r\u0103 nicio obliga\u021bie \u0219i le poate aduna \u00eentr-un a\u0219a-numit co\u0219 de cump\u0103r\u0103turi folosind butonul &#8220;Adaug\u0103 \u00een co\u0219&#8221;. \u00cen cadrul co\u0219ului de cump\u0103r\u0103turi, selec\u021bia produselor poate fi modificat\u0103, de exemplu, poate fi \u0219tears\u0103. Suma de plat\u0103 poate fi recalculat\u0103 \u00een orice moment, f\u0103c\u00e2nd clic pe butonul &#8220;Actualizare co\u0219 de cump\u0103r\u0103turi&#8221;. Clientul poate introduce apoi detaliile contractului \u00een co\u0219ul de cump\u0103r\u0103turi.<\/p>\n<p>3.2. Clientul are nevoie de un cont de client pentru a putea plasa comenzi. Aceasta este creat\u0103 de el atunci c\u00e2nd face prima comand\u0103. Acesta se verific\u0103 folosind adresa de e-mail \u0219i num\u0103rul de telefon mobil, sub rezerva unor proceduri de identificare suplimentare. Toate c\u00e2mpurile marcate cu un asterisc trebuie completate \u00een mod corect \u0219i veridic. Informa\u021biile neadev\u0103rate pot avea un efect negativ nu numai asupra ramburs\u0103rilor, compensa\u021biilor \u0219i reclama\u021biilor. \u00cen timpul procesului de \u00eenregistrare a unui nou client, clientul prime\u0219te datele de conectare pentru utilizarea magazinului. Acestea \u00eei sunt destinate exclusiv lui \u0219i trebuie p\u0103strate \u00een siguran\u021b\u0103 \u0219i confiden\u021bialitate.<\/p>\n<p>3.2.a. Clientul se conecteaz\u0103 la magazin cu datele sale de conectare \u0219i verific\u0103 dac\u0103 datele sale sunt actualizate \u0219i complete. Dac\u0103 este necesar, acesta modific\u0103 sau completeaz\u0103 datele, dac\u0103 este necesar cu ajutorul serviciului de asisten\u021b\u0103 pentru clien\u021bi. Butonul &#8220;Continu\u0103 la checkout&#8221; duce clientul la o prezentare general\u0103 a tuturor datelor relevante din procesul de comand\u0103, pe care le poate verifica \u0219i modifica din nou.<\/p>\n<p>3.3. Prin ap\u0103sarea butonului &#8220;Cump\u0103r\u0103 acum&#8221;, clientul transmite o cerere obligatorie de cump\u0103rare a bunurilor din co\u0219ul de cump\u0103r\u0103turi. \u00cenainte de trimiterea comenzii, clientul poate modifica \u0219i vizualiza datele \u00een orice moment \u0219i poate folosi func\u021bia &#8220;\u00cenapoi&#8221; a browserului pentru a reveni la co\u0219ul de cump\u0103r\u0103turi sau pentru a anula complet procesul de comand\u0103.<\/p>\n<p>3.4. Apoi, v\u00e2nz\u0103torul trimite clientului o confirmare automat\u0103 de primire prin e-mail, \u00een care este men\u021bionat\u0103 din nou comanda clientului \u0219i pe care acesta o poate imprima cu ajutorul func\u021biei &#8220;Print&#8221; (confirmare de comand\u0103). Confirmarea automat\u0103 de primire documenteaz\u0103 doar faptul c\u0103 comanda clientului a fost primit\u0103 de c\u0103tre v\u00e2nz\u0103tor \u0219i nu constituie o acceptare a cererii. Contractul de v\u00e2nzare-cump\u0103rare este \u00eencheiat numai atunci c\u00e2nd v\u00e2nz\u0103torul a expediat sau a predat clientului produsul comandat \u00een termen de 3 zile lucr\u0103toare sau a confirmat expedierea c\u0103tre client \u00een termen de 3 zile lucr\u0103toare printr-un al doilea e-mail, o confirmare explicit\u0103 a comenzii sau trimiterea facturii.<\/p>\n<p>3.5. \u00cen cazul \u00een care v\u00e2nz\u0103torul permite plata \u00een avans, contractul se \u00eencheie numai atunci c\u00e2nd v\u00e2nz\u0103torul prime\u0219te plata. O rezervare a articolului pentru plata \u00een avans se face pentru cump\u0103r\u0103tor pentru o perioad\u0103 de maximum 5 zile calendaristice.<\/p>\n<p>3.6. Odat\u0103 cu prima comand\u0103 a clientului, clientul este de acord ca v\u00e2nz\u0103torul s\u0103 creeze un cont de client la doTERRA GH Ireland Limited (denumit\u0103 \u00een continuare &#8220;doTERRA&#8221;), cu sediul \u00een 32 Molesworth Street, Dublin 2, Irlanda, \u00een mod gratuit dup\u0103 finalizarea procesului de comand\u0103, folosind datele stocate ale clientului \u0219i \u00eel va gestiona pentru client \u00een viitor p\u00e2n\u0103 la revocare. \u00cen acest sens, clientul confirm\u0103 prin prezenta Termenii \u0219i condi\u021biile generale ale doTERRA<a href=\"https:\/\/media.doterra.com\/de\/de\/forms\/wc-agreement.pdf\" target=\"Vorteilskunden Bestimmungen\" rel=\"noopener noreferrer\">(https:\/\/media.doterra.com\/de\/de\/forms\/wc-agreement.pdf)<\/a> cu toate componentele acestora \u00een \u00eentregime. Cu toate acestea, v\u00e2nz\u0103torul nu are nicio obliga\u021bie fa\u021b\u0103 de client s\u0103 creeze \u0219i s\u0103 men\u021bin\u0103 un cont de client cu doTERRA.<\/p>\n<p>\u00cen cazul \u00een care clientul are deja un cont de client la doTERRA, acesta trebuie s\u0103 informeze imediat v\u00e2nz\u0103torul \u00een momentul plas\u0103rii comenzii \u0219i s\u0103 clarifice posibilitatea de a plasa o comand\u0103 \u00een magazinul v\u00e2nz\u0103torului; p\u00e2n\u0103 la clarificarea final\u0103, v\u00e2nz\u0103torul are dreptul de a refuza comanda. \u00cen cazul \u00een care cump\u0103r\u0103torul furnizeaz\u0103 informa\u021bii false cu privire la orice cont de client existent la doTERRA, \u00een special dac\u0103 ascunde un astfel de cont, v\u00e2nz\u0103torul poate solicita clientului o penalitate contractual\u0103 de 500,00 EUR. V\u00e2nz\u0103torul are libertatea de a dovedi orice alte daune concrete \u0219i de a le solicita clientului. Clientul are libertatea de a dovedi c\u0103 nu este vinovat.<\/p>\n<p>Clientul poate revoca administrarea contului s\u0103u de client la doTERRA \u00een scris, \u00een orice moment, cu o perioad\u0103 de preaviz de patru s\u0103pt\u0103m\u00e2ni. La sf\u00e2r\u0219itul acestei perioade, v\u00e2nz\u0103torul va preda toate datele de acces la magazinul doTERRA \u0219i le va \u0219terge din sistemul s\u0103u, cu excep\u021bia cazului \u00een care exist\u0103 motive importante pentru a nu face acest lucru. Sunt excluse preten\u021biile reciproce de orice fel care decurg din gestionarea contului clientului. Odat\u0103 ce anularea devine efectiv\u0103, clientul nu mai poate plasa comenzi \u00een magazinul v\u00e2nz\u0103torului.<\/p>\n<p>V\u00e2nz\u0103torul este autorizat de c\u0103tre client s\u0103 utilizeze contul de client doTERRA pentru a executa comenzi pentru client \u0219i, dac\u0103 este cazul, pentru sau c\u0103tre ter\u021be p\u0103r\u021bi. V\u00e2nz\u0103torul poate \u00eendeplini \u00een mod expres comenzile clien\u021bilor din stocul propriu de m\u0103rfuri. V\u00e2nz\u0103torul este singurul care are dreptul de a alege.<\/p>\n<p>4. pre\u021buri \u0219i costuri de transport<br \/>4.1. Toate pre\u021burile indicate pe site-ul web al v\u00e2nz\u0103torului includ taxa pe valoarea ad\u0103ugat\u0103 legal\u0103 aplicabil\u0103.<\/p>\n<p>4.2. \u00cen plus fa\u021b\u0103 de pre\u021burile indicate, v\u00e2nz\u0103torul percepe costuri de transport pentru livrare. Costurile de transport sunt comunicate \u00een mod clar cump\u0103r\u0103torului pe o pagin\u0103 de informa\u021bii separat\u0103 \u0219i \u00een timpul procesului de comand\u0103.<\/p>\n<p>5. livrarea, disponibilitatea bunurilor<br \/>5.1. \u00cen cazul \u00een care s-a convenit asupra pl\u0103\u021bii \u00een avans, livrarea se va face dup\u0103 primirea sumei din factur\u0103.<\/p>\n<p>5.2. \u00cen cazul \u00een care livrarea bunurilor nu reu\u0219e\u0219te din motive imputabile clientului, v\u00e2nz\u0103torul poate rezilia contractul. \u00cen cazul \u00een care livrarea nu reu\u0219e\u0219te, compania de colete care efectueaz\u0103 livrarea este autorizat\u0103 s\u0103 depun\u0103 bunurile la cel mai apropiat depozit de colete pentru a le colecta sau s\u0103 \u00eencerce din nou livrarea. \u00cen cazul \u00een care bunurile nu pot fi predate clientului, v\u00e2nz\u0103torul poate pretinde cump\u0103r\u0103torului plata cheltuielilor de transport. Toate pl\u0103\u021bile efectuate pentru articolele comandate vor fi rambursate imediat clientului de c\u0103tre v\u00e2nz\u0103tor.<\/p>\n<p>5.3. \u00cen cazul \u00een care produsul comandat nu este disponibil de la v\u00e2nz\u0103tor, deoarece v\u00e2nz\u0103torul nu a fost aprovizionat de c\u0103tre furnizorul s\u0103u, f\u0103r\u0103 a avea vreo vin\u0103, v\u00e2nz\u0103torul poate rezilia contractul. \u00cen acest caz, v\u00e2nz\u0103torul va informa imediat clientul \u0219i se va oferi s\u0103 furnizeze un produs comparabil. \u00cen cazul \u00een care nu este disponibil niciun produs comparabil sau dac\u0103 clientul refuz\u0103 livrarea unui produs comparabil sau nu face o declara\u021bie \u00een termen de cinci zile calendaristice de la primirea notific\u0103rii v\u00e2nz\u0103torului, v\u00e2nz\u0103torul ramburseaz\u0103 imediat clientului orice plat\u0103 deja efectuat\u0103.<\/p>\n<p>5.4. Clien\u021bii sunt informa\u021bi cu privire la termenele de livrare \u0219i la restric\u021biile de livrare (de exemplu, restric\u021bionarea livr\u0103rilor \u00een anumite \u021b\u0103ri) pe o pagin\u0103 de informa\u021bii separat\u0103 sau \u00een cadrul descrierii produsului respectiv.<\/p>\n<p>6. Modalit\u0103\u021bi de plat\u0103<br \/>6.1. Clientul poate alege dintre metodele de plat\u0103 disponibile \u00een timpul \u0219i \u00eenainte de finalizarea procesului de comand\u0103. Clien\u021bii sunt informa\u021bi cu privire la mijloacele de plat\u0103 disponibile pe o pagin\u0103 de informa\u021bii separat\u0103.<\/p>\n<p>6.2. \u00cen cazul \u00een care este posibil\u0103 plata prin factur\u0103, plata trebuie efectuat\u0103 \u00een termen de 30 de zile de la primirea bunurilor \u0219i a facturii. Pentru toate celelalte metode de plat\u0103, plata trebuie efectuat\u0103 \u00een avans, f\u0103r\u0103 nicio deducere.<\/p>\n<p>6.3. \u00cen cazul \u00een care furnizorii ter\u021bi sau furnizorii de servicii financiare sunt \u00eens\u0103rcina\u021bi s\u0103 proceseze pl\u0103\u021bile, de exemplu PayPal, termenii \u0219i condi\u021biile generale ale acestora se aplic\u0103 \u00een plus \u0219i, \u00een caz de \u00eendoial\u0103, au prioritate fa\u021b\u0103 de termenii \u0219i condi\u021biile v\u00e2nz\u0103torului \u00een ceea ce prive\u0219te procesarea pl\u0103\u021bilor.<\/p>\n<p>6.4. \u00cen cazul \u00een care data scaden\u021bei pl\u0103\u021bii este stabilit\u0103 conform calendarului, clientul este \u00een \u00eent\u00e2rziere de \u00eendat\u0103 ce termenul de plat\u0103 nu este respectat. \u00cen acest caz, clientul trebuie s\u0103 pl\u0103teasc\u0103 dob\u00e2nda legal\u0103 de \u00eent\u00e2rziere.<\/p>\n<p>6.5. Obliga\u021bia clientului de a pl\u0103ti dob\u00e2nzi de \u00eent\u00e2rziere nu exclude v\u00e2nz\u0103torul de a pretinde daune suplimentare cauzate de \u00eent\u00e2rziere.<\/p>\n<p>6.6. Clientul are dreptul de compensare numai dac\u0103 crean\u021bele sale reconven\u021bionale au fost stabilite sau recunoscute \u00een mod legal de c\u0103tre v\u00e2nz\u0103tor. Clientul poate exercita un drept de reten\u021bie numai dac\u0103 crean\u021bele rezult\u0103 din aceea\u0219i rela\u021bie contractual\u0103.<\/p>\n<p>7. rezerva de proprietate<br \/>Bunurile livrate r\u0103m\u00e2n \u00een proprietatea v\u00e2nz\u0103torului p\u00e2n\u0103 la plata integral\u0103.<\/p>\n<p>8 Garan\u021bia pentru defecte materiale \u0219i garan\u021bie<br \/>8.1. Garan\u021bia este reglementat\u0103 de dispozi\u021biile legale.<\/p>\n<p>8.2. Bunurile furnizate de v\u00e2nz\u0103tor sunt garantate numai dac\u0103 acest lucru a fost men\u021bionat \u00een mod expres. Clien\u021bii sunt informa\u021bi cu privire la condi\u021biile de garan\u021bie \u00eenainte de ini\u021bierea procesului de comand\u0103.<\/p>\n<p>9. r\u0103spundere<br \/>9.1. Urm\u0103toarele excluderi \u0219i limit\u0103ri ale r\u0103spunderii se aplic\u0103 r\u0103spunderii v\u00e2nz\u0103torului pentru daune, f\u0103r\u0103 a aduce atingere celorlalte cerin\u021be legale privind preten\u021biile.<\/p>\n<p>9.2. V\u00e2nz\u0103torul este r\u0103spunz\u0103tor f\u0103r\u0103 limitare \u00een m\u0103sura \u00een care cauza prejudiciului se bazeaz\u0103 pe inten\u021bie sau pe neglijen\u021b\u0103 grav\u0103.<\/p>\n<p>9.3. \u00cen caz contrar, v\u00e2nz\u0103torul este r\u0103spunz\u0103tor numai \u00een cazul \u00eenc\u0103lc\u0103rii obliga\u021biilor materiale. Acestea sunt doar obliga\u021biile a c\u0103ror \u00eenc\u0103lcare pune \u00een pericol realizarea scopului contractului, a c\u0103ror \u00eendeplinire este esen\u021bial\u0103 pentru executarea corespunz\u0103toare a contractului \u0219i pe a c\u0103ror respectare se bazeaz\u0103 \u00een mod regulat clientul. Cu toate acestea, \u00een aceste cazuri, v\u00e2nz\u0103torul este r\u0103spunz\u0103tor doar pentru daunele previzibile, tipice contractului. V\u00e2nz\u0103torul nu este r\u0103spunz\u0103tor pentru \u00eenc\u0103lcarea din neglijen\u021b\u0103 a altor obliga\u021bii dec\u00e2t cele specificate \u00een propozi\u021biile precedente.<\/p>\n<p>9.4. Limit\u0103rile de r\u0103spundere de mai sus nu se aplic\u0103 \u00een caz de v\u0103t\u0103mare a vie\u021bii, a integrit\u0103\u021bii corporale sau a s\u0103n\u0103t\u0103\u021bii, \u00een cazul unui defect ca urmare a asum\u0103rii unei garan\u021bii pentru calitatea produsului sau \u00een cazul unor defecte ascunse \u00een mod fraudulos. Orice r\u0103spundere \u00een temeiul Legii privind r\u0103spunderea pentru produse r\u0103m\u00e2ne neafectat\u0103.<\/p>\n<p>9.5. \u00cen m\u0103sura \u00een care r\u0103spunderea v\u00e2nz\u0103torului este exclus\u0103 sau limitat\u0103, acest lucru se aplic\u0103 \u0219i r\u0103spunderii personale a angaja\u021bilor, reprezentan\u021bilor \u0219i agen\u021bilor s\u0103i indirec\u021bi.<\/p>\n<p>10. stocarea textului contractului<br \/>10.1. Clientul poate imprima textul contractului \u00eenainte de a trimite comanda v\u00e2nz\u0103torului, utiliz\u00e2nd func\u021bia de imprimare a browserului s\u0103u \u00een ultima etap\u0103 a comenzii.<\/p>\n<p>10.2. De asemenea, v\u00e2nz\u0103torul trimite clientului o confirmare a comenzii cu toate datele comenzii la adresa de e-mail furnizat\u0103 de client. Odat\u0103 cu confirmarea comenzii, dar nu mai t\u00e2rziu de livrarea bunurilor, clientul prime\u0219te \u0219i o copie a Termenilor \u0219i condi\u021biilor generale, \u00eempreun\u0103 cu politica de anulare \u0219i informa\u021biile privind costurile de expediere \u0219i condi\u021biile de livrare \u0219i de plat\u0103. \u00cen cazul \u00een care clientul s-a \u00eenregistrat \u00een magazinul nostru, acesta poate vizualiza comenzile pe care le-a plasat \u00een zona profilului s\u0103u. \u00cen plus, stoc\u0103m textul contractului, dar nu \u00eel facem accesibil pe internet.<\/p>\n<p>11. dispozi\u021bii finale<br \/>11.1. Rela\u021biei contractuale \u0219i tuturor drepturilor \u0219i obliga\u021biilor care decurg din aceasta li se aplic\u0103 legisla\u021bia Republicii Federale Germania. Limba contractului este exclusiv germana.<\/p>\n<p>11.2. Locul de jurisdic\u021bie \u0219i locul de executare este sediul social al v\u00e2nz\u0103torului, \u00een cazul \u00een care clientul este un comerciant, o persoan\u0103 juridic\u0103 de drept public sau un fond special de drept public.<\/p>\n<p>11.3. Platforma Comisiei Europene pentru solu\u021bionarea online a litigiilor (OS) pentru consumatori: <a href=\"http:\/\/ec.europa.eu\/consumers\/odr\/\" target=\"_blank\" rel=\"noopener\">http:\/\/ec.europa.eu\/consumers\/odr\/<\/a>. V\u00e2nz\u0103torul nu este dispus \u0219i nu este obligat s\u0103 participe la o procedur\u0103 de solu\u021bionare a litigiilor \u00een fa\u021ba unei comisii de arbitraj pentru consumatori.<\/p>\n<p>11.4. \u00cen cazul \u00een care anumite prevederi ale contractului sunt invalide sau inaplicabile, restul con\u021binutului contractului nu va fi afectat. Dispozi\u021bia nul\u0103 sau inaplicabil\u0103 este \u00eenlocuit\u0103 cu o dispozi\u021bie valabil\u0103 \u0219i aplicabil\u0103 al c\u0103rei efect se apropie cel mai mult de obiectivul economic urm\u0103rit de p\u0103r\u021bile contractante prin dispozi\u021bia nul\u0103 sau inaplicabil\u0103. Nu au fost \u00eencheiate acorduri auxiliare la acest contract. Modific\u0103rile sau complet\u0103rile la contract pot fi f\u0103cute numai \u00een scris.<\/p>\n<p>[\/et_pb_text][\/et_pb_column][\/et_pb_row][\/et_pb_section]<\/p>\n","protected":false},"excerpt":{"rendered":"<p>Termeni \u0219i condi\u021bii generale 1. domeniul de aplicare2. oferte \u0219i descrieri de servicii3. procesul de comand\u0103 \u0219i \u00eencheierea contractului4. pre\u021buri \u0219i costuri de transport5. livrarea, disponibilitatea bunurilor6. modalit\u0103\u021bi de plat\u01037. rezerva de proprietate8 Garan\u021bia pentru defecte materiale \u0219i garan\u021bie9. r\u0103spundere10. stocarea textului contractului11. dispozi\u021bii finale 1. domeniul de aplicare1.1. Pentru rela\u021bia de afaceri dintre MagnolioAspect [&hellip;]<\/p>\n","protected":false},"author":1,"featured_media":0,"parent":0,"menu_order":0,"comment_status":"closed","ping_status":"closed","template":"","meta":{"_et_pb_use_builder":"on","_et_pb_old_content":"","_et_gb_content_width":"","footnotes":""},"categories":[2008],"_links":{"self":[{"href":"https:\/\/www.magnolioworld.com\/green-ro\/wp-json\/wp\/v2\/pages\/16"}],"collection":[{"href":"https:\/\/www.magnolioworld.com\/green-ro\/wp-json\/wp\/v2\/pages"}],"about":[{"href":"https:\/\/www.magnolioworld.com\/green-ro\/wp-json\/wp\/v2\/types\/page"}],"author":[{"embeddable":true,"href":"https:\/\/www.magnolioworld.com\/green-ro\/wp-json\/wp\/v2\/users\/1"}],"replies":[{"embeddable":true,"href":"https:\/\/www.magnolioworld.com\/green-ro\/wp-json\/wp\/v2\/comments?post=16"}],"version-history":[{"count":1,"href":"https:\/\/www.magnolioworld.com\/green-ro\/wp-json\/wp\/v2\/pages\/16\/revisions"}],"predecessor-version":[{"id":6794,"href":"https:\/\/www.magnolioworld.com\/green-ro\/wp-json\/wp\/v2\/pages\/16\/revisions\/6794"}],"wp:attachment":[{"href":"https:\/\/www.magnolioworld.com\/green-ro\/wp-json\/wp\/v2\/media?parent=16"}],"wp:term":[{"taxonomy":"category","embeddable":true,"href":"https:\/\/www.magnolioworld.com\/green-ro\/wp-json\/wp\/v2\/categories?post=16"}],"curies":[{"name":"wp","href":"https:\/\/api.w.org\/{rel}","templated":true}]}}