{"id":9757,"date":"2023-06-20T00:27:21","date_gmt":"2023-06-19T22:27:21","guid":{"rendered":"https:\/\/www.magnolio.ch\/?post_type=product&#038;p=9757"},"modified":"2023-11-27T18:34:49","modified_gmt":"2023-11-27T17:34:49","slug":"doterra-sun-lotion","status":"publish","type":"product","link":"https:\/\/www.magnolioworld.com\/green-ch\/doterra-sun-lotion\/","title":{"rendered":"doTERRA sun Lotion"},"content":{"rendered":"<p><strong>doTERRA sun Lotion<\/strong> &#8211;\u00a0 Here comes the sun &#8211; Unbeschwert den Sommer mit dieser neuen mineralischen doTERRA Sonnen-Serie geniessen<\/p>\n<p>Mit dieser rein mineralischen Sonnenpflege hat doTERRA einen Meilenstein des nat\u00fcrlichen und wirksamen Schutzes der Haut f\u00fcr einen unbeschwerten Aufenthalt in der Sonne geschaffen.<\/p>\n<p>Alle Sonnenprodukte enthalten hochwertige Inhaltsstoffe wie Nicht-Nano-Zinkoxid, Aloe Vera, Vitamin E und Himbeersamen.<\/p>\n<p>Zus\u00e4tzlich sind in allen Produkten der doTERRA Sun Linie wertvolle \u00e4therische \u00d6le in bew\u00e4hrter h\u00f6chster Qualit\u00e4t weitere Bestandteile. Darin enthalten sind die \u00e4therischen \u00d6le Red Mandarine, Lemongrass, Ylang Ylang, Helichrysum, Frankincense, Magnolia und Karottensamen.<\/p>\n<p>Dadurch wird die sonnengek\u00fcsste Haut optimal mit Feuchtigkeit und N\u00e4hrstoffen versorgt und beruhigt.<\/p>\n<p>Alle Sonnenprodukte haben einen LSF 30 und einen UVA\/UVB Breitbandfilter. Sie sind 80 Minuten wasserfest und beim Aufenthalt am Meer auch korallenfreundlich.<\/p>\n<p>Die doTERRA sun Lotion ist f\u00fcr die Anwendung f\u00fcr K\u00f6rper und Gesicht geeignet. Sie zieht schnell ein und hinterl\u00e4sst ein wunderbar gepflegtes und samtiges Gef\u00fchl auf der Haut.<\/p>\n<p>Um den optimalen Sonnen-Schutz zu erhalten, wird die komplette doTERRA Sun Serie empfohlen:<br \/>\n&#8211; doTERRA sun Lotion f\u00fcr Gesicht und K\u00f6rper<br \/>\n&#8211; doTERRA sun Stick f\u00fcr Gesicht und K\u00f6rper<br \/>\n&#8211; doTERRA sun Spray f\u00fcr K\u00f6rper<br \/>\n&#8211; doTERRA Aftersun Spray f\u00fcr K\u00f6rper<\/p>\n<p>Der Aufenthalt in der Sonne kann so wunderbar unbeschwert sein mit doTERRA sun.<\/p>\n<p><strong>Empfehlung<\/strong><br \/>\nUm die Haut optimal vor den sch\u00e4dlichen Strahlen der Sonne zu sch\u00fctzen, sollte die Lotion 15 Minuten vor dem Sonnenbaden gro\u00dfz\u00fcgig auf alle Stellen aufgetragen werden, die der Sonne ausgesetzt sind. Um den Schutz aufrechtzuerhalten, empfiehlt es sich, die Lotion mindestens alle 2 Stunden erneut aufzutragen. Dabei bitte darauf achten, dass Augen und Innenohren ausgespart werden.<\/p>\n<p><strong>Sichere Verwendung<\/strong><br \/>\nNur zur \u00e4u\u00dferlichen Anwendung geeignet. Kontakt mit Augen und sensiblen Stellen vermeiden. Nicht verwenden, wenn Reizungen oder R\u00f6tungen auftreten. Au\u00dferhalb der Reichweite von Kindern aufbewahren. Wenn du schwanger bist oder dich in medizinischer Behandlung befindest, hole bitte \u00e4rztlichen Rat ein.<\/p>\n","protected":false},"excerpt":{"rendered":"<h2 style=\"font-size: 28px;\">Sonnenschutz-Lotion f\u00fcr Gesicht und K\u00f6rper<\/h2>\n<p>doTERRA sun Lotion &#8211;\u00a0 Sch\u00fctzt und pflegt deinen K\u00f6rper auf rein mineralischer Basis vor sch\u00e4dlichen UV-Strahlen. Alle Sonnenprodukte enthalten hochwertige Inhaltsstoffe wie Nicht-Nano-Zinkoxid, Aloe Vera, Vitamin E und Himbeersamen. Zus\u00e4tzlich sind wertvolle \u00e4therische \u00d6le enthalten.<br \/>\nDie Lotion hat einen LSF von 30 und ist 80 Minuten wasserfest.<\/p>\n","protected":false},"featured_media":9762,"template":"","meta":{"_et_pb_use_builder":"","_et_pb_old_content":"","_et_gb_content_width":""},"product_cat":[15],"product_tag":[],"_links":{"self":[{"href":"https:\/\/www.magnolioworld.com\/green-ch\/wp-json\/wp\/v2\/product\/9757"}],"collection":[{"href":"https:\/\/www.magnolioworld.com\/green-ch\/wp-json\/wp\/v2\/product"}],"about":[{"href":"https:\/\/www.magnolioworld.com\/green-ch\/wp-json\/wp\/v2\/types\/product"}],"wp:featuredmedia":[{"embeddable":true,"href":"https:\/\/www.magnolioworld.com\/green-ch\/wp-json\/wp\/v2\/media\/9762"}],"wp:attachment":[{"href":"https:\/\/www.magnolioworld.com\/green-ch\/wp-json\/wp\/v2\/media?parent=9757"}],"wp:term":[{"taxonomy":"product_cat","embeddable":true,"href":"https:\/\/www.magnolioworld.com\/green-ch\/wp-json\/wp\/v2\/product_cat?post=9757"},{"taxonomy":"product_tag","embeddable":true,"href":"https:\/\/www.magnolioworld.com\/green-ch\/wp-json\/wp\/v2\/product_tag?post=9757"}],"curies":[{"name":"wp","href":"https:\/\/api.w.org\/{rel}","templated":true}]}}