{"id":9686,"date":"2023-06-13T13:53:55","date_gmt":"2023-06-13T11:53:55","guid":{"rendered":"https:\/\/www.magnolio.ch\/?post_type=product&#038;p=9686"},"modified":"2025-05-06T10:56:45","modified_gmt":"2025-05-06T08:56:45","slug":"doterra-metapwr-kit","status":"publish","type":"product","link":"https:\/\/www.magnolioworld.com\/green-ch\/doterra-metapwr-kit\/","title":{"rendered":"doTERRA MetaPWR Kit"},"content":{"rendered":"<p><strong>doTERRA MetaPWR Kit &#8211; <\/strong>Das Powerkomplett-Paket zur Unterst\u00fctzung eines optimalen Stoffwechsels, Gewichtsmanagement und Anti-Aging<strong><\/p>\n<p><\/strong><span style=\"text-decoration: underline;\">In diesem Kit sind alle Komponenten des kraftvollen MetaPWR Systems enthalten:<\/span><strong><\/p>\n<p><\/strong>1. doTERRA MetaPWR: MetaPWR System 1 &#8211; Die powervolle Stoffwechselmischung f\u00fcr die Unterst\u00fctzung eines optimalen Wohlf\u00fchlgewichtes<br \/>\n2. doTERRA MetaPWR Assist; doTERRA MetaPWR System 2 &#8211; Optimales Gewichtsmanagement, Unterst\u00fctzung ausgeglichener Blutzuckerspiegel f\u00fcr ein leichtes Lebensgef\u00fchl.<br \/>\n3. doTERRA MetaPWR Advantage &#8211; MetaPWR System 3 &#8211; Die Anti-Aging Mischung f\u00fcr jugendliche Vitalit\u00e4t und hohe Lebensqualit\u00e4t.<br \/>\n<strong><br \/>\n<\/strong>doTERRA hat mit dem neuen MetaPWR System eine powervolle und innovative Produktreihe f\u00fcr die Unterst\u00fctzung eines optimalen Stoffwechsels geschaffen. Denn je kraftvoller und leistungsf\u00e4higer der Stoffwechsel arbeitet, desto besser ist das Wohlbefinden von innen heraus.<\/p>\n<p>Zusammen mit hochwertiger Ern\u00e4hrung, t\u00e4glicher Bewegung, einem ausreichenden und erholsamen Schlaf sowie positivem n\u00e4hrenden Umfeld, kann das MetaPWR dich dabei unterst\u00fctzen, die maximalen Resultate f\u00fcr dein pers\u00f6nliches Wohlbefinden, ein optimales Wohlf\u00fchlgewicht und einem strahlenden jugendlichen Aussehen zu erlangen.<\/p>\n<p>MetaPWR steht f\u00fcr Meta wie Stoffwechsel und PWR (Personal Wellness Realised) oder auch Power. Der Name ist Programm.<\/p>\n<p>Mache den ersten Schritt mit dem doTERRA MetaPWR. In dieser Stoffwechselmischung wurden die wertvollen \u00e4therischen \u00d6le wie Grapefruit, Lemon, Peppermint, Ginger und Cinnamon Bark in einer kraftvollen Zusammensetzung neu komponiert.<br \/>\nDabei wirken diese \u00d6le Energie gebend und aktivierend auf den Stoffwechsel und die Verdauung.<\/p>\n<p>doTERRA MetaPWR kurbelt den Stoffwechsel an, unterst\u00fctzt die Verdauung, reduziert das Hungergef\u00fchl und f\u00f6rdert so Aktivit\u00e4t und Wohlbefinden sowie das optimale Wohlf\u00fchlgewicht.<\/p>\n<p>Es empfiehlt sich, die \u00d6lmischung morgens auf n\u00fcchternen Magen mit 2-3 Tropfen auf 240 ml lauwarmem Wasser einzunehmen. Bei Bedarf oder wenn der &#8216;kleine Hunger&#8217; kommt, kann es auch mehrfach \u00fcber den Tag verteilt getrunken werden.<\/p>\n<p>Ideal f\u00fcr unterwegs und bei Heisshunger ist die anwenderfreundliche Einnahme von MetaPWR Beadlets und MetaPWR Softgels.<\/p>\n<p>Um die optimalen Effekte f\u00fcr dein Wohlbefinden und Wellness zu erhalten, empfiehlt es sich, das komplette MetaPWR System zu verwenden, da alle Produkte ideal aufeinander abgestimmt sind. Hier als kosteng\u00fcnstiges doTERRA MetaPWR Kit.<\/p>\n<p><span style=\"text-decoration: underline;\">doTERRA MetaPWR System &#8211; Das Innovative Stoffwechsel und Anit-Aging-Konzept<br \/>\n<\/span><br \/>\n<strong>Schritt 1: MetaPWR &#8211;<\/strong> Die Mischung f\u00fcr einen kraftvollen Stoffwechsel und optimales Wohlf\u00fchlgewicht (In allen MetaPWR Produkten enthalten)<br \/>\n&#8211; MetaPWR Beadlets &#8211; Mischung als K\u00fcgelchen f\u00fcr unterwegs<br \/>\n&#8211; MetaPWR Softgels &#8211; Mischung als Softgels zur anwenderfreundlichen Einnahme<\/p>\n<p><strong>Schritt 2: MetaPWR Assist<\/strong> &#8211; Die Kapsel zur Unterst\u00fctzung einer optimalen Verdauung, Stoffwechsel und optimales Wohlf\u00fchlgewicht<\/p>\n<p><strong>Schritt 3: MetaPWR Advantage<\/strong> &#8211; Die Anti-Aging-Mischung f\u00fcr jugendliche Vitalit\u00e4t und hohe Lebensqualit\u00e4t<\/p>\n<p><strong>Wirkung MetaPWR System<\/strong><br \/>\n&#8211; Unterst\u00fctzung der Optimierung des Stoffwechsels<br \/>\n&#8211; Reduzierung Fettzellen<br \/>\n&#8211; Vermeidung von Heisshungerattacken<br \/>\n&#8211; Optimierung des Gewichtsmanagements und Unterst\u00fctzung zur Erlangung des Wohlf\u00fchlgewichtes<br \/>\n&#8211; Reduzierung von oxidativem Stress<br \/>\n&#8211; Verbesserung Ausdauer und Energie<br \/>\n&#8211; Erh\u00f6hung des Wohlbefindens<br \/>\n&#8211; F\u00f6rderung von erholsamen Schlaf<br \/>\n&#8211; Straffe und jugendliche Haut<br \/>\n&#8211; F\u00f6rderung geschmeidiger und elastischer Gelenke<br \/>\n&#8211; Verlangsamung Alterungsprozess<br \/>\n&#8211; Erh\u00f6hung Lebensqualit\u00e4t (Gerade im Alter)<\/p>\n<p>G\u00f6nne dir mit dem doTERRA MetaPWR Kit das kosteng\u00fcnstige Rundumpaket f\u00fcr ein optimales Wohlbefinden, ideales Gewicht und jugendlich frisches Aussehen.<\/p>\n<p><strong>Anwendungsempfehlung f\u00fcr das MetaPWR System<br \/>\n<\/strong>2-3 Tropfen des MetaPWR Blend morgens auf n\u00fcchternen Magen mit 240 ml lauwarmem Wasser einnehmen. Bei Bedarf und zur Vermeidung von Heisshungerattacken mehrmals am Tag. Ideal auch zur Unterst\u00fctzung vor dem Sport oder Workout.<br \/>\nOptional k\u00f6nnen zus\u00e4tzlich oder stattdessen auch MetaPWR Softgels genommen werden.<\/p>\n<p>Um eine optimale Wirkung deines Lifestyle zu unterst\u00fctzen, der auf gesteigerte Vitalit\u00e4t, bessere Ern\u00e4hrungsgewohnheiten und die Erhaltung des Wohlbefindens ausgerichtet ist, empfiehlt es sich das komplette MetaPWR System zu verwenden und auf eine ausgewogene Ern\u00e4hrung zu achten.<\/p>\n<ul>\n<li>Unterwegs k\u00f6nnen bei Heisshungerattacken die MetaPWR Beadlets mit bis zu 4 Beadlets\/Tag eingenommen werde<\/li>\n<li>Baue 1-3 MetaPWR Softgels in deine t\u00e4gliche Wellness-Routine ein.<\/li>\n<li>Nimm eine Kapsel MetaPWR Assist 15-30 Minuten vor der Hauptmahlzeit bzw. einer kohlehydratreichen Mahlzeit. Bis zu 3 x t\u00e4glich.<\/li>\n<li>Eine T\u00fcte MetaPWR Advantage kann in die t\u00e4gliche Anti-Aging-Routine eingebunden werden. Dazu einfach ein T\u00fctchen mit 150 &#8211; 240 ml Wasser mixen und trinken. Ideal morgens oder als Ersatz der Mahlzeit am Mittag.<\/li>\n<li>Optimal 2 Stunden nach der Hauptmahlzeit doTERRA Terrazyme einnehmen.<\/li>\n<\/ul>\n<p>\n<strong>Sichere<\/strong> <strong>Verwendung<\/strong><br \/>\nAu\u00dferhalb der Reichweite von Kindern aufbewahren. Achte darauf, die empfohlene t\u00e4gliche Dosis nicht zu \u00fcberschreiten. Bitte beachte, dass Nahrungserg\u00e4nzungen eine vollwertige und ausgeglichene Ern\u00e4hrung sowie einen gesunden Lebensstil nicht ersetzen k\u00f6nnen. Schwangere und Stillende sowie Menschen mit bekannten gesundheitlichen Schwierigkeiten vor der Einnahme \u00e4rztlichen Rat einholen. Aufbewahrung an einem k\u00fchlen, trockenen Ort. Dabei bitte das Mindesthaltbarkeitsdatum (siehe Flaschenboden) beachten. Beachte die Details bei den einzelnen MetaPWR Produkten.<\/p>\n","protected":false},"excerpt":{"rendered":"<h2 style=\"font-size: 28px;\">Das Power-Paket f\u00fcr Stoffwechsel, Gewichtsmanagement und Anti-Aging<\/h2>\n<p><strong>doTERRA MetaPWR Kit &#8211; <\/strong>Das Powerkomplett-Paket f\u00fcr optimalen Stoffwechsel, Gewichtsmanagement und Anti-Aging<strong>. <\/strong>In diesem Kit sind alle Komponenten des kraftvollen MetaPWR Systems enthalten: MetaPWR Blend, Beadlets und Softgels. MetaPWR Assist und MetaPWR Advantage. <br \/>\nG\u00f6nne dir mit dem doTERRA MetaPWR Kit das kosteng\u00fcnstige Rundumpaket f\u00fcr ein optimales Wohlbefinden, ideales Gewicht und jugendlich frisches Aussehen.<strong><br \/>\n<\/strong><\/p>\n","protected":false},"featured_media":9810,"template":"","meta":{"_et_pb_use_builder":"","_et_pb_old_content":"","_et_gb_content_width":""},"product_cat":[15,2112,1921,2092,1945,1946,1950,1952,1953,1961,1965,1972,1985,1989],"product_tag":[],"_links":{"self":[{"href":"https:\/\/www.magnolioworld.com\/green-ch\/wp-json\/wp\/v2\/product\/9686"}],"collection":[{"href":"https:\/\/www.magnolioworld.com\/green-ch\/wp-json\/wp\/v2\/product"}],"about":[{"href":"https:\/\/www.magnolioworld.com\/green-ch\/wp-json\/wp\/v2\/types\/product"}],"wp:featuredmedia":[{"embeddable":true,"href":"https:\/\/www.magnolioworld.com\/green-ch\/wp-json\/wp\/v2\/media\/9810"}],"wp:attachment":[{"href":"https:\/\/www.magnolioworld.com\/green-ch\/wp-json\/wp\/v2\/media?parent=9686"}],"wp:term":[{"taxonomy":"product_cat","embeddable":true,"href":"https:\/\/www.magnolioworld.com\/green-ch\/wp-json\/wp\/v2\/product_cat?post=9686"},{"taxonomy":"product_tag","embeddable":true,"href":"https:\/\/www.magnolioworld.com\/green-ch\/wp-json\/wp\/v2\/product_tag?post=9686"}],"curies":[{"name":"wp","href":"https:\/\/api.w.org\/{rel}","templated":true}]}}