{"id":9684,"date":"2023-06-13T13:51:34","date_gmt":"2023-06-13T11:51:34","guid":{"rendered":"https:\/\/www.magnolio.ch\/?post_type=product&#038;p=9684"},"modified":"2025-05-06T10:57:54","modified_gmt":"2025-05-06T08:57:54","slug":"doterra-athletes-care-kit","status":"publish","type":"product","link":"https:\/\/www.magnolioworld.com\/green-ch\/doterra-athletes-care-kit\/","title":{"rendered":"doTERRA Athletes Care Kit"},"content":{"rendered":"<p><strong>doTERRA Athletes Care Kit<\/strong> &#8211; Das Kit f\u00fcr den sportlichen Rundum-Schutz<\/p>\n<p>Das Kit wurde speziell f\u00fcr Sportler entwickelt und eignet sich perfekt zur Unterst\u00fctzung eines gesunden Lebensstils, vom Leistungssportler bis zum Gesundheitsbewussten. <\/p>\n<p>Es bietet auf ganz nat\u00fcrlichem Weg alles zur Leistungssteigerung und Bewahrung der Ausdauer, wie der Energiekomplex Mito2Max. Aber auch f\u00fcr die Motivation ist ein passendes \u00d6l mit dem erfrischenden und aufbauenden Zitronengras dabei. Die kleinen handlichen Pfefferminz-K\u00fcgelchen erfrischen, beleben die Sinne und k\u00fchlen zwischendurch. Zus\u00e4tzlich sorgen sie f\u00fcr freien und leichten Atem. Sie sind so handlich, dass sie auch beim Sport jederzeit dabei sein k\u00f6nnen. F\u00fcr die Unterst\u00fctzung des Bewegungsapparates sind die Deep Blue-Produkte vorbeugend, w\u00e4hrend und nach dem Sport ideal. F\u00fcr unterwegs ist der handliche Deep Blue-Roll-On optimal. Nach der k\u00f6rperlichen Anstrengung kann mit einer Aromatouch-Massage schnell Entspannung und Wohlbefinden hergestellt werden.<br \/>\nUnd bei kleineren Blessuren und Hautirritationen schafft die pflegende und hautregenerierende Corrext-X Salbe zuverl\u00e4ssig Abhilfe.<\/p>\n<p><span style=\"text-decoration: underline;\">Die im doTERRA Athletes Care Kit enthaltenen Produkte:<\/span><br \/>\n&#8211; Deep Blue Rub &#8211; 120 ml<br \/>\n&#8211; Deep Blue Rollon &#8211; 10 ml<br \/>\n&#8211; Aromatouch &#8211; 15 ml<br \/>\n&#8211; Lemongrass (Zitronengras) &#8211; 15 ml<br \/>\n&#8211; Peppermint Beadlets <br \/>\n&#8211; Correct-X Salbe<br \/>\n&#8211; Mito2Max Energie- und Ausdauerkomplex<\/p>\n<p>G\u00f6nne dir den perfekten Rundum-Schutz, um deine sportlichen Aktivit\u00e4ten mit Leichtigkeit, Erfolg und Freude unbeschwert geniessen zu k\u00f6nnen.<\/p>\n<p><strong>Empfehlung<\/strong><br \/>\nBeachte die Empfehlungen bei den einzelnen Produkten.<\/p>\n<p><strong>Sichere Anwendung<br \/>\n<\/strong>Beachte die Hinweise bei den einzelnen Produkten.<\/p>\n","protected":false},"excerpt":{"rendered":"<h2 style=\"font-size: 28px;\">Der Rundum-Schutz f\u00fcr alle Sportler<\/h2>\n<p>doTERRA Athletes Care Kit wurde speziell f\u00fcr Sportler entwickelt und eignet sich perfekt zur Unterst\u00fctzung eines gesunden Lebensstils, vom Leistungssportler bis zum Gesundheitsbewussten. Es enth\u00e4lt auf nat\u00fcrliche Art alles, was zur Leistungssteigerung, Motivation, Erhalt der Beweglichkeit und bei kleineren Blessuren ben\u00f6tigt wird. Als Belohnung nach sportlicher Aktivit\u00e4t kann mit einer Aromatouch-Massage mit den Deep Blue-Produkten und \u00e4therischen \u00d6len eine erholsame und regenerierende Wellness-Einheit zu Hause genossen werden.<\/p>\n","protected":false},"featured_media":9708,"template":"","meta":{"_et_pb_use_builder":"","_et_pb_old_content":"","_et_gb_content_width":""},"product_cat":[15,1921,39,54,1942],"product_tag":[],"_links":{"self":[{"href":"https:\/\/www.magnolioworld.com\/green-ch\/wp-json\/wp\/v2\/product\/9684"}],"collection":[{"href":"https:\/\/www.magnolioworld.com\/green-ch\/wp-json\/wp\/v2\/product"}],"about":[{"href":"https:\/\/www.magnolioworld.com\/green-ch\/wp-json\/wp\/v2\/types\/product"}],"wp:featuredmedia":[{"embeddable":true,"href":"https:\/\/www.magnolioworld.com\/green-ch\/wp-json\/wp\/v2\/media\/9708"}],"wp:attachment":[{"href":"https:\/\/www.magnolioworld.com\/green-ch\/wp-json\/wp\/v2\/media?parent=9684"}],"wp:term":[{"taxonomy":"product_cat","embeddable":true,"href":"https:\/\/www.magnolioworld.com\/green-ch\/wp-json\/wp\/v2\/product_cat?post=9684"},{"taxonomy":"product_tag","embeddable":true,"href":"https:\/\/www.magnolioworld.com\/green-ch\/wp-json\/wp\/v2\/product_tag?post=9684"}],"curies":[{"name":"wp","href":"https:\/\/api.w.org\/{rel}","templated":true}]}}