{"id":9683,"date":"2023-06-13T13:50:31","date_gmt":"2023-06-13T11:50:31","guid":{"rendered":"https:\/\/www.magnolio.ch\/?post_type=product&#038;p=9683"},"modified":"2024-05-18T01:03:50","modified_gmt":"2024-05-17T23:03:50","slug":"doterra-metapwr-assist","status":"publish","type":"product","link":"https:\/\/www.magnolioworld.com\/green-ch\/doterra-metapwr-assist\/","title":{"rendered":"doTERRA MetaPWR Assist"},"content":{"rendered":"<p><strong>doTERRA MetaPWR Assist &#8211; <\/strong>MetaPWR System 2 <strong>&#8211; <\/strong>Optimales Wohlf\u00fchlgewicht und Unterst\u00fctzung eines ausgeglichenen Blutzuckerspiegesl f\u00fcr ein leichtes Lebensgef\u00fchl.<\/p>\n<p>doTERRA hat mit dem neuen MetaPWR System eine kraftvolle und innovative Produktreihe f\u00fcr die Unterst\u00fctzung eines optimalen Stoffwechsels geschaffen. Denn je kraftvoller und leistungsf\u00e4higer der Stoffwechsel arbeitet, desto besser ist das Wohlbefinden von innen heraus.<\/p>\n<p>Zusammen mit hochwertiger Ern\u00e4hrung, t\u00e4glicher Bewegung, einem ausreichenden und erholsamen Schlaf sowie positivem n\u00e4hrenden Umfeld, kann das MetaPWR dich dabei unterst\u00fctzen, die maximalen Resultate f\u00fcr dein pers\u00f6nliches Wohlbefinden, ideales Wohlf\u00fchlgewicht und einem strahlenden jugendlichen Aussehen zu erlangen.<\/p>\n<p>MetaPWR steht f\u00fcr Meta wie Stoffwechsel und PWR (Personal Wellness Realised) bzw. Power. Der Name ist Programm.<\/p>\n<p>Mach den zweiten Schritt mit dem doTERRA MetaPWR Assist.<br \/>\nDiese Kapsel enth\u00e4lt einen Maulbeerblattextrakt, der vor allem f\u00fcr die Aufrechterhaltung des Glukosestoffwechsels sorgt. So wird dieser Extrakt in China gegen Diabetes I\/II und im Iran gegen Fettleibigkeit eingesetzt. Ausserdem ist die kraftvolle Stoffwechselmischung MetaPWR enthalten.<\/p>\n<p>doTERRA MetaPWR Assist ist vor allem f\u00fcr die Unterst\u00fctzung des Ausgleichs des Blutzuckerspiegels und die Vermeidung von Heisshungerattacken konzipiert, indem es die den Abbau des Zuckers im Darm verz\u00f6gert. Dadurch werden Blutzuckerspitzen vermieden, die nach kurzer Zeit wieder einen Heisshunger auf S\u00fcsses machen. <br \/>\nDieses Auf und Ab des Blutzuckers wird wirksam verhindert. So kann es auch zu Reduzierung der Fettzellen und Gewichtsabbau kommen sowie zu optimalem Wohlf\u00fchlgewicht verhelfen.<\/p>\n<p>Durch diese Optimierung des Gewichtsmanagements kann es mit doTERRA MetaPWR Assist zu einer Verlangsamung der Alterung, einer h\u00f6heren Vitalit\u00e4t und Energie und damit einem verbesserten Allgemeinbefinden und leichterem Lebensgef\u00fchl kommen.<\/p>\n<p>Als weiterer Bestandteil ist die \u00d6lmischung doTERRA MetaPWR enthalten. Dieser kurbelt den Stoffwechsel an, unterst\u00fctzt die Verdauung, reduziert das Hungergef\u00fchl und f\u00f6rdert so Aktivit\u00e4t und Wohlbefinden.<\/p>\n<p>Ideal ist, eine Kapsel 15- 30 Minuten vor der Hauptmahlzeit oder einer kohlehydratreichen Mahlzeit zu sich zu nehmen. Die maximale Menge liegt bei 3 Kapseln.<\/p>\n<p>Um die optimalen Effekte f\u00fcr dein Wohlbefinden und Wellness zu erhalten, empfiehlt es sich, das komplette MetaPWR System zu verwenden, da alle Einzelprodukte genau aufeinander abgestimmt sind.<\/p>\n<p><span style=\"text-decoration: underline;\">doTERRA MetaPWR System &#8211; Das Innovative Stoffwechsel und Anit-Aging-Konzept<\/span><\/p>\n<p><strong>Schriitt 1: MetaPWR<\/strong> &#8211; f\u00fcr einen kraftvollen Stoffwechsel und optimales Gewichtsmanagement<br \/>\n&#8211; MetaPWR Beadlets &#8211; K\u00fcgelchen f\u00fcr unterwegs<br \/>\n&#8211; MetaPWR Softgels &#8211; zur anwenderfreundlichen Einnahme<\/p>\n<p><strong>Schritt 2: doTERRA MetaPWR Assist<\/strong> &#8211; Die Kapsel f\u00fcr ein optimales Wohlf\u00fchlgewicht und ausgeglichenen Blutzuckerspiegel<\/p>\n<p><strong>Schritt 3: MetaPWR Advantage <\/strong>&#8211; Die Anti-Aging-Mischung f\u00fcr jugendliche Vitalit\u00e4t und hohe Lebensqualit\u00e4t<\/p>\n<p><span style=\"text-decoration: underline;\">Wirkung doTERRA MetaPWR System<\/span><\/p>\n<p>&#8211; Unterst\u00fctzung der Optimierung des Stoffwechsels<br \/>\n&#8211; Reduzierung von Fettzellen<br \/>\n&#8211; Vermeidung von Heisshungerattacken<br \/>\n&#8211; Optimierung des Gewichtsmanagements und Unterst\u00fctzung des idealen Wohlf\u00fchlgewichtes<br \/>\n&#8211; Reduzierung von oxidativem Stress<br \/>\n&#8211; Verbesserung Ausdauer und Energie<br \/>\n&#8211; Erh\u00f6hung des Wohlbefindens<br \/>\n&#8211; Straffe und jugendliche Haut<br \/>\n&#8211; Unterst\u00fctzung geschmeidiger und elastischer Gelenke<br \/>\n&#8211; F\u00f6rderung von erholsamen Schlaf<br \/>\n&#8211; Verlangsamung Alterungsprozess<br \/>\n&#8211; Erh\u00f6hung Lebensqualit\u00e4t (Gerade im Alter)<\/p>\n<p><strong>Anwendungsempfehlung f\u00fcr das MetaPWR System<br \/>\n<\/strong>2-3 Tropfen des MetaPWR Blend morgens auf n\u00fcchternen Magen mit 240 ml lauwarmem Wasser einnehmen. Bei Bedarf und zur Vermeidung von Heisshungerattacken mehrmals am Tag. Ideal auch zur Unterst\u00fctzung vor dem Sport oder Workout.<br \/>\nOptional k\u00f6nnen zus\u00e4tzlich oder stattdessen auch MetaPWR Softgels genommen werden.<\/p>\n<p>Um eine optimale Wirkung deines Lifestyle zu unterst\u00fctzen, der auf gesteigerte Vitalit\u00e4t, bessere Ern\u00e4hrungsgewohnheiten und die Erhaltung des Wohlbefindens ausgerichtet ist, empfiehlt es sich das komplette MetaPWR System zu verwenden und auf eine ausgewogene Ern\u00e4hrung zu achten.<\/p>\n<ul>\n<li>Unterwegs k\u00f6nnen bei Heisshungerattacken die MetaPWR Beadlets mit bis zu 4 Beadlets\/Tag eingenommen werde<\/li>\n<li>Baue 1-3 MetaPWR Softgels in ihre t\u00e4gliche Wellness-Routine ein.<\/li>\n<li>Nimm eine Kapsel MetaPWR Assist 15-30 Minuten vor der Hauptmahlzeit bzw. einer kohlehydratreichen Mahlzeit. Bis zu 3 x t\u00e4glich.<\/li>\n<li>Eine T\u00fcte MetaPWR Advantage kann in die t\u00e4gliche Anti-Aging-Routine eingebunden werden. Dazu einfach ein T\u00fctchen mit 150 &#8211; 240 ml Wasser mixen und trinken. Ideal morgens oder als Ersatz der Mahlzeit am Mittag.<\/li>\n<li>Optimal 2 Stunden nach der Hauptmahlzeit doTERRA Terrazyme einnehmen\n<\/li>\n<\/ul>\n<p><strong>Sichere Verwendung<\/strong><br \/>\nAu\u00dferhalb der Reichweite von Kindern aufbewahren. Achte darauf, die empfohlene t\u00e4gliche Dosis nicht zu \u00fcberschreiten. Bitte beachte, dass Nahrungserg\u00e4nzungen eine vollwertige und ausgeglichene Ern\u00e4hrung sowie einen gesunden Lebensstil nicht ersetzen k\u00f6nnen. Schwangere und Stillende sowie Menschen mit bekannten gesundheitlichen Schwierigkeiten vor der Einnahme \u00e4rztlichen Rat einholen. Aufbewahrung an einem k\u00fchlen, trockenen Ort. Dabei bitte das Mindesthaltbarkeitsdatum (siehe Flaschenboden) beachten.<\/p>\n","protected":false},"excerpt":{"rendered":"<h2 style=\"font-size: 28px;\">Kapseln f\u00fcr ideales Wohlf\u00fchlgewicht (MetaPWR System)<\/h2>\n<p><strong>doTERRA MetaPWR Assist<\/strong> <strong>&#8211; <\/strong>MetaPWR System 2 <strong>&#8211; <\/strong>Optimales Gewichtsmanagement und ausgeglichener Blutzuckerspiegel f\u00fcr ein leichtes Lebensgef\u00fchl, aktiven Stoffwechsel und mehr Kraft, Energie und Lebensfreude<\/p>\n","protected":false},"featured_media":9696,"template":"","meta":{"_et_pb_use_builder":"","_et_pb_old_content":"","_et_gb_content_width":""},"product_cat":[15,2112,52,44,36,41,43,47,2092,1943,1945,1946,1947,1948,1950,2002,1952,1965,1972],"product_tag":[581],"_links":{"self":[{"href":"https:\/\/www.magnolioworld.com\/green-ch\/wp-json\/wp\/v2\/product\/9683"}],"collection":[{"href":"https:\/\/www.magnolioworld.com\/green-ch\/wp-json\/wp\/v2\/product"}],"about":[{"href":"https:\/\/www.magnolioworld.com\/green-ch\/wp-json\/wp\/v2\/types\/product"}],"wp:featuredmedia":[{"embeddable":true,"href":"https:\/\/www.magnolioworld.com\/green-ch\/wp-json\/wp\/v2\/media\/9696"}],"wp:attachment":[{"href":"https:\/\/www.magnolioworld.com\/green-ch\/wp-json\/wp\/v2\/media?parent=9683"}],"wp:term":[{"taxonomy":"product_cat","embeddable":true,"href":"https:\/\/www.magnolioworld.com\/green-ch\/wp-json\/wp\/v2\/product_cat?post=9683"},{"taxonomy":"product_tag","embeddable":true,"href":"https:\/\/www.magnolioworld.com\/green-ch\/wp-json\/wp\/v2\/product_tag?post=9683"}],"curies":[{"name":"wp","href":"https:\/\/api.w.org\/{rel}","templated":true}]}}