{"id":9681,"date":"2023-06-13T13:46:45","date_gmt":"2023-06-13T11:46:45","guid":{"rendered":"https:\/\/www.magnolio.ch\/?post_type=product&#038;p=9681"},"modified":"2025-10-15T18:14:28","modified_gmt":"2025-10-15T16:14:28","slug":"doterra-a2z-chewable","status":"publish","type":"product","link":"https:\/\/www.magnolioworld.com\/green-ch\/doterra-a2z-chewable\/","title":{"rendered":"doTERRA A2Z Chewable"},"content":{"rendered":"<p><strong>doTERRA A2Z Chewable<\/strong> &#8211; Die leckere Vitaminbombe &#8211; Besonders f\u00fcr Kinder<\/p>\n<p>Mit dieser Kautablette hat doTERRA ein wohlschmeckendes Vitaminprodukt entwickelt, Sie ist vor allem f\u00fcr diejenigen geeignet, die Probleme beim Schlucken herk\u00f6mmlicher Kapseln haben. Insbesondere Kinder, aber auch empfindliche Erwachsenen<\/p>\n<p>In doTERRA A2Z Chewable ist eine Mischung aus A, C und E sowie den wichtigsten B-Vitaminen enthalten. Erg\u00e4nzt wird das Ganze durch hochwertige Pflanzenextrakte aus;<\/p>\n<div class=\"product-whats-inside__tab-wrap\">\n<div class=\"product-whats-inside__content\">\n<ul class=\"product-whats-inside__info-list custom-list\">\n<li class=\"product-whats-inside__info-list-item\">Granatapfelschalenextrakt<\/li>\n<li class=\"product-whats-inside__info-list-item\">Ananasfruchtpulver<\/li>\n<li class=\"product-whats-inside__info-list-item\">Traubenkernextrakt<\/li>\n<li class=\"product-whats-inside__info-list-item\">Ringelblumenextrakt<\/li>\n<li class=\"product-whats-inside__info-list-item\">Brokkolipulver<\/li>\n<\/ul>\n<\/div>\n<\/div>\n<p>\nDeine Kinder werden den wunderbaren Geschmack von Wassermelone lieben.<\/p>\n<p>Eine wunderbare Erg\u00e4nzung f\u00fcr das Wohlbefinden und optimaler Entwicklung deiner Kinder sind auch die weiteren Produkte speziell f\u00fcr Kinder.<br \/>\nDazu geh\u00f6ren IQ Mega (Omega3-Fetts\u00e4uren) und das probiotische PB Assist jr. f\u00fcr eine gesunde Darmflora. A2Z Chewable und IQ Mega gibt es auch als preisg\u00fcnstiges Set.<\/p>\n<p>F\u00fcr eine optimale Unterst\u00fctzung von K\u00f6rper, Geist und Herz wurde die Kids Collection speziell f\u00fcr die Anforderungen der Kleinen geschaffen.<\/p>\n<p><strong>Empfehlung<\/strong><br \/>\nKinder ab 4 Jahren: 2 Tabletten t\u00e4glich zu den Mahlzeiten einnehmen. Erwachsene k\u00f6nnen bis zu 3 Tabletten t\u00e4glich einnehmen. <\/p>\n<p><strong>Sichere Verwendung<\/strong><br \/>\nAu\u00dferhalb der Reichweite von Kindern aufbewahren. Achte darauf, die empfohlene t\u00e4gliche Dosis nicht zu \u00fcberschreiten. Bitte beachte, dass Nahrungserg\u00e4nzungen eine vollwertige und ausgeglichene Ern\u00e4hrung sowie einen gesunden Lebensstil nicht ersetzen k\u00f6nnen. Schwangere und Stillende sowie Menschen mit bekannten gesundheitlichen Schwierigkeiten vor der Einnahme \u00e4rztlichen Rat einholen. Aufbewahrung an einem k\u00fchlen, trockenen Ort. Dabei bitte das Mindesthaltbarkeitsdatum (siehe Flaschenboden) beachten.<\/p>\n","protected":false},"excerpt":{"rendered":"<h2 style=\"font-size: 28px;\">Wohlschmeckende Vitamin-Kautabletten<\/h2>\n<p>doTERRA A2Z Chewable\u00a0 &#8211; Mit dieser Kautablette hat doTERRA ein wohlschmeckendes Vitaminprodukt f\u00fcr all diejenigen entwickelt, die Probleme beim Schlucken herk\u00f6mmlicher Kapseln haben. Insbesondere Kinder, aber auch empfindliche Erwachsene. In ist eine Mischung aus A, C und E sowie den wichtigsten B-Vitaminen enthalten. Erg\u00e4nzt wird das Ganze durch hochwertige Pflanzenextrakte.<\/p>\n","protected":false},"featured_media":9699,"template":"","meta":{"_et_pb_use_builder":"","_et_pb_old_content":"","_et_gb_content_width":""},"product_cat":[15,52,1945,1972,2004,1989],"product_tag":[581],"_links":{"self":[{"href":"https:\/\/www.magnolioworld.com\/green-ch\/wp-json\/wp\/v2\/product\/9681"}],"collection":[{"href":"https:\/\/www.magnolioworld.com\/green-ch\/wp-json\/wp\/v2\/product"}],"about":[{"href":"https:\/\/www.magnolioworld.com\/green-ch\/wp-json\/wp\/v2\/types\/product"}],"wp:featuredmedia":[{"embeddable":true,"href":"https:\/\/www.magnolioworld.com\/green-ch\/wp-json\/wp\/v2\/media\/9699"}],"wp:attachment":[{"href":"https:\/\/www.magnolioworld.com\/green-ch\/wp-json\/wp\/v2\/media?parent=9681"}],"wp:term":[{"taxonomy":"product_cat","embeddable":true,"href":"https:\/\/www.magnolioworld.com\/green-ch\/wp-json\/wp\/v2\/product_cat?post=9681"},{"taxonomy":"product_tag","embeddable":true,"href":"https:\/\/www.magnolioworld.com\/green-ch\/wp-json\/wp\/v2\/product_tag?post=9681"}],"curies":[{"name":"wp","href":"https:\/\/api.w.org\/{rel}","templated":true}]}}