{"id":9680,"date":"2023-06-13T13:43:35","date_gmt":"2023-06-13T11:43:35","guid":{"rendered":"https:\/\/www.magnolio.ch\/?post_type=product&#038;p=9680"},"modified":"2024-09-19T21:37:44","modified_gmt":"2024-09-19T19:37:44","slug":"doterra-pb-assist-jr","status":"publish","type":"product","link":"https:\/\/www.magnolioworld.com\/green-ch\/doterra-pb-assist-jr\/","title":{"rendered":"doTERRA PB Assist Jr."},"content":{"rendered":"<p><strong>doTERRA PB Assist jr. &#8211;<\/strong> F\u00fcr den Aufbau und Erhaltung einer gesunden Darmflora und Immunsystems bei Kindern\u00a0 <\/p>\n<p>doTERRA PB Assist jr. enth\u00e4lt eine Rezeptur wertvoller pr\u00e4biotischer St\u00e4mme, die besonders wegen ihrer vorteilhaften Wirkung f\u00fcr Kinder ausgew\u00e4hlt wurden, <br \/>\nFolgende St\u00e4mme sind enthalten:<\/p>\n<div class=\"product-whats-inside__wrap\">\n<div class=\"product-whats-inside__wrap-item\">\n<div class=\"product-whats-inside__info\">\n<div class=\"product-whats-inside__tab-wrap\">\n<div class=\"product-whats-inside__content\">\n<ul class=\"product-whats-inside__info-list custom-list\">\n<li class=\"product-whats-inside__info-list-item\">Lactobacillus rhamnosus<\/li>\n<li class=\"product-whats-inside__info-list-item\">Lactobacillus salivarius<\/li>\n<li class=\"product-whats-inside__info-list-item\">Lactobacillus plantarum<\/li>\n<li class=\"product-whats-inside__info-list-item\">Bifidobacterium breve<\/li>\n<li class=\"product-whats-inside__info-list-item\">Bifidobacterium lactis<\/li>\n<\/ul>\n<\/div>\n<\/div>\n<\/div>\n<\/div>\n<\/div>\n<p>Es ist ein wohlschmeckendes und einfach anzuwendendes Produkt, das Kinder sehr gerne zu sich nehmen und sie wirkungsvoll in der t\u00e4glichen Ern\u00e4hrung unterst\u00fctzt. <\/p>\n<p>Eine wunderbare Erg\u00e4nzung f\u00fcr das Wohlbefinden und optimale Entwicklung ihrer Kinder sind auch weitere Produkte speziell f\u00fcr Kinder. <br \/>\nDazu geh\u00f6ren IQ Mega (Omega3-Fetts\u00e4uren) und A2Z Chewable.(Vitamin-Kautabletten). A2Z Chewable und IQ Mega gibt es auch als preisg\u00fcnstiges Set.<\/p>\n<p>F\u00fcr eine optimale Unterst\u00fctzung von K\u00f6rper, Geist und Herz wurde die Kids Collection speziell f\u00fcr die Anforderungen der Kleinen geschaffen.<strong><br \/>\n<\/strong><\/p>\n<p><strong>Empfehlung<\/strong><br \/>\nT\u00e4glich den Inhalt eines T\u00fctchens einnehmen. Inhalt des T\u00fctchens direkt in den Mund geben oder in etwa 118 ml Wasser, Saft oder dein Lieblingsgetr\u00e4nk einr\u00fchren und sofort trinken. Kann auch zusammen mit kalten Lebensmitteln wie Joghurt, Smoothies, Fr\u00fchst\u00fcckszerealien usw. eingenommen werden. <\/p>\n<p><strong>Sichere Verwendung<\/strong><br \/>\nAu\u00dferhalb der Reichweite von Kindern aufbewahren. Achte darauf, die empfohlene t\u00e4gliche Dosis nicht zu \u00fcberschreiten. Bitte beachte, dass Nahrungserg\u00e4nzungen eine vollwertige und ausgeglichene Ern\u00e4hrung sowie einen gesunden Lebensstil nicht ersetzen k\u00f6nnen. Schwangere und Stillende sowie Menschen mit bekannten gesundheitlichen Schwierigkeiten vor der Einnahme \u00e4rztlichen Rat einholen. Aufbewahrung an einem k\u00fchlen, trockenen Ort. Dabei bitte das Mindesthaltbarkeitsdatum (siehe Flaschenboden) beachten.<\/p>\n","protected":false},"excerpt":{"rendered":"<h2 style=\"font-size: 28px;\">Wohlschmeckendes Probiotika &#8211; Ideal f\u00fcr Kinder<\/h2>\n<p><strong>doTERRA PB Assist jr. &#8211;<\/strong> F\u00fcr den Aufbau und Erhaltung einer gesunden Darmflora und Immunsystems bei Kindern. Es enth\u00e4lt eine Rezeptur wertvoller pr\u00e4biotischer St\u00e4mme, die besonders wegen ihrer vorteilhaften Wirkung f\u00fcr Kinder ausgew\u00e4hlt wurden und so dein Kind optimal bei seiner t\u00e4glichen Ern\u00e4hrung unterst\u00fctzen.<\/p>\n","protected":false},"featured_media":9700,"template":"","meta":{"_et_pb_use_builder":"","_et_pb_old_content":"","_et_gb_content_width":""},"product_cat":[15,52,1943,1947,1972,2004,1989],"product_tag":[581],"_links":{"self":[{"href":"https:\/\/www.magnolioworld.com\/green-ch\/wp-json\/wp\/v2\/product\/9680"}],"collection":[{"href":"https:\/\/www.magnolioworld.com\/green-ch\/wp-json\/wp\/v2\/product"}],"about":[{"href":"https:\/\/www.magnolioworld.com\/green-ch\/wp-json\/wp\/v2\/types\/product"}],"wp:featuredmedia":[{"embeddable":true,"href":"https:\/\/www.magnolioworld.com\/green-ch\/wp-json\/wp\/v2\/media\/9700"}],"wp:attachment":[{"href":"https:\/\/www.magnolioworld.com\/green-ch\/wp-json\/wp\/v2\/media?parent=9680"}],"wp:term":[{"taxonomy":"product_cat","embeddable":true,"href":"https:\/\/www.magnolioworld.com\/green-ch\/wp-json\/wp\/v2\/product_cat?post=9680"},{"taxonomy":"product_tag","embeddable":true,"href":"https:\/\/www.magnolioworld.com\/green-ch\/wp-json\/wp\/v2\/product_tag?post=9680"}],"curies":[{"name":"wp","href":"https:\/\/api.w.org\/{rel}","templated":true}]}}