{"id":9679,"date":"2023-06-13T13:41:35","date_gmt":"2023-06-13T11:41:35","guid":{"rendered":"https:\/\/www.magnolio.ch\/?post_type=product&#038;p=9679"},"modified":"2026-03-11T11:44:59","modified_gmt":"2026-03-11T10:44:59","slug":"doterra-deep-blue-rub-proben","status":"publish","type":"product","link":"https:\/\/www.magnolioworld.com\/green-ch\/doterra-deep-blue-rub-proben\/","title":{"rendered":"doTERRA Deep Blue Rub Proben"},"content":{"rendered":"<p><strong>doTERRA Deep Blue Rub Proben &#8211;\u00a0<\/strong> Lindernde Mischung im 10er Probepack\u00a0 &#8211; Die Vorteile der lindernden Creme ideal zur Probe oder auf Reisen.<\/p>\n<p>Diese Creme bietet gerade nach k\u00f6rperlicher Beanspruchung bzw. in Vorbereitung f\u00fcr den Sport eine ideal Entspannung und Linderung f\u00fcr Muskel und Gelenke. <\/p>\n<p>Die Salbe ist die perfekte Mischung aus \u00e4therischen \u00d6len, wie Wintergreen, Peppermint, Blue Tansy, Blue Chamomile Egyptian, Helichrysum und Osmanthus. Sie l\u00e4sst sich leicht auftragen und zieht schnell ein. Dabei hat sie einen wunderbar wohltuenden k\u00fchlenden und regenerierenden Effekt.<\/p>\n<p>Trage Deep Blue Rub auf die beanspruchte K\u00f6rperstelle auf und du wirst sofort die wohltuenden Effekte bemerken. Ideal auch gegen Anspannungen des Schulter- und Nackenbereiches bei langen Schreibtisch-T\u00e4tigkeiten und Anspannungen des Kopfes. Ebenso zur besseren Durchblutung bei langen Autofahrten oder Flugreisen.<\/p>\n<p>Auch wunderbar f\u00fcr entspannenden Wellness-Behandlungen und Sportmassagen.<\/p>\n<p>F\u00fcr unterwegs beim Sport, beim Wandern, auf Reisen und f\u00fcr die Tasche sind diese kleinen und handlichen doTERRA Deep Blue Rub Proben ideal.<\/p>\n<p><strong>Empfehlung<\/strong><br \/>\nTopisch: Zum L\u00f6sen von Verspannungen nach einen langen Tag vor dem PC doTERRA Deep Blue auf die Finger, Handgelenke, Nacken und Schultern auftragen. F\u00fcr eine k\u00fchlende und belebende Wirkung vor und nach dem Training auf F\u00fcsse und Knie auftragen. Nach einem langen Tag auf den unteren R\u00fccken einmassieren. Bei M\u00fcdigkeit oder Verspannungen im Kopf Deep Blue Rub in den Nacken auftragen. Den k\u00fchlenden und lindernden Effekt unterwegs und vor allem bei langen Sitzen nutzen und die F\u00fcsse und Beine mit der Creme einreiben.<\/p>\n<p><strong>Sichere Verwendung<\/strong><br \/>\nHautreizungen m\u00f6glich. Au\u00dferhalb der Reichweite von Kindern aufbewahren, um eine unbeabsichtigte Einnahme zu vermeiden. Nicht auf Wunden oder verletzter Haut anwenden. Nach dem Auftragen oder bei Verwendung mit einem Heizkissen nicht straff verbinden. Wenn du schwanger bist oder in \u00e4rztlicher Behandlung stehst, konsultiere bitte den Arzt. Kontakt mit Augen, Innenohren, Gesicht, empfindlichen Stellen und Schleimh\u00e4uten vermeiden. Bei Verschlucken sofort einen Arzt aufsuchen oder eine Giftnotrufzentrale kontaktieren. Nur zur \u00e4u\u00dferlichen Anwendung.<\/p>\n","protected":false},"excerpt":{"rendered":"<h1>Lindernde Mischung Proben &#8211; ideal f\u00fcr unterwegs<\/h1>\n<p>doTERRA Deep Blue Rub Proben &#8211;\u00a0 Die Vorteile der lindernden Mischung hier im kleinen handlichen 10er Probepack. Ideal auf Reisen, beim Sport oder als Probe.<\/p>\n","protected":false},"featured_media":9701,"template":"","meta":{"_et_pb_use_builder":"","_et_pb_old_content":"","_et_gb_content_width":""},"product_cat":[15,54],"product_tag":[636,637],"_links":{"self":[{"href":"https:\/\/www.magnolioworld.com\/green-ch\/wp-json\/wp\/v2\/product\/9679"}],"collection":[{"href":"https:\/\/www.magnolioworld.com\/green-ch\/wp-json\/wp\/v2\/product"}],"about":[{"href":"https:\/\/www.magnolioworld.com\/green-ch\/wp-json\/wp\/v2\/types\/product"}],"wp:featuredmedia":[{"embeddable":true,"href":"https:\/\/www.magnolioworld.com\/green-ch\/wp-json\/wp\/v2\/media\/9701"}],"wp:attachment":[{"href":"https:\/\/www.magnolioworld.com\/green-ch\/wp-json\/wp\/v2\/media?parent=9679"}],"wp:term":[{"taxonomy":"product_cat","embeddable":true,"href":"https:\/\/www.magnolioworld.com\/green-ch\/wp-json\/wp\/v2\/product_cat?post=9679"},{"taxonomy":"product_tag","embeddable":true,"href":"https:\/\/www.magnolioworld.com\/green-ch\/wp-json\/wp\/v2\/product_tag?post=9679"}],"curies":[{"name":"wp","href":"https:\/\/api.w.org\/{rel}","templated":true}]}}