{"id":9678,"date":"2023-06-13T13:39:18","date_gmt":"2023-06-13T11:39:18","guid":{"rendered":"https:\/\/www.magnolio.ch\/?post_type=product&#038;p=9678"},"modified":"2025-06-02T16:32:04","modified_gmt":"2025-06-02T14:32:04","slug":"doterra-metapwr-softgels","status":"publish","type":"product","link":"https:\/\/www.magnolioworld.com\/green-ch\/doterra-metapwr-softgels\/","title":{"rendered":"doTERRA MetaPWR Softgels"},"content":{"rendered":"<p><strong>doTERRA MetaPWR<\/strong> <strong>Softgels <\/strong>&#8211; MetaPWR System 1 &#8211; Die kraftvolle Stoffwechselmischung zur Erlangung des Wohlf\u00fchlgewichts als praktische Softgels<br \/>\n<strong><br \/>\n<\/strong>doTERRA hat mit dem neuen MetaPWR System eine kraftvolle und innovative Produktreihe f\u00fcr die Unterst\u00fctzung eines optimalen Stoffwechsels geschaffen. Denn je kraftvoller und leistungsf\u00e4higer der Stoffwechsel arbeitet, desto besser ist das Wohlbefinden von innen heraus.<\/p>\n<p>Zusammen mit hochwertiger Ern\u00e4hrung, t\u00e4glicher Bewegung, einem ausreichenden und erholsamen Schlaf sowie positivem n\u00e4hrenden Umfeld, kann das MetaPWR dich dabei unterst\u00fctzen, die maximalen Resultate f\u00fcr dein pers\u00f6nliches Wohlbefinden, das optimale Wohlf\u00fchlgewicht und einem strahlenden jugendlichen Aussehen zu erlangen.<\/p>\n<p>MetaPWR steht f\u00fcr Meta wie Stoffwechsel und PWR (Personal Wellness Realised). Der Name ist Programm.<\/p>\n<p>Mache den ersten Schritt mit dem doTERRA MetaPWR. In dieser Stoffwechselmischung wurden die wertvollen \u00e4therischen \u00d6le wie Grapefruit, Lemon, Peppermint, Ginger und Cinnamon Bark in einer kraftvollen Zusammensetzung neu komponiert. Dabei wirken diese \u00d6le Energie gebend und aktivierend auf den Stoffwechsel und die Verdauung.<\/p>\n<p>doTERRA MetaPWR kurbelt den Stoffwechsel an, unterst\u00fctzt die Verdauung, reduziert das Hungergef\u00fchl und f\u00f6rdert so Aktivit\u00e4t und Wohlbefinden und das ideale Wohlf\u00fchlgewicht.<\/p>\n<p>doTERRA MetaPWR Softgels enthalten die kraftvolle Stoffwechsel-Mischung und k\u00f6nnen (bis zu 3 St\u00fcck) in die t\u00e4gliche Wellness Routine eingebunden werden.<\/p>\n<p>doTERRA MetaPWR Softgels &#8211; die powervolle anwenderfreundliche Stoffwechsel-Mischung.<\/p>\n<p>Kombiniere die Vorteile der Mischung auch mit der \u00d6lmischung pur MetaPWR und den anwenderfreundlichen MetaPWR Beadlets.<\/p>\n<p>Um die optimalen Effekte f\u00fcr dein Wohlbefinden und Wellness zu erhalten, empfiehlt es sich, das komplette MetaPWR System zu verwenden, da die einzelnen Komponenten optimal aufeinander abgestimmt sind.<\/p>\n<p><span style=\"text-decoration: underline;\">doTERRA MetaPWR System &#8211; Das Innovative Stoffwechsel und Anit-Aging-Konzept<\/span><\/p>\n<p><strong>Schriitt 1: MetaPWR <\/strong>&#8211; f\u00fcr einen kraftvollen Stoffwechsel und ideales Wohlf\u00fchlgewicht (In allen MetaPWR Produkten enthalten)<br \/>\n&#8211; MetaPWR Beadlets &#8211; K\u00fcgelchen f\u00fcr unterwegs<br \/>\n&#8211; doTERRA MetaPWR Softgels &#8211; zur anwenderfreundlichen Einnahme<\/p>\n<p><strong>Schritt 2: MetaPWR Assist<\/strong> &#8211; Die Kapsel f\u00fcr eine optimale Verdauung, Stoffwechsel und einem idealen Wohlf\u00fchlgewicht<\/p>\n<p><strong>Schritt 3: MetaPWR Advantage<\/strong> &#8211; Die Anti-Aging-Mischung f\u00fcr jugendliche Vitalit\u00e4t und hohe Lebensqualit\u00e4t<\/p>\n<p><span style=\"text-decoration: underline;\">Wirkung MetaPWR System<\/span><\/p>\n<p>&#8211; Unterst\u00fctzung der Optimierung des Stoffwechsels<br \/>\n&#8211; Reduzierung Fettzellen<br \/>\n&#8211; Vermeidung von Heisshungerattacken<br \/>\n&#8211; Optimierung des Gewichtsmanagements und ideales Wohlf\u00fchlgewicht<br \/>\n&#8211; Reduzierung von oxidativem Stress<br \/>\n&#8211; Verbesserung Ausdauer und Energie<br \/>\n&#8211; Erh\u00f6hung des Wohlbefindens<br \/>\n&#8211; F\u00f6rderung von erholsamem Schlaf<br \/>\n&#8211; Straffe und jugendliche Haut<br \/>\n&#8211; Unterst\u00fctzung geschmeidiger und elastischer Gelenke<br \/>\n&#8211; Verlangsamung Alterungsprozess<br \/>\n&#8211; Erh\u00f6hung Lebensqualit\u00e4t (gerade im Alter)<\/p>\n<p><strong>Anwendungsempfehlung f\u00fcr das MetaPWR System<br \/>\n<\/strong>2-3 Tropfen des MetaPWR Blend morgens auf n\u00fcchternen Magen mit 240 ml lauwarmem Wasser einnehmen. Bei Bedarf und zur Vermeidung von Hei\u00dfhungerattacken mehrmals am Tag. Ideal auch zur Unterst\u00fctzung vor dem Sport oder Workout.<br \/>\nOptional k\u00f6nnen zus\u00e4tzlich oder stattdessen auch MetaPWR Softgels genommen werden.<\/p>\n<p>Um eine optimale Wirkung deines Lifestyle zu unterst\u00fctzen, der auf gesteigerte Vitalit\u00e4t, bessere Ern\u00e4hrungsgewohnheiten und die Erhaltung des Wohlbefindens ausgerichtet ist, empfiehlt es sich, das komplette MetaPWR System zu verwenden und auf eine ausgewogene Ern\u00e4hrung zu achten.<\/p>\n<ul>\n<li>Unterwegs k\u00f6nnen bei Heisshungerattacken die MetaPWR Beadlets mit bis zu 4 Beadlets\/Tag eingenommen werde<\/li>\n<li>Baue 1-3 MetaPWR Softgels in ihre t\u00e4gliche Wellness-Routine ein.<\/li>\n<li>Nimm eine Kapsel MetaPWR Assist 15-30 Minuten vor der Hauptmahlzeit bzw. einer kohlehydratreichen Mahlzeit. Bis zu 3 x t\u00e4glich.<\/li>\n<li>Eine T\u00fcte MetaPWR Advantage kann in die t\u00e4gliche Anti-Aging-Routine eingebunden werden. Dazu einfach ein T\u00fctchen mit 150 &#8211; 240 ml Wasser mixen und trinken. Ideal morgens oder als Ersatz der Mahlzeit am Mittag.<\/li>\n<\/ul>\n<p>Optimal 2 Stunden nach der Hauptmahlzeit doTERRA Terrazyme einnehmen.<\/p>\n<p><strong>Sichere Verwendung<\/strong><br \/>\nAu\u00dferhalb der Reichweite von Kindern aufbewahren. Achte darauf, die empfohlene t\u00e4gliche Dosis nicht zu \u00fcberschreiten. Bitte beachte, dass Nahrungserg\u00e4nzungen eine vollwertige und ausgeglichene Ern\u00e4hrung sowie einen gesunden Lebensstil nicht ersetzen k\u00f6nnen. Schwangere und Stillende sowie Menschen mit bekannten gesundheitlichen Schwierigkeiten vor der Einnahme \u00e4rztlichen Rat einholen. Aufbewahrung an einem k\u00fchlen, trockenen Ort. Dabei bitte das Mindesthaltbarkeitsdatum (siehe Flaschenboden) beachten.<\/p>\n","protected":false},"excerpt":{"rendered":"<h2 style=\"font-size: 28px;\">Powervolle Stoffwechselmischung Kapseln &#8211; MetaPWR System<\/h2>\n<p>doTERRA MetaPWR Softgels enthalten die powervolle Stoffwechsel-Mischung und k\u00f6nnen bis zu 3 St\u00fcck bei Bedarf in die t\u00e4gliche Wellness Routine eingebunden werden. Sie helfen, das ideale Wohlf\u00fchlgewicht zu erlangen.<\/p>\n","protected":false},"featured_media":9704,"template":"","meta":{"_et_pb_use_builder":"","_et_pb_old_content":"","_et_gb_content_width":""},"product_cat":[15,2112,52,44,36,43,47,2092,1946,1947,2093,1948,1949,1950,1952,1953,1987,1988],"product_tag":[387,388],"_links":{"self":[{"href":"https:\/\/www.magnolioworld.com\/green-ch\/wp-json\/wp\/v2\/product\/9678"}],"collection":[{"href":"https:\/\/www.magnolioworld.com\/green-ch\/wp-json\/wp\/v2\/product"}],"about":[{"href":"https:\/\/www.magnolioworld.com\/green-ch\/wp-json\/wp\/v2\/types\/product"}],"wp:featuredmedia":[{"embeddable":true,"href":"https:\/\/www.magnolioworld.com\/green-ch\/wp-json\/wp\/v2\/media\/9704"}],"wp:attachment":[{"href":"https:\/\/www.magnolioworld.com\/green-ch\/wp-json\/wp\/v2\/media?parent=9678"}],"wp:term":[{"taxonomy":"product_cat","embeddable":true,"href":"https:\/\/www.magnolioworld.com\/green-ch\/wp-json\/wp\/v2\/product_cat?post=9678"},{"taxonomy":"product_tag","embeddable":true,"href":"https:\/\/www.magnolioworld.com\/green-ch\/wp-json\/wp\/v2\/product_tag?post=9678"}],"curies":[{"name":"wp","href":"https:\/\/api.w.org\/{rel}","templated":true}]}}