{"id":9677,"date":"2023-06-13T13:38:08","date_gmt":"2023-06-13T11:38:08","guid":{"rendered":"https:\/\/www.magnolio.ch\/?post_type=product&#038;p=9677"},"modified":"2026-01-12T10:26:00","modified_gmt":"2026-01-12T09:26:00","slug":"doterra-metapwr-beadlets","status":"publish","type":"product","link":"https:\/\/www.magnolioworld.com\/green-ch\/doterra-metapwr-beadlets\/","title":{"rendered":"doTERRA MetaPWR Beadlets"},"content":{"rendered":"<p><strong>doTERRA MetaPWR<\/strong> <strong>Beadlets<\/strong> &#8211; MetaPWR System 1 &#8211; Die powervolle Stoffwechselmischung f\u00fcr die Unterst\u00fctzung eines optimalen Wohlf\u00fchlgewichtes als praktische K\u00fcgelchen<\/p>\n<p>MetaPWR\u2122 K\u00fcgelchen bieten eine praktische M\u00f6glichkeit, die \u00c4therische \u00d6lmischung MetaPWR\u2122 in deine t\u00e4gliche Wellness- und Sportroutine zu integrieren. <br \/>\n<strong><br \/>\n<\/strong>doTERRA hat mit dem neuen MetaPWR System eine powervolle und innovative Produktreihe f\u00fcr die Unterst\u00fctzung eines optimalen Stoffwechsels geschaffen. Denn je kraftvoller und leistungsf\u00e4higer der Stoffwechsel arbeitet, desto besser ist das Wohlbefinden von innen heraus.<\/p>\n<p>Zusammen mit hochwertiger Ern\u00e4hrung, t\u00e4glicher Bewegung, einem ausreichenden und erholsamen Schlaf sowie positivem n\u00e4hrenden Umfeld, kann das MetaPWR dich dabei unterst\u00fctzen, die maximalen Resultate f\u00fcr dein pers\u00f6nliches Wohlbefinden, dem optimalen Wohlf\u00fchlgewicht und einem strahlenden jugendlichen Aussehen zu erlangen.<\/p>\n<p>MetaPWR steht f\u00fcr Meta wie Stoffwechsel und PWR (Personal Wellness Realised) oder Power. Der Name ist Programm.<\/p>\n<p>Mache den ersten Schritt mit doTERRA MetaPWR. In dieser Stoffwechselmischung wurden die wertvollen \u00e4therischen \u00d6le wie Grapefruit, Lemon, Peppermint, Ginger und Cinnamon in einer kraftvollen Zusammensetzung neu komponiert. Dabei wirken diese \u00d6le Energie gebend und aktivierend auf den Stoffwechsel und die Verdauung.<\/p>\n<p>doTERRA MetaPWR kurbelt den Stoffwechsel an, unterst\u00fctzt die Verdauung, reduziert das Hungergef\u00fchl und f\u00f6rdert so Aktivit\u00e4t und Wohlbefinden sowie das optimale Wohlf\u00fchlgewicht.<\/p>\n<p>doTERRA MetaPWR Beadlets enthalten die powervolle Stoffwechsel-Mischung und k\u00f6nnen als praktische K\u00fcgelchen (bis zu 4 t\u00e4glich) bei Bedarf in die t\u00e4gliche Wellness Routine eingebunden werden.<\/p>\n<p>doTERRA MetaPWR Beadlets &#8211; die powervolle Stoffwechsel-Mischung to go.<\/p>\n<p>Kombiniere die Vorteile der Mischung auch mit dem puren \u00d6l MetaPWR und den anwenderfreundlichen MetaPWR Softgels.<\/p>\n<p>Um die optimalen Effekte f\u00fcr dein Wohlbefinden und Wellness zu erhalten, empfiehlt es sich, das komplette MetaPWR System zu verwenden, da die einzelnen Komponenten genau aufeinander abgestimmt sind.<\/p>\n<p><span style=\"text-decoration: underline;\">doTERRA MetaPWR System<\/span> &#8211; Das innovative Stoffwechsel und Anti-Aging-Konzept<\/p>\n<p><strong>Schriitt 1: MetaPWR &#8211;<\/strong> Der Blend f\u00fcr einen kraftvollen Stoffwechsel und optimales Wohlf\u00fchlgewicht (In allen MetaPWR Produkten enthalten)<br \/>\n&#8211; MetaPWR Beadlets &#8211; Blend als K\u00fcgelchen f\u00fcr unterwegs<br \/>\n&#8211; MetaPWR Softgels &#8211; Blend als Softgels zur anwenderfreundlichen Einnahme<\/p>\n<p><strong>Schritt 2: MetaPWR Assist<\/strong> &#8211; Die Kapsel f\u00fcr die Unterst\u00fctzung eines optimalen Stoffwechsels, Verdauung und Erlangung des Wohlf\u00fchlgewichtes <\/p>\n<p><strong>Schritt 3: MetaPWR Advantage<\/strong> &#8211; Die Anti-Aging-Mischung f\u00fcr jugendliche Vitalit\u00e4t und hohe Lebensqualit\u00e4t<\/p>\n<p>Wirkung MetaPWR System<\/p>\n<p>&#8211; Unterst\u00fctzung der Optimierung des Stoffwechsels<br \/>\n&#8211; Reduzierung Fettzellen<br \/>\n&#8211; Vermeidung von Heisshungerattacken<br \/>\n&#8211; Unterst\u00fctzung der Optimierung des Gewichtsmanagements und Erlangung des Wohlf\u00fchlgewichtes<br \/>\n&#8211; Reduzierung von oxidativem Stress<br \/>\n&#8211; Verbesserung Ausdauer und Energie<br \/>\n&#8211; Erh\u00f6hung des Wohlbefindens<br \/>\n&#8211; F\u00f6rderung von erholsamen Schlaf<br \/>\n&#8211; Straffe und jugendliche Haut<br \/>\n&#8211; Unterst\u00fctzung geschmeidiger und elastischer Gelenke<br \/>\n&#8211; Verlangsamung Alterungsprozess<br \/>\n&#8211; Erh\u00f6hung Lebensqualit\u00e4t (Gerade im Alter)<\/p>\n<p><strong>Empfehlung f\u00fcr das MetaPWR System<br \/>\n<\/strong>Unterwegs k\u00f6nnen bei Heisshungerattacken die doTERRA MetaPWR Beadlets mit bis zu 4 Beadlets\/Tag eingenommen werden.<\/p>\n<p>Um eine optimale Wirkung deines Lifestyle zu unterst\u00fctzen, der auf gesteigerte Vitalit\u00e4t, bessere Ern\u00e4hrungsgewohnheiten und die Erhaltung des Wohlbefindens ausgerichtet ist, empfiehlt es sich, das komplette MetaPWR System zu verwenden und auf eine ausgewogene Ern\u00e4hrung zu achten.<\/p>\n<ul>\n<li>2-3 Tropfen des MetaPWR Blend morgens auf n\u00fcchternen Magen mit 240 ml lauwarmem Wasser einnehmen. Bei Bedarf und zur Vermeidung von Heisshungerattacken mehrmals am Tag. Ideal auch zur Unterst\u00fctzung vor dem Sport oder Workout.<br \/>\nOptional k\u00f6nnen zus\u00e4tzlich oder stattdessen auch MetaPWR Softgels genommen werden.<\/li>\n<li>Baue 1-3 MetaPWR Softgels in deine t\u00e4gliche Wellness-Routine ein.<\/li>\n<li>Nimm eine Kapsel MetaPWR Assist 15-30 Minuten vor der Hauptmahlzeit bzw. einer kohlehydratreichen Mahlzeit. Bis zu 3 x t\u00e4glich.<\/li>\n<li>Eine T\u00fcte MetaPWR Advantage kann in die t\u00e4gliche Anti-Aging-Routine eingebunden werden. Dazu einfach ein T\u00fctchen mit 150 &#8211; 240 ml Wasser mixen und trinken. Ideal morgens oder als Ersatz der Mahlzeit am Mittag.<\/li>\n<li>Optimal 2 Stunden nach der Hauptmahlzeit doTERRA Terrazyme einnehmen<\/li>\n<\/ul>\n<p>\n<strong>Sichere Verwendung<\/strong><br \/>\nEmpfohlene t\u00e4gliche Verzehrmenge nicht \u00fcberschreiten. Au\u00dferhalb der Reichweite von Kindern aufbewahren.\u00a0 Nahrungserg\u00e4nzungen ersetzen eine abwechslungsreiche und ausgewogene Ern\u00e4hrung sowie eine gesunde Lebensweise nicht. Schwangere und Stillende sowie Menschen mit bekannten medizinischen Problemen sollten vor der Einnahme \u00e4rztlichen Rat einholen. Bewahren das Produkt an einem k\u00fchlen, trockenen Ort auf.<\/p>\n","protected":false},"excerpt":{"rendered":"<h2 style=\"font-size: 28px;\">Powervolle Stoffwechsel K\u00fcgelchen<\/h2>\n<p>doTERRA MetaPWR Beadlets &#8211; Enthalten die powervolle Stoffwechsel-Mischung und k\u00f6nnen als praktische K\u00fcgelchen (bis zu 4 t\u00e4glich) bei Bedarf in die t\u00e4gliche Wellness Routine eingebunden werden. Zusammen mit den anderen Elementen des MetaPWR Systems bieten sie eine optimale Unterst\u00fctzung f\u00fcr dein Wohlbefinden und neue Energie von innen heraus sowie Erlangung des optimalen Wohlf\u00fchlgewichtes.<\/p>\n","protected":false},"featured_media":9703,"template":"","meta":{"_et_pb_use_builder":"","_et_pb_old_content":"","_et_gb_content_width":""},"product_cat":[15,2112,51,44,36,41,43,47,2092,1946,1947,1948,1950,1952,1953],"product_tag":[],"_links":{"self":[{"href":"https:\/\/www.magnolioworld.com\/green-ch\/wp-json\/wp\/v2\/product\/9677"}],"collection":[{"href":"https:\/\/www.magnolioworld.com\/green-ch\/wp-json\/wp\/v2\/product"}],"about":[{"href":"https:\/\/www.magnolioworld.com\/green-ch\/wp-json\/wp\/v2\/types\/product"}],"wp:featuredmedia":[{"embeddable":true,"href":"https:\/\/www.magnolioworld.com\/green-ch\/wp-json\/wp\/v2\/media\/9703"}],"wp:attachment":[{"href":"https:\/\/www.magnolioworld.com\/green-ch\/wp-json\/wp\/v2\/media?parent=9677"}],"wp:term":[{"taxonomy":"product_cat","embeddable":true,"href":"https:\/\/www.magnolioworld.com\/green-ch\/wp-json\/wp\/v2\/product_cat?post=9677"},{"taxonomy":"product_tag","embeddable":true,"href":"https:\/\/www.magnolioworld.com\/green-ch\/wp-json\/wp\/v2\/product_tag?post=9677"}],"curies":[{"name":"wp","href":"https:\/\/api.w.org\/{rel}","templated":true}]}}