{"id":9675,"date":"2023-06-13T13:29:38","date_gmt":"2023-06-13T11:29:38","guid":{"rendered":"https:\/\/www.magnolio.ch\/?post_type=product&#038;p=9675"},"modified":"2026-01-12T10:25:53","modified_gmt":"2026-01-12T09:25:53","slug":"doterra-supermint-beadlets","status":"publish","type":"product","link":"https:\/\/www.magnolioworld.com\/green-ch\/doterra-supermint-beadlets\/","title":{"rendered":"doTERRA Supermint Beadlets"},"content":{"rendered":"<p><strong>doTERRA Supermint<\/strong> <strong>Beadlets<\/strong> &#8211; Die frische Kombination der wertvollsten Minze\u00f6le &#8211; Als Beadlets to go<\/p>\n<p>SuperMint ist eine frische und besondere Kombination aus d\u014dTERRAs edelsten Minze\u00f6len. Das Aroma ist minzig, s\u00fc\u00dflich und etwas krautig.<br \/>\nDiese besondere ausgewogene Mischung besteht aus den \u00e4therischen \u00d6len Peppermint, Japanese Mint, Bergamot Mint und Spearmint. <\/p>\n<p>Sie erfrischt und belebt auf wirkungsvolle und dennoch wohltuend sanfte Weise. Ideal f\u00fcr alle, denen Pfefferminze zu scharf ist.<\/p>\n<p>Generell belebt diese \u00d6lmischung die Sinne und ist eine wunderbare Erfrischung zwischendurch, wenn die M\u00fcdigkeit uns im B\u00fcro, der Schule oder zuhause plagt. <\/p>\n<p>Die Beadlets sind kleine vegetarische K\u00fcgelchen, die sehr kraftvoll wirken und die gesch\u00fctzte Supermint Mischung enthalten. Sie sind ideal ideal auf Reisen.und schenken jederzeit einen frischen und angenehmen Atem. Au\u00dferdem beruhigen sie gerade nach umfangreichen Mahlzeiten den Magen auf schonende Weise.<\/p>\n<p>Das in den Minze\u00f6len enthaltene Menthol ist daf\u00fcr bekannt, ein k\u00fchlendes Gef\u00fchl zu erzeugen und augenblickliche Frische zu schenken..<\/p>\n<p>Geniesse diesen erfrischenden Genuss jederzeit bei Bedarf unterwegs als praktische doTERRA Supermint Beadlets. Einfach 1-2 der kleine vegetarischen K\u00fcgelchen im Mund zerdr\u00fccken und\u00a0 und die einzigartige erfrischende Wirkung erleben. Die Verpackung ist leicht und handlich, enth\u00e4lt vegetarische 125 K\u00fcgelchen und passt in jede Tasche.<\/p>\n<p>Emotional ist diese \u00d6lmischung das \u00d6l der Perspektive. Wer k\u00f6nnte das in Zeiten der Ver\u00e4nderung nicht gebrauchen, um vision\u00e4r und kraftvoll nach vorne zu schauen.<\/p>\n<p>Geniesse die Frische f\u00fcr K\u00f6rper und Geist und g\u00f6nne Dir mit diesen doTERRA Supermint Beadlets einen frischen Atem, wo immer Du Dich befindest. <\/p>\n<p><strong>Empfehlung<br \/>\n<\/strong>Innerlich: Bei Bedarf 1- 3 K\u00fcgelchen nehmen. Um den Atem zu erfrischen, 1 K\u00fcgelchen im Mund aufl\u00f6sen. Zur F\u00f6rderung der Mundgesundheit nach den Mahlzeiten einnehmen. <br \/>\nAuf Reisen gegen Magenverstimmungen und \u00dcbelkeit bereithalten. Auch als schnelle Erfrischung und Belebung der Sinne \u00fcberall geeignet.<br \/>\nMaximal 10 Beadlets am Tag.<\/p>\n<p><strong>Sichere Verwendung<\/strong><br \/>\nAu\u00dferhalb der Reichweite von Kindern aufbewahren. Die empfohlene Tagesdosis darf nicht \u00fcberschritten werden. Wenn Du schwanger oder in \u00e4rztlicher Behandlung bist, konsultiere bitte Deinen Arzt. K\u00fchl und trocken aufbewahren. Bitte an einen k\u00fchlen Ort verschlossen aufbewahren.<\/p>\n<div class=\"product-uses__block-list\">\u00a0<\/div>\n","protected":false},"excerpt":{"rendered":"<h2 style=\"font-size: 28px;\">Erfrischende K\u00fcgelchen<\/h2>\n<p><strong>doTERRA Supermint<\/strong> <strong>Beadlets<\/strong> &#8211; Sind durch ihre Komposition wertvoller Minze\u00f6le ein optimale Erfrischung zwischendurch und schenken jederzeit und \u00fcberall frischen und angenehmen Atem.und einen klaren Kopf. Die Verpackung ist leicht und handlich, enth\u00e4lt 125 vegetarische K\u00fcgelchen und passt in jede Tasche.<\/p>\n","protected":false},"featured_media":9697,"template":"","meta":{"_et_pb_use_builder":"","_et_pb_old_content":"","_et_gb_content_width":""},"product_cat":[15,51,1925,36,43,46],"product_tag":[335,336],"_links":{"self":[{"href":"https:\/\/www.magnolioworld.com\/green-ch\/wp-json\/wp\/v2\/product\/9675"}],"collection":[{"href":"https:\/\/www.magnolioworld.com\/green-ch\/wp-json\/wp\/v2\/product"}],"about":[{"href":"https:\/\/www.magnolioworld.com\/green-ch\/wp-json\/wp\/v2\/types\/product"}],"wp:featuredmedia":[{"embeddable":true,"href":"https:\/\/www.magnolioworld.com\/green-ch\/wp-json\/wp\/v2\/media\/9697"}],"wp:attachment":[{"href":"https:\/\/www.magnolioworld.com\/green-ch\/wp-json\/wp\/v2\/media?parent=9675"}],"wp:term":[{"taxonomy":"product_cat","embeddable":true,"href":"https:\/\/www.magnolioworld.com\/green-ch\/wp-json\/wp\/v2\/product_cat?post=9675"},{"taxonomy":"product_tag","embeddable":true,"href":"https:\/\/www.magnolioworld.com\/green-ch\/wp-json\/wp\/v2\/product_tag?post=9675"}],"curies":[{"name":"wp","href":"https:\/\/api.w.org\/{rel}","templated":true}]}}