{"id":9382,"date":"2023-05-03T20:16:05","date_gmt":"2023-05-03T18:16:05","guid":{"rendered":"https:\/\/www.magnolio.ch\/?post_type=product&#038;p=9382"},"modified":"2024-05-18T00:59:18","modified_gmt":"2024-05-17T22:59:18","slug":"doterra-abode","status":"publish","type":"product","link":"https:\/\/www.magnolioworld.com\/green-ch\/doterra-abode\/","title":{"rendered":"doTERRA abode"},"content":{"rendered":"<p><strong>doTERRA abode<\/strong> &#8211; Die erfrischende Mischung<strong><\/p>\n<p><\/strong>Wo immer Erfrischung und Belebung ben\u00f6tigt wird, ist diese \u00d6lmischung genau richtig. In ihr wurden die \u00e4therischen \u00d6le Cassia, Lime, Tea Tree, Litsea, Arborvitae, Lemon Eucalyptus sowie Cilantro, Kochii-Eucalyptus, Lemonmyrteuajak und Lavandin zu einer aromatisch erfrischenden Mischung zusammengestellt<\/p>\n<p>doTERRA abode wurde speziell f\u00fcr die Erfrischung zu Hause geschaffen. Diese Mischung sorgt f\u00fcr eine gekl\u00e4rte Raumumgebung und befreit von unangenehmen Ger\u00fcchen und Belastungen in der Luft. Ideal auch f\u00fcr den Einsatz im Staubsauger, Trockner, Waschmaschine, Sp\u00fclmaschine oder auch als Deo in K\u00fchlschrank und Abfallbeh\u00e4lter.<\/p>\n<p>F\u00fcr ein erfrischendes Raumklima ist die Anwendung von 2-3 Tropfen im Diffuser zu empfehlen. <\/p>\n<p>Emotional hilft das \u00d6l, sich vor energetischen und toxischen Belastungen abzugrenzen und frische Klarheit zu bekommen. Dazu die Mischung entweder direkt aus der Flasche inhalieren oder im Diffuser verwenden.<\/p>\n<p>G\u00f6nne dir diese Frische f\u00fcr zu Hause.<\/p>\n<p><strong>Empfehlung<\/strong><br \/>\nAromatisch: 3\u20134 Tropfen im Diffuser vernebeln.<br \/>\nAufgrund seines frischen Geruches ist abode auch wunderbar im Haushalt einzusetzen. Einfach 1-2 Tropfen in den Haushaltsreiniger geben oder 1 Tropfen auf den Staubsaugerbeutel.<br \/>\nTopisch: F\u00fcr Massagen 5 Tropfen mit 10 ml Tr\u00e4ger\u00f6l mischen. Als Badezusatz 5 Tropfen mit 5 ml Tr\u00e4ger\u00f6l mischen. Zum Parf\u00fcmieren 1 Tropfen mit 10 Tropfen Tr\u00e4ger\u00f6l mischen.<\/p>\n<p><strong>Sichere Verwendung<\/strong><br \/>\nHautreizungen m\u00f6glich. Au\u00dferhalb der Reichweite von Kindern aufbewahren. Wenn du schwanger bist oder in \u00e4rztlicher Behandlung stehst, konsultiere bitte den Arzt. Kontakt mit Augen, Innenohren, Gesicht, empfindlichen Stellen und Schleimh\u00e4uten vermeiden. Mindestens 12 Stunden nach dem Auftragen Sonnenlicht und UV-Strahlen meiden. Nur zur \u00e4u\u00dferlichen Anwendung.<\/p>\n","protected":false},"excerpt":{"rendered":"<h2 style=\"font-size: 28px;\">Erfrischende Mischung &#8211; Das \u00d6l der Verantwortung und emotionalen Abgrenzung<\/h2>\n<p>doTERRA abode &#8211; Die Mischung wurde speziell f\u00fcr die Erfrischung und Reinigung zu Hause geschaffen. Sie bringt eine gekl\u00e4rte Raumumgebung und befreit von unangenehmen Ger\u00fcchen und Belastungen in der Luft.<\/p>\n","protected":false},"featured_media":9393,"template":"","meta":{"_et_pb_use_builder":"","_et_pb_old_content":"","_et_gb_content_width":""},"product_cat":[15,51],"product_tag":[],"_links":{"self":[{"href":"https:\/\/www.magnolioworld.com\/green-ch\/wp-json\/wp\/v2\/product\/9382"}],"collection":[{"href":"https:\/\/www.magnolioworld.com\/green-ch\/wp-json\/wp\/v2\/product"}],"about":[{"href":"https:\/\/www.magnolioworld.com\/green-ch\/wp-json\/wp\/v2\/types\/product"}],"wp:featuredmedia":[{"embeddable":true,"href":"https:\/\/www.magnolioworld.com\/green-ch\/wp-json\/wp\/v2\/media\/9393"}],"wp:attachment":[{"href":"https:\/\/www.magnolioworld.com\/green-ch\/wp-json\/wp\/v2\/media?parent=9382"}],"wp:term":[{"taxonomy":"product_cat","embeddable":true,"href":"https:\/\/www.magnolioworld.com\/green-ch\/wp-json\/wp\/v2\/product_cat?post=9382"},{"taxonomy":"product_tag","embeddable":true,"href":"https:\/\/www.magnolioworld.com\/green-ch\/wp-json\/wp\/v2\/product_tag?post=9382"}],"curies":[{"name":"wp","href":"https:\/\/api.w.org\/{rel}","templated":true}]}}