{"id":9184,"date":"2023-04-16T22:10:33","date_gmt":"2023-04-16T20:10:33","guid":{"rendered":"https:\/\/www.magnolio.ch\/?post_type=product&#038;p=9184"},"modified":"2025-09-02T12:43:54","modified_gmt":"2025-09-02T10:43:54","slug":"doterra-essential-oil-collection-kit","status":"publish","type":"product","link":"https:\/\/www.magnolioworld.com\/green-ch\/doterra-essential-oil-collection-kit\/","title":{"rendered":"doTERRA Essential Oil Collection Kit"},"content":{"rendered":"<p>doTERRA Essential Oil Collection Kit &#8211; F\u00fcr alle \u00d6l-Freaks ein ultimatives Erleben mit allen Sinnen<\/p>\n<p>Wer \u00e4therische \u00d6le in hochwertiger Qualit\u00e4t liebt, der kommt an diesem &#8220;Alle \u00d6le&#8221; Paket von doTERRA nicht vorbei.<\/p>\n<p>Es enth\u00e4lt alle wichtigen \u00d6le und \u00d6lmischungen von doTERRA und erm\u00f6glicht dir den ultimativen Einstieg oder auch die Vertiefung in das spannende Abenteuer der D\u00fcfte.<\/p>\n<p>G\u00f6nn dir dieses ultimative Kit zum absoluten Vorzugspreis. Ideal auch als besonderes Geschenk f\u00fcr \u00d6lliebhaber.<\/p>\n<p><strong>Empfehlung<\/strong><br \/>\nBeachte die Empfehlungen bei den einzelnen Produkten.<\/p>\n<p><strong>Sichere Anwendung<br \/>\n<\/strong>Beachte die Hinweise bei den einzelnen Produkten.<\/p>\n","protected":false},"excerpt":{"rendered":"<h2 style=\"font-size: 28px;\">Das &#8216;Alle \u00d6le&#8217; Paket<\/h2>\n<p><span style=\"font-size: 28px; color: #e20000; font-weight: bold;\">40 % sparen<\/span><\/p>\n<p>doTERRA Essential Oil Collection Kit &#8211; F\u00fcr alle \u00d6l-Freaks ein ultimatives Erleben mit allen Sinnen. Das Kit enth\u00e4lt alle wichtigen hochwertigen doTERRA \u00d6le und \u00d6lmischungen und erlaubt es, ganz tief in die \u00e4therische Welt der doTERRA \u00d6le einzutauchen.<\/p>\n","protected":false},"featured_media":9344,"template":"","meta":{"_et_pb_use_builder":"","_et_pb_old_content":"","_et_gb_content_width":""},"product_cat":[15,49],"product_tag":[],"_links":{"self":[{"href":"https:\/\/www.magnolioworld.com\/green-ch\/wp-json\/wp\/v2\/product\/9184"}],"collection":[{"href":"https:\/\/www.magnolioworld.com\/green-ch\/wp-json\/wp\/v2\/product"}],"about":[{"href":"https:\/\/www.magnolioworld.com\/green-ch\/wp-json\/wp\/v2\/types\/product"}],"wp:featuredmedia":[{"embeddable":true,"href":"https:\/\/www.magnolioworld.com\/green-ch\/wp-json\/wp\/v2\/media\/9344"}],"wp:attachment":[{"href":"https:\/\/www.magnolioworld.com\/green-ch\/wp-json\/wp\/v2\/media?parent=9184"}],"wp:term":[{"taxonomy":"product_cat","embeddable":true,"href":"https:\/\/www.magnolioworld.com\/green-ch\/wp-json\/wp\/v2\/product_cat?post=9184"},{"taxonomy":"product_tag","embeddable":true,"href":"https:\/\/www.magnolioworld.com\/green-ch\/wp-json\/wp\/v2\/product_tag?post=9184"}],"curies":[{"name":"wp","href":"https:\/\/api.w.org\/{rel}","templated":true}]}}