{"id":9183,"date":"2023-04-16T22:06:14","date_gmt":"2023-04-16T20:06:14","guid":{"rendered":"https:\/\/www.magnolio.ch\/?post_type=product&#038;p=9183"},"modified":"2025-09-02T12:43:28","modified_gmt":"2025-09-02T10:43:28","slug":"doterra-business-leader-kit","status":"publish","type":"product","link":"https:\/\/www.magnolioworld.com\/green-ch\/doterra-business-leader-kit\/","title":{"rendered":"doTERRA Business Leader Kit"},"content":{"rendered":"<p>doTERRA Business Leader Kit &#8211; Der komplette Einstieg in die wunderbare Welt der doTERRA-Produkte<\/p>\n<p>Dieses Kit enth\u00e4lt die wichtigsten doTERRA \u00d6le und \u00d6lmischungen. Ausserdem die wichtigsten Gesichts- und K\u00f6rperpflegeprodukte. Abgerundet wird das Ganze von den wertvollen Nahrungserg\u00e4nzungsprodukten.<\/p>\n<p>Wenn du in das doTERRA-Business einsteigen oder einfach nur ein Komplett-Paket zu einem unschlagbaren Preis erhalten willst, kommst du an diesem Kit nicht vorbei.<\/p>\n<p>Nat\u00fcrlich ist es auch ein besonderes Geschenk f\u00fcr besondere Menschen und Anl\u00e4sse.<\/p>\n<p><strong>Empfehlung<\/strong><br \/>\nBeachte die Empfehlungen bei den einzelnen Produkten.<\/p>\n<p><strong>Sichere Anwendung<br \/>\n<\/strong>Beachte die Hinweise bei den einzelnen Produkten.<\/p>\n","protected":false},"excerpt":{"rendered":"<h2 style=\"font-size: 28px;\">Das komplette Business-Paket<\/h2>\n<p><span style=\"font-size: 28px; color: #e20000; font-weight: bold;\">40 % sparen<\/span><\/p>\n<p>doTERRA Business Leader Kit &#8211; Der komplette Einstieg in die wunderbare Welt der doTERRA -Produkte. Dieses Kit enth\u00e4lt die wichtigsten doTERRA \u00d6le und \u00d6lmischungen. Ausserdem die wichtigsten Gesichts- und K\u00f6rperpflegeprodukte. Abgerundet wird das Ganze von den wertvollen Nahrungserg\u00e4nzungsprodukten.<\/p>\n","protected":false},"featured_media":9343,"template":"","meta":{"_et_pb_use_builder":"","_et_pb_old_content":"","_et_gb_content_width":""},"product_cat":[15,49],"product_tag":[],"_links":{"self":[{"href":"https:\/\/www.magnolioworld.com\/green-ch\/wp-json\/wp\/v2\/product\/9183"}],"collection":[{"href":"https:\/\/www.magnolioworld.com\/green-ch\/wp-json\/wp\/v2\/product"}],"about":[{"href":"https:\/\/www.magnolioworld.com\/green-ch\/wp-json\/wp\/v2\/types\/product"}],"wp:featuredmedia":[{"embeddable":true,"href":"https:\/\/www.magnolioworld.com\/green-ch\/wp-json\/wp\/v2\/media\/9343"}],"wp:attachment":[{"href":"https:\/\/www.magnolioworld.com\/green-ch\/wp-json\/wp\/v2\/media?parent=9183"}],"wp:term":[{"taxonomy":"product_cat","embeddable":true,"href":"https:\/\/www.magnolioworld.com\/green-ch\/wp-json\/wp\/v2\/product_cat?post=9183"},{"taxonomy":"product_tag","embeddable":true,"href":"https:\/\/www.magnolioworld.com\/green-ch\/wp-json\/wp\/v2\/product_tag?post=9183"}],"curies":[{"name":"wp","href":"https:\/\/api.w.org\/{rel}","templated":true}]}}