{"id":891,"date":"2020-04-23T10:05:03","date_gmt":"2020-04-23T08:05:03","guid":{"rendered":"https:\/\/www.magnolio.shop\/black-spruce-schwarze-tanne\/"},"modified":"2024-02-01T18:33:31","modified_gmt":"2024-02-01T17:33:31","slug":"schwarzfichtenoel-doterra-black-spruce","status":"publish","type":"product","link":"https:\/\/www.magnolioworld.com\/green-ch\/schwarzfichtenoel-doterra-black-spruce\/","title":{"rendered":"Schwarzfichten\u00f6l &#8211; doTERRA Black Spruce"},"content":{"rendered":"<p><strong>doTERRA Black Spruce<\/strong> &#8211; Die Erdung und St\u00e4rke des Waldes f\u00fcr den Alltag <\/p>\n<p>Die Schwarz-Fichte ist ein bis zu 35 Meter hochwachsendes immergr\u00fcnes Fichtengew\u00e4chs. Sie ist im n\u00f6rdlichen Nordamerika beheimatet, w\u00e4chst nur sehr langsam und widersteht Temperaturen k\u00e4lter als -60\u00b0C. Das markante, erdende Aroma des \u00d6ls beruhigt die Sinne. Au\u00dferdem wirkt das \u00e4therische Schwarzfichten\u00f6l bes\u00e4nftigend auf Hautirritationen und wirkt entspannend bei Atemwegsproblemen und muskul\u00e4ren Verspannungen.<\/p>\n<p>Emotional gibt das \u00d6l der Stabilit\u00e4t Standfestigkeit und Sicherheit gerade in bewegten Zeiten. Es l\u00e4sst dich wie einen gro\u00dfen und m\u00e4chtigen Baum stabil den gr\u00f6\u00dften St\u00fcrmen trotzen und bereitet dich auf neues Wachstum vor.<\/p>\n<p><strong>doTERRA Black Spruce<\/strong> kann ideal f\u00fcr Wellness-Anwendungen und Entspannungsb\u00e4dern eingesetzt werden. Au\u00dferdem wirkt es aromatisch entspannend \u00fcber den Diffuser oder \u00fcber die Handfl\u00e4chen.<br \/>\n<strong><br \/>\nEmpfehlung<br \/>\n<\/strong>Aromatisch: 3-4 Tropfen zusammen mit Wild Orange oder anderen Zitrus\u00f6len in den Diffuser geben. Zur optimalen emotionalen Wirkung das \u00d6l \u00fcber die Handgelenke tief inhalieren. Ideal als Ritual zur Morgenmeditation.<br \/>\nTopisch: Zur Linderung von Hautirritationen \u00e4u\u00dferlich anwenden. doTERRA Black Spruce kann auch in zusammen mit deiner Feuchtigkeitspflege eingesetzt werden, um Hautunreinheiten zu reduzieren und der Haut ein gesundes Aussehen zu verleihen.<br \/>\nAls wohltuende Massage nach einem anstrengenden Tag 1-2 Tropfen mit Tr\u00e4ger\u00f6l (z.B. fraktioniertem Kokos\u00f6l) mischen.<\/p>\n<p><strong>Sichere Verwendung<\/strong><br \/>\nKann Hautreizungen verursachen. Au\u00dferhalb der Reichweite von Kindern aufbewahren. Wenn du schwanger bist oder in \u00e4rztlicher Behandlung stehst, konsultiere bitte deinen Arzt. Kontakt mit Augen, Innenohren, Gesicht, empfindlichen Stellen und Schleimh\u00e4uten vermeiden.Topisch bitte die \u00d6le stets mit Tr\u00e4ger\u00f6l (z.B. fraktioniertem Kokos\u00f6l) verd\u00fcnnen.<\/p>\n","protected":false},"excerpt":{"rendered":"<h2 style=\"font-size: 28px;\">Das \u00d6l der Stabilit\u00e4t und des Wachsens<\/h2>\n<p>doTERRA Black Spruce der Massagemischung hinzuf\u00fcgen, um die Haut und die Muskeln zu entspannen. Es k\u00f6nnen auch 1-2 Tropfen zur Feuchtigkeitspflege beigef\u00fcgt werden. Emotional gibt das Schwarzfichten\u00f6l Stabilit\u00e4t, Standfestigkeit und Sicherheit gerade in bewegten Zeiten. Es l\u00e4sst Dich wie einen gro\u00dfen und m\u00e4chtigen Baum stabil den gr\u00f6\u00dften St\u00fcrmen trotzen und bereitet Dich auf neues Wachstum vor.<\/p>\n","protected":false},"featured_media":3157,"template":"","meta":{"_et_pb_use_builder":"","_et_pb_old_content":"","_et_gb_content_width":""},"product_cat":[15,50],"product_tag":[225,227,226,228],"_links":{"self":[{"href":"https:\/\/www.magnolioworld.com\/green-ch\/wp-json\/wp\/v2\/product\/891"}],"collection":[{"href":"https:\/\/www.magnolioworld.com\/green-ch\/wp-json\/wp\/v2\/product"}],"about":[{"href":"https:\/\/www.magnolioworld.com\/green-ch\/wp-json\/wp\/v2\/types\/product"}],"wp:featuredmedia":[{"embeddable":true,"href":"https:\/\/www.magnolioworld.com\/green-ch\/wp-json\/wp\/v2\/media\/3157"}],"wp:attachment":[{"href":"https:\/\/www.magnolioworld.com\/green-ch\/wp-json\/wp\/v2\/media?parent=891"}],"wp:term":[{"taxonomy":"product_cat","embeddable":true,"href":"https:\/\/www.magnolioworld.com\/green-ch\/wp-json\/wp\/v2\/product_cat?post=891"},{"taxonomy":"product_tag","embeddable":true,"href":"https:\/\/www.magnolioworld.com\/green-ch\/wp-json\/wp\/v2\/product_tag?post=891"}],"curies":[{"name":"wp","href":"https:\/\/api.w.org\/{rel}","templated":true}]}}