{"id":883,"date":"2020-04-22T15:12:16","date_gmt":"2020-04-22T13:12:16","guid":{"rendered":"https:\/\/www.magnolio.shop\/clove-gewuerznelke\/"},"modified":"2025-11-17T16:13:12","modified_gmt":"2025-11-17T15:13:12","slug":"gewuerznelkenoel-doterra-clove","status":"publish","type":"product","link":"https:\/\/www.magnolioworld.com\/green-ch\/gewuerznelkenoel-doterra-clove\/","title":{"rendered":"Gew\u00fcrznelken\u00f6l &#8211; doTERRA Clove"},"content":{"rendered":"<p><strong>doTERRA Clove<\/strong> &#8211; W\u00e4rme und Geborgenheit <\/p>\n<p>Die Nelkenknospen stammen vom bis zu 10 Meter hohen immergr\u00fcnen Gew\u00fcrznelkenbaum. Das Gew\u00fcrznelken\u00f6l wird aus den noch verschlossenen Knospen gewonnen. Der hohe Anteil an Eugenol gibt dem \u00e4therischen \u00d6l seinen energetisierenden Duft und seine zahlreichen positiven Eigenschaften. <br \/>\nGew\u00fcrznelken\u00f6l wird aufgrund ihres Geschmacks und ihrer reinigenden Eigenschaften in Zahnprodukten, Kaugummis und S\u00fc\u00dfigkeiten verwendet. Gerichte und Desserts erhalten eine einzigartige, w\u00fcrzige Note durch einen Tropfen <strong>doTERRA Clove.<\/p>\n<p><\/strong>Dieses \u00e4therische \u00d6l sorgt f\u00fcr eine optimale Mundflora und saubere Z\u00e4hne. <br \/>\nEs ist wesentlicher Bestandteil der Mischung doTERRA OnGuard, von der es auch eine Zahnpasta und Mundsp\u00fclung gibt. <\/p>\n<p>Im Diffuser verschafft das \u00d6l ein Gef\u00fchl von W\u00e4rme und Geborgenheit.<\/p>\n<p><strong>Empfehlung<\/strong><br \/>\nAromatisch: Verneble f\u00fcr eine warme und einladende Atmosph\u00e4re 3\u20134 Tropfen.<br \/>\nInnerlich: Gib max.1 Tropfen doTERRA Clove in 125 ml kalte oder warme Fl\u00fcssigkeit. Eignet sich auch als Verfeinerung von Speisen, Backwaren und Desserts anstelle von Nelke. Beachte: Weniger ist mehr. Oft reicht schon eine winzige Menge f\u00fcr ein vollmundiges Aroma (Zahnstocherspitze).<\/p>\n<p><strong>Sichere Verwendung<\/strong><br \/>\nBitte achte darauf, innerlich nicht mehr als 1 Tropfen am Tag zu verwenden. Au\u00dferhalb der Reichweite von Kindern aufbewahren. Wenn Du schwanger bist oder in \u00e4rztlicher Behandlung stehst, konsultiere bitte Deinen Arzt. Kontakt mit Augen, Innenohren, Gesicht, empfindlichen Stellen und Schleimh\u00e4uten vermeiden. Bei topischer Verwendung die \u00d6le stets mit Tr\u00e4ger\u00f6l (z.B. fraktioniertem Kokos\u00f6l) verd\u00fcnnen.<\/p>\n","protected":false},"excerpt":{"rendered":"<h2 style=\"font-size: 28px;\">Das \u00d6l der Abgrenzung<\/h2>\n<p>Gew\u00fcrznelken\u00f6l von doTERRA eignet sich als Verfeinerung von Speisen, Backwaren und Desserts, Verschafft im Diffuser sofort ein Gef\u00fchl von W\u00e4rme und Geborgenheit und hilft bei der Abgrenzung.<\/p>\n","protected":false},"featured_media":535,"template":"","meta":{"_et_pb_use_builder":"","_et_pb_old_content":"","_et_gb_content_width":""},"product_cat":[15,50,43,1938],"product_tag":[115,116],"_links":{"self":[{"href":"https:\/\/www.magnolioworld.com\/green-ch\/wp-json\/wp\/v2\/product\/883"}],"collection":[{"href":"https:\/\/www.magnolioworld.com\/green-ch\/wp-json\/wp\/v2\/product"}],"about":[{"href":"https:\/\/www.magnolioworld.com\/green-ch\/wp-json\/wp\/v2\/types\/product"}],"wp:featuredmedia":[{"embeddable":true,"href":"https:\/\/www.magnolioworld.com\/green-ch\/wp-json\/wp\/v2\/media\/535"}],"wp:attachment":[{"href":"https:\/\/www.magnolioworld.com\/green-ch\/wp-json\/wp\/v2\/media?parent=883"}],"wp:term":[{"taxonomy":"product_cat","embeddable":true,"href":"https:\/\/www.magnolioworld.com\/green-ch\/wp-json\/wp\/v2\/product_cat?post=883"},{"taxonomy":"product_tag","embeddable":true,"href":"https:\/\/www.magnolioworld.com\/green-ch\/wp-json\/wp\/v2\/product_tag?post=883"}],"curies":[{"name":"wp","href":"https:\/\/api.w.org\/{rel}","templated":true}]}}