{"id":878,"date":"2020-04-22T15:09:45","date_gmt":"2020-04-22T13:09:45","guid":{"rendered":"https:\/\/www.magnolio.shop\/cassia-kassia-zimt\/"},"modified":"2025-11-17T17:41:53","modified_gmt":"2025-11-17T16:41:53","slug":"zimtoel-doterra-cassia","status":"publish","type":"product","link":"https:\/\/www.magnolioworld.com\/green-ch\/zimtoel-doterra-cassia\/","title":{"rendered":"Zimt\u00f6l &#8211; doTERRA Cassia"},"content":{"rendered":"<p><strong>doTERRA Cassia<\/strong> &#8211; Das \u00d6l der W\u00e4rme und Geborgenheit und Unterst\u00fctzung des Immunsystems<\/p>\n<p>Cassia stammt von einem tropischen, immergr\u00fcnen und bis zu 12 Meter hohen Baum, der eine stark duftende Rinde, Bl\u00e4tter und Bl\u00fcten hat. Es ist eng mit Zimt verwandt und hat ein starkes, w\u00fcrziges Aroma. Es kann in kleinen Mengen verwendet werden, um jede beliebige \u00e4therische \u00d6lmischung zu ver\u00e4ndern. Seit Jahrtausenden wird Zimt\u00f6l wegen seiner zahlreichen gesundheitlichen Vorteile verwendet. Es ist eines der wenigen \u00e4therischen \u00d6le, das im Alten Testament erw\u00e4hnt wird. Es ist f\u00fcr seinen unverwechselbaren Duft und seine beruhigenden, aromatischen Eigenschaften bekannt.<\/p>\n<p><strong>doTERRA Cassia<\/strong> kann in der K\u00fcche entweder als Zimtersatz in Kuchen und Brot oder allein in zahllosen Vorspeisen und Desserts verwendet werden.<\/p>\n<p><strong>Empfehlung<\/strong><br \/>\nAromatisch: Vernebele 3\u20134 Tropfen zusammen mit Wild Orange in einem Diffuser und geniesse das erhebende Aroma. Wunderbar auch in Kombination mit Ylang Ylang, Zedernholz, Zitrone, Nelke, Lavendel und Weihrauch.<br \/>\nInnerlich Gib max.1 Tropfen in 125 ml Fl\u00fcssigkeit. F\u00fcr eine zitronige Erfrischung zusammen mit Zitrone verwenden. Eignet sich auch als Verfeinerung von Speisen und Backwaren. Beachte: Weniger ist mehr. Oft reicht schon eine winzige Menge f\u00fcr ein vollmundiges Aroma (Zahnstocherspitze) aus.<br \/>\nTopisch: Als w\u00e4rmende Massage f\u00fcr Gelenke und Muskulatur 5 Tropfen mit 10 ml Tr\u00e4ger\u00f6l mischen. Als w\u00e4rmendes und beruhigendes Entspannungsbad 5 Tropfen mit 5 ml Tr\u00e4ger\u00f6l bzw. Mandelmilch oder Sahne verd\u00fcnnen. <\/p>\n<p><strong>Sichere Verwendung<\/strong><br \/>\nBitte achte darauf, innerlich nicht mehr als 1 Tropfen am Tag zu verwenden. Au\u00dferhalb der Reichweite von Kindern aufbewahren. Wenn du schwanger bist in \u00e4rztlicher Behandlung stehst, konsultiere bitte deinen Arzt. Kontakt mit Augen, Innenohren, Gesicht, empfindlichen Stellen und Schleimh\u00e4uten vermeiden. Bei topischer Verwendung die \u00d6le stets mit Tr\u00e4ger\u00f6l (z.B. fraktioniertem Kokos\u00f6l) verd\u00fcnnen.<\/p>\n","protected":false},"excerpt":{"rendered":"<h2 style=\"font-size: 28px;\">Das \u00d6l der Selbstsicherheit<\/h2>\n<p>doTERRA Cassia &#8211; Ist f\u00fcr seinen unverwechselbaren Duft und seine beruhigenden aufbauenden aromatischen Eigenschaften bekannt. In der K\u00fcche kann es wunderbar zur Verfeinerung von Speisen eingesetzt werden. Wegen seiner w\u00e4rmenden Wirkung ist es gerade in der k\u00e4lteren Jahreszeit oder nach dem Sport Entspannung pur.<\/p>\n","protected":false},"featured_media":523,"template":"","meta":{"_et_pb_use_builder":"","_et_pb_old_content":"","_et_gb_content_width":""},"product_cat":[15,50,1946],"product_tag":[92,93,94],"_links":{"self":[{"href":"https:\/\/www.magnolioworld.com\/green-ch\/wp-json\/wp\/v2\/product\/878"}],"collection":[{"href":"https:\/\/www.magnolioworld.com\/green-ch\/wp-json\/wp\/v2\/product"}],"about":[{"href":"https:\/\/www.magnolioworld.com\/green-ch\/wp-json\/wp\/v2\/types\/product"}],"wp:featuredmedia":[{"embeddable":true,"href":"https:\/\/www.magnolioworld.com\/green-ch\/wp-json\/wp\/v2\/media\/523"}],"wp:attachment":[{"href":"https:\/\/www.magnolioworld.com\/green-ch\/wp-json\/wp\/v2\/media?parent=878"}],"wp:term":[{"taxonomy":"product_cat","embeddable":true,"href":"https:\/\/www.magnolioworld.com\/green-ch\/wp-json\/wp\/v2\/product_cat?post=878"},{"taxonomy":"product_tag","embeddable":true,"href":"https:\/\/www.magnolioworld.com\/green-ch\/wp-json\/wp\/v2\/product_tag?post=878"}],"curies":[{"name":"wp","href":"https:\/\/api.w.org\/{rel}","templated":true}]}}