{"id":869,"date":"2020-04-22T14:01:56","date_gmt":"2020-04-22T12:01:56","guid":{"rendered":"https:\/\/www.magnolio.shop\/deep-blue-kit-deep-blue-kit-schmerzlindernde-lotion\/"},"modified":"2025-11-17T17:54:49","modified_gmt":"2025-11-17T16:54:49","slug":"doterra-deep-blue-kit","status":"publish","type":"product","link":"https:\/\/www.magnolioworld.com\/green-ch\/doterra-deep-blue-kit\/","title":{"rendered":"doTERRA Deep Blue Kit"},"content":{"rendered":"<p><strong>doTERRA Deep Blue Kit<\/strong> &#8211; Die ideale Kombination aus 2x der Deep Blue Creme und dem praktischen Deep Blue Roll-On.<\/p>\n<p>Beide beinhalten die \u00e4therische \u00d6lmischung Deep Blue. doTERRA Deep Blue Rub bietet eine eher cremige Konsistenz und k\u00fchlt wunderbar. W\u00e4hrend der Roll-On mit dem puren \u00d6l eine pflegende Erleichterung bei Verspannungen unterwegs schafft.<\/p>\n<p>doTERRA Deep Blue Rub hilft dann, wenn du nach k\u00f6rperlicher Anstrengung Verspannungen oder Unwohlsein f\u00fchlst. Es ist die perfekte Mischung aus \u00e4therischen \u00d6len, die in die Haut einmassiert einen angenehmen k\u00fchlenden Effekt haben.<\/p>\n<p>Deep Blue ist beruhigend und lindert das Gef\u00fchl von Verspannung und \u00dcberbeanspruchung des Bewegungsapparates, ist aber auch bei Spannungsgef\u00fchlen des Kopfes hilfreich.<\/p>\n<p>G\u00f6nne dir mit dem <strong>doTERRA Deep Blue Kit <\/strong>eine Entspannungsoase nach k\u00f6rperlicher Anstrengung und Verspannung oder zur Vorbeugung und gewinne neue Lebensqualit\u00e4t. Hier im praktischen Spar-Set.<\/p>\n<p><strong>Empfehlung<\/strong><br \/>\nEs gelten dieselben Empfehlungen wie bei Deep Blue Rub und Deep Blue Roll-On.<\/p>\n<p><strong>Sichere Anwendung<\/strong><br \/>\nEs gelten dieselben Sicherheitsempfehlungen wie f\u00fcr Deep Blue Rub und Deep Blue Roll-On.<\/p>\n","protected":false},"excerpt":{"rendered":"<h2>Linderndes Set<\/h2>\n<p><strong>doTERRA Deep Blue Kit<\/strong> &#8211; Die ideale Kombination aus 2x der Deep Blue Creme und dem Deep Blue \u00d6l im praktischen Roll-On pur f\u00fcr unterwegs. Beide beinhalten die \u00e4therische \u00d6lmischung Deep Blue. Hier als preisg\u00fcnstiges Spar-Set.<\/p>\n<p>G\u00f6nne dir diese Entspannungsoase nach k\u00f6rperlicher Anstrengung und Verspannung oder zur Vorbeugung und gewinne neue Lebensqualit\u00e4t.<\/p>\n","protected":false},"featured_media":10059,"template":"","meta":{"_et_pb_use_builder":"","_et_pb_old_content":"","_et_gb_content_width":""},"product_cat":[15,1921,39,54],"product_tag":[642,643],"_links":{"self":[{"href":"https:\/\/www.magnolioworld.com\/green-ch\/wp-json\/wp\/v2\/product\/869"}],"collection":[{"href":"https:\/\/www.magnolioworld.com\/green-ch\/wp-json\/wp\/v2\/product"}],"about":[{"href":"https:\/\/www.magnolioworld.com\/green-ch\/wp-json\/wp\/v2\/types\/product"}],"wp:featuredmedia":[{"embeddable":true,"href":"https:\/\/www.magnolioworld.com\/green-ch\/wp-json\/wp\/v2\/media\/10059"}],"wp:attachment":[{"href":"https:\/\/www.magnolioworld.com\/green-ch\/wp-json\/wp\/v2\/media?parent=869"}],"wp:term":[{"taxonomy":"product_cat","embeddable":true,"href":"https:\/\/www.magnolioworld.com\/green-ch\/wp-json\/wp\/v2\/product_cat?post=869"},{"taxonomy":"product_tag","embeddable":true,"href":"https:\/\/www.magnolioworld.com\/green-ch\/wp-json\/wp\/v2\/product_tag?post=869"}],"curies":[{"name":"wp","href":"https:\/\/api.w.org\/{rel}","templated":true}]}}