{"id":866,"date":"2020-04-22T14:01:56","date_gmt":"2020-04-22T12:01:56","guid":{"rendered":"https:\/\/www.magnolio.shop\/onguard-natural-toothpaste-sample-10-pack-onguard-natural-zahncreme-10er-probepack\/"},"modified":"2024-05-17T23:53:50","modified_gmt":"2024-05-17T21:53:50","slug":"doterra-on-guard-toothpaste-samples","status":"publish","type":"product","link":"https:\/\/www.magnolioworld.com\/green-ch\/doterra-on-guard-toothpaste-samples\/","title":{"rendered":"doTERRA On Guard Toothpaste Samples"},"content":{"rendered":"<p><strong>doTERRA On Guard Toothpaste Samples<\/strong> &#8211; Sch\u00fctzende Mischung Zahncreme im 10er Probepack\u00a0 &#8211; Die Vorteile der sch\u00fctzenden Mischung Zahncreme ideal zur Probe oder auf Reisen.<\/p>\n<p>doTERRA On Guard Zahnpasta Samples 10 pack ist eine nat\u00fcrliche und fluoridfreie Creme, mit der du deine Z\u00e4hne reinigen, Plaque reduzieren und deine Z\u00e4hne mit sanften Poliermitteln aufhellen kannst.<\/p>\n<p>Die doTERRA On Guard Toothpaste kombiniert die Vorteile der sch\u00fctzenden doTERRA On Guard-Mischung aus hochwertigen \u00e4therischen \u00d6len mit anderen nat\u00fcrlichen Inhaltsstoffen. Die doTERRA On Guard-Mischung aus \u00e4therischen \u00d6len von Wild Orange, Clove, Cinnamon Bark, Eucalyptus und Rosmary sorgt f\u00fcr einen zus\u00e4tzlichen Reinigungsschub. Geniesse diesen einzigartigen Geschmack, der deinen Atem und deine Zahnb\u00fcrste den ganzen Tag \u00fcber frisch und sauber h\u00e4lt.<\/p>\n<p>Zusammen mit der On Guard Mouthwash (Mundsp\u00fclung) und der On Guard Floss (Zahnseide) sind sie ein perfektes Zahnpflege-Trio f\u00fcr strahlend gesunde Z\u00e4hne.<\/p>\n<p>Allen gemeinsam ist die sch\u00fctzende Mischung doTERRA On Guard, die einen optimalen Schutz f\u00fcr das Immunsystem bietet. Gerade in diesen herausfordernden Zeiten ist es umso wichtiger, unser Immunsystem so optimal wie m\u00f6glich zu sch\u00fctzen, damit es gegen Krankheitserreger aller Art bestens ger\u00fcstet ist. Denn das Immunsystem ist eines der komplexesten Systeme in unserem K\u00f6rper, das st\u00e4ndig einsatzbereit sein muss, um gegen Bakterien, Viren, Toxine und Pilze sofort sch\u00fctzend eingreifen zu k\u00f6nnen. Gerade unsere Mundh\u00f6hle ist ein ideales Eintrittstor f\u00fcr Erreger aller Art und bedarf deshalb unseres ganz besonderen Schutzes. Die Sch\u00fctzende Mischung Zahncreme ist dabei eine unverzichtbare Hilfe.<\/p>\n<p>Unterst\u00fctze deine Z\u00e4hne mit der reinen Kraft der Natur durch die <strong>doTERRA On Guard Toothpaste<\/strong> und lassen sie lange gesund und strahlend aussehen. Optimal zusammen mit der On Guard Mundsp\u00fclung.<\/p>\n<p>Hier als Proben doTERRA On Guard Toothpaste Samples zum Probieren oder f\u00fcr die Reise.<\/p>\n<p>Lerne auch die anderen sch\u00fctzenden On Guard Produkte kennen.<\/p>\n<p><strong>Empfehlung<\/strong><br \/>\nNutze die On Guard Zahnpasta f\u00fcr optimal gepflegte Z\u00e4hne in deiner Zahnputzroutine morgens und abends. Optimal zusammen mit der On Guard Mundsp\u00fclung und der On Guard Zahnseide.<br \/>\nAnwendung: Eine erbsengro\u00dfe Menge Zahnpasta auf die angefeuchtete Zahnb\u00fcrste auftragen. Sanft, aber gr\u00fcndlich b\u00fcrsten, am besten morgens und abends sowie nach jeder Mahlzeit. Oder anwenden wie von deinem Zahnarzt empfohlen. Verwende f\u00fcr noch bessere Ergebnisse danach die On Guard Zahnseide und die On Guard Mundsp\u00fclung.<\/p>\n<p><strong>Sichere Verwendung<br \/>\n<\/strong>Nur wie angegeben verwenden. Au\u00dferhalb der Reichweite von Kindern aufbewahren.<\/p>\n","protected":false},"excerpt":{"rendered":"<h1>On Guard Zahnpasta Proben ideal f\u00fcr unterwegs<\/h1>\n<p>doTERRA On Guard Toothpaste Samples &#8211; Die Vorteile der sch\u00fctzenden Mischung Zahncreme ideal zur Probe oder auf Reisen. Zusammen mit der On Guard Mundsp\u00fclung und der On Guard Zahnseide sind sie ein perfektes Zahnpflege-Trio f\u00fcr strahlend gesunde Z\u00e4hne.<\/p>\n","protected":false},"featured_media":7881,"template":"","meta":{"_et_pb_use_builder":"","_et_pb_old_content":"","_et_gb_content_width":""},"product_cat":[15,53],"product_tag":[636,637],"_links":{"self":[{"href":"https:\/\/www.magnolioworld.com\/green-ch\/wp-json\/wp\/v2\/product\/866"}],"collection":[{"href":"https:\/\/www.magnolioworld.com\/green-ch\/wp-json\/wp\/v2\/product"}],"about":[{"href":"https:\/\/www.magnolioworld.com\/green-ch\/wp-json\/wp\/v2\/types\/product"}],"wp:featuredmedia":[{"embeddable":true,"href":"https:\/\/www.magnolioworld.com\/green-ch\/wp-json\/wp\/v2\/media\/7881"}],"wp:attachment":[{"href":"https:\/\/www.magnolioworld.com\/green-ch\/wp-json\/wp\/v2\/media?parent=866"}],"wp:term":[{"taxonomy":"product_cat","embeddable":true,"href":"https:\/\/www.magnolioworld.com\/green-ch\/wp-json\/wp\/v2\/product_cat?post=866"},{"taxonomy":"product_tag","embeddable":true,"href":"https:\/\/www.magnolioworld.com\/green-ch\/wp-json\/wp\/v2\/product_tag?post=866"}],"curies":[{"name":"wp","href":"https:\/\/api.w.org\/{rel}","templated":true}]}}