{"id":865,"date":"2020-04-22T14:01:56","date_gmt":"2020-04-22T12:01:56","guid":{"rendered":"https:\/\/www.magnolio.shop\/onguard-natural-whitening-toothpaste-3-pack-onguard-natural-whitening-zahncreme-3er-pack\/"},"modified":"2025-11-17T17:20:00","modified_gmt":"2025-11-17T16:20:00","slug":"doterra-on-guard-toothpaste-3er","status":"publish","type":"product","link":"https:\/\/www.magnolioworld.com\/green-ch\/doterra-on-guard-toothpaste-3er\/","title":{"rendered":"doTERRA On Guard Toothpaste 3er"},"content":{"rendered":"<p><strong>doTERRA On Guard Toothpaste 3er<\/strong> &#8211; Ist die Sch\u00fctzende Mischung Zahnpasta im sparsamen 3er Pack.<\/p>\n<p>Die Zahnpasta ist eine nat\u00fcrliche und fluoridfreie Creme, mit der du deine Z\u00e4hne reinigen, Plaque reduzieren und deine Z\u00e4hne mit sanften Poliermitteln aufhellen kannst.<\/p>\n<p>Die doTERRA On Guard Toothpaste kombiniert die Vorteile der sch\u00fctzenden doTERRA On Guard-Mischung aus hochwertigen \u00e4therischen \u00d6len mit anderen nat\u00fcrlichen Inhaltsstoffen. Die doTERRA On Guard-Mischung aus \u00e4therischen \u00d6len von Wild Orange, Clove, Cinnamon Bark, Eucalyptus und Rosemary sorgt f\u00fcr einen zus\u00e4tzlichen Reinigungsschub. Geniesse diesen einzigartigen Geschmack, der deinen Atem und deine Zahnb\u00fcrste den ganzen Tag \u00fcber frisch und sauber h\u00e4lt.<\/p>\n<p>Zusammen mit der On Guard Mouthwash (Mundsp\u00fclung) und der On Guard Floss (Zahnseide) sind sie ein perfektes Zahnpflege-Trio f\u00fcr strahlend gesunde Z\u00e4hne.<\/p>\n<p>Allen gemeinsam ist die sch\u00fctzende Mischung doTERRA On Guard, die einen optimalen Schutz f\u00fcr das Immunsystem bietet. In diesen besonderen Zeiten st\u00fcrmt von au\u00dfen so viel auf uns ein. Umso wichtiger ist es, unser Immunsystem so optimal wie m\u00f6glich zu sch\u00fctzen, damit es gegen \u00e4ussere Einfl\u00fcsse aller Art bestens ger\u00fcstet ist. <\/p>\n<p>Doch gerade auch Krisenzeiten, Stress und belastende Umweltsituationen schw\u00e4chen diesen Schutzschirm ganz massiv. So braucht unser Immunsystem jetzt das ganze Jahr die bestm\u00f6gliche Unterst\u00fctzung. Denn ein angeschlagenes Immunsystem kann dich leicht aus der Bahn werfen und f\u00fcr Wochen stilllegen. Gerade unsere Mundh\u00f6hle ist ein ideales Eintrittstor f\u00fcr Erreger aller Art und bedarf deshalb unseres ganz besonderen Schutzes. Die Sch\u00fctzende Mischung Zahncreme ist dabei eine unverzichtbare Hilfe.<\/p>\n<p>Unterst\u00fctze deine Z\u00e4hne mit der reinen Kraft der Natur durch die <strong>doTERRA On Guard Toothpaste<\/strong> und lassen sie lange gesund und strahlend aussehen. Optimal zusammen mit der On Guard Mundsp\u00fclung.<\/p>\n<p>Hier im preisg\u00fcnstigen <strong>doTERRA On Guard Toothpaste 3er<\/strong> Set.<\/p>\n<p>Lerne auch die anderen sch\u00fctzenden On Guard Produkte kennen.<\/p>\n<p><strong>Empfehlung<\/strong><br \/>\nNutze die On Guard Zahnpasta f\u00fcr optimal gepflegte Z\u00e4hne in deiner Zahnputzroutine morgens und abends. Optimal zusammen mit der On Guard Mundsp\u00fclung und der On Guard Zahnseide.<br \/>\nAnwendung: Eine erbsengro\u00dfe Menge Zahnpasta auf die angefeuchtete Zahnb\u00fcrste auftragen. Sanft, aber gr\u00fcndlich b\u00fcrsten, am besten morgens und abends sowie nach jeder Mahlzeit. Oder anwenden wie von deinem Zahnarzt empfohlen. Verwende f\u00fcr noch bessere Ergebnisse danach die On Guard Zahnseide und die On Guard Mundsp\u00fclung.<\/p>\n<p><strong>Sichere Verwendung<br \/>\n<\/strong>Nur wie angegeben verwenden. Au\u00dferhalb der Reichweite von Kindern aufbewahren.<\/p>\n","protected":false},"excerpt":{"rendered":"<h2 style=\"font-size: 28px;\">Sch\u00fctzende Zahnpasta 3er Pack<\/h2>\n<p>doTERRA On Guard Toothpaste 3er &#8211; Die Zahnpasta ist eine nat\u00fcrliche und fluoridfreie L\u00f6sung, mit der du deine Z\u00e4hne reinigen, Plaque reduzieren und deine Z\u00e4hne mit sanften Poliermitteln aufhellen kannst. Hier im g\u00fcnstigen 3er Set.<\/p>\n","protected":false},"featured_media":7880,"template":"","meta":{"_et_pb_use_builder":"","_et_pb_old_content":"","_et_gb_content_width":""},"product_cat":[15,1925,53],"product_tag":[634,635],"_links":{"self":[{"href":"https:\/\/www.magnolioworld.com\/green-ch\/wp-json\/wp\/v2\/product\/865"}],"collection":[{"href":"https:\/\/www.magnolioworld.com\/green-ch\/wp-json\/wp\/v2\/product"}],"about":[{"href":"https:\/\/www.magnolioworld.com\/green-ch\/wp-json\/wp\/v2\/types\/product"}],"wp:featuredmedia":[{"embeddable":true,"href":"https:\/\/www.magnolioworld.com\/green-ch\/wp-json\/wp\/v2\/media\/7880"}],"wp:attachment":[{"href":"https:\/\/www.magnolioworld.com\/green-ch\/wp-json\/wp\/v2\/media?parent=865"}],"wp:term":[{"taxonomy":"product_cat","embeddable":true,"href":"https:\/\/www.magnolioworld.com\/green-ch\/wp-json\/wp\/v2\/product_cat?post=865"},{"taxonomy":"product_tag","embeddable":true,"href":"https:\/\/www.magnolioworld.com\/green-ch\/wp-json\/wp\/v2\/product_tag?post=865"}],"curies":[{"name":"wp","href":"https:\/\/api.w.org\/{rel}","templated":true}]}}