{"id":862,"date":"2020-04-22T14:01:55","date_gmt":"2020-04-22T12:01:55","guid":{"rendered":"https:\/\/www.magnolio.shop\/onguard-mouth-wash-onguard-mundspuelung\/"},"modified":"2024-05-17T23:55:28","modified_gmt":"2024-05-17T21:55:28","slug":"doterra-on-guard-mouthwash","status":"publish","type":"product","link":"https:\/\/www.magnolioworld.com\/green-ch\/doterra-on-guard-mouthwash\/","title":{"rendered":"doTERRA On Guard Mouthwash"},"content":{"rendered":"<p><strong>doTERRA On Guard Mouthwash<\/strong> &#8211; Die Kraft der immunsch\u00fctzenden Mischung On Guard f\u00fcr einen frischen und hygienischen Mundraum, der Erregern keine Chance l\u00e4sst.<\/p>\n<p>Die Sch\u00fctzende Mundsp\u00fclung ist ein wirksamer Schutz zur Mundhygiene in jedem Winkel des Mundraums. Durch den Miswak-Extrakt wird die Plaquebildung reduziert und die Z\u00e4hne bleiben porentief sauber. Au\u00dferdem wird Erregern im Mundraum vorgebeugt.<\/p>\n<p>doTERRA On Guard Mouthwash kombiniert die Vorteile der sch\u00fctzenden doTERRA On Guard-Mischung aus hochwertigen \u00e4therischen \u00d6len mit anderen nat\u00fcrlichen Inhaltsstoffen. Die doTERRA On Guard-Mischung aus \u00e4therischen \u00d6len von Wild Orange, Clove, Cinnamon Bark, Eucalyptus und Rosemary sorgt f\u00fcr einen zus\u00e4tzlichen Reinigungsschub. Geniesse diesen einzigartigen Geschmack, der deinen Atem den ganzen Tag \u00fcber frisch und sauber h\u00e4lt.<\/p>\n<p>Zusammen mit der On Guard Toothpaste (Zahnpasta) und On Guard Floss (Zahnseide) sind sie ein perfektes Zahnpflege-Trio f\u00fcr strahlend gesunde Z\u00e4hne.<\/p>\n<p>Allen gemeinsam ist die sch\u00fctzende Mischung doTERRA On Guard, die einen optimalen Schutz f\u00fcr das Immunsystem bietet. Gerade in diesen herausfordernden Zeiten ist es umso wichtiger, unser Immunsystem so optimal wie m\u00f6glich zu sch\u00fctzen, damit es gegen Krankheitserreger aller Art bestens ger\u00fcstet ist. Gerade unsere Mundh\u00f6hle ist ein ideales Eintrittstor f\u00fcr Erreger aller Art und bedarf deshalb unseres ganz besonderen Schutzes. Die Mundsp\u00fclung ist dabei eine unverzichtbare Hilfe.<\/p>\n<p>Unterst\u00fctze deine Z\u00e4hne mit der reinen Kraft der Natur durch <strong>doTERRA On Guard Mouthwash <\/strong>und lasse sie lange gesund und strahlend aussehen. Optimal zusammen mit den anderen On Guard Zahnpflege Produkten.<\/p>\n<p>Lerne auch die anderen sch\u00fctzenden On Guard Produkte kennen.<\/p>\n<p><strong>Empfehlung<br \/>\n<\/strong> Nutze On Guard Mouthwash f\u00fcr optimal gepflegte Z\u00e4hne in deiner Zahnputzroutine morgens und abends nach der Zahnreinigung. Optimal zusammen mit dem On Guard Floss. Verwende die Mundsp\u00fclung in Zeiten eines erh\u00f6hten Hygienebedarfs auch zwischendurch.<br \/>\nAnwendung: Gib ein nach der Reinigung mit der Zahnpasta und Zahnseide eine Verschlusskappe der Mundsp\u00fclung in ein Glas Wasser und sp\u00fcle damit einige Minuten den Mund. F\u00fcr bessere Hygiene zus\u00e4tzlich gurgeln. Achte darauf, die L\u00f6sung nicht zu schlucken.<\/p>\n<p><strong>Sichere Verwendung<br \/>\n<\/strong>Au\u00dferhalb der Reichweite von Kindern aufbewahren. Nicht schlucken. Nicht verwenden, wenn das Verschluss-Siegel angebrochen ist oder fehlt.<\/p>\n","protected":false},"excerpt":{"rendered":"<h2 style=\"font-size: 28px;\">Sch\u00fctzende Mundsp\u00fclung<\/h2>\n<p>doTERRA On Guard Mouthwash &#8211; Die Kraft der sch\u00fctzenden Mischung On Guard f\u00fcr einen frischen und hygienischen Mundraum. Zusammen mit der On Guard Zahnpasta und der On Guard Zahnseide sind sie ein perfektes Zahnpflege-Trio f\u00fcr strahlend gesunde Z\u00e4hne.<\/p>\n","protected":false},"featured_media":3591,"template":"","meta":{"_et_pb_use_builder":"","_et_pb_old_content":"","_et_gb_content_width":""},"product_cat":[15,1925,53],"product_tag":[628,629],"_links":{"self":[{"href":"https:\/\/www.magnolioworld.com\/green-ch\/wp-json\/wp\/v2\/product\/862"}],"collection":[{"href":"https:\/\/www.magnolioworld.com\/green-ch\/wp-json\/wp\/v2\/product"}],"about":[{"href":"https:\/\/www.magnolioworld.com\/green-ch\/wp-json\/wp\/v2\/types\/product"}],"wp:featuredmedia":[{"embeddable":true,"href":"https:\/\/www.magnolioworld.com\/green-ch\/wp-json\/wp\/v2\/media\/3591"}],"wp:attachment":[{"href":"https:\/\/www.magnolioworld.com\/green-ch\/wp-json\/wp\/v2\/media?parent=862"}],"wp:term":[{"taxonomy":"product_cat","embeddable":true,"href":"https:\/\/www.magnolioworld.com\/green-ch\/wp-json\/wp\/v2\/product_cat?post=862"},{"taxonomy":"product_tag","embeddable":true,"href":"https:\/\/www.magnolioworld.com\/green-ch\/wp-json\/wp\/v2\/product_tag?post=862"}],"curies":[{"name":"wp","href":"https:\/\/api.w.org\/{rel}","templated":true}]}}