{"id":849,"date":"2020-04-22T14:01:53","date_gmt":"2020-04-22T12:01:53","guid":{"rendered":"https:\/\/www.magnolio.shop\/lumo-diffuser-lumo-diffuser\/"},"modified":"2024-07-15T22:19:32","modified_gmt":"2024-07-15T20:19:32","slug":"doterra-lumo-diffuser","status":"publish","type":"product","link":"https:\/\/www.magnolioworld.com\/green-ch\/doterra-lumo-diffuser\/","title":{"rendered":"doTERRA Lumo Diffuser"},"content":{"rendered":"<p><strong>doTERRA Lumo Diffuser<\/strong> &#8211; Der formsch\u00f6ne Vernebler f\u00fcr die stylische Verwendung der \u00d6le in deinem Zuhause.<br \/>\nVerwandel durch die Vernebelung deiner Lieblings\u00f6le mithilfe eines individuellen, von der Natur inspirierten Ultraschall-Diffusors, jeden Raum in eine friedvolle und erbauliche Umgebung.<\/p>\n<p>Der Sockel des Lumo Diffusers ist aus Ahornholz. Die verschiedenen Lichtszenarien sind von nat\u00fcrlichen Lichtstimmungen inspiriert. Der Lumo Diffuser verf\u00fcgt \u00fcber verschiedene Einstellungsm\u00f6glichkeiten und kann 2 bis 5 Stunden ohne Unterbrechung und bis zu 10 Stunden mit Unterbrechungen in Betrieb genommen werden.<\/p>\n<p>Ideal zusammen mit einem wertvollen \u00e4therischen \u00d6l als besondere Geschenkidee.<\/p>\n<p><strong>Empfehlung<\/strong><br \/>\nBeachte die Anwendungsempfehlungen in der Produktbeschreibung<\/p>\n<p><strong>Sichere Anwendung<\/strong><br \/>\nBeachte die Sicherheitshinweise in der Produktbeschreibung<\/p>\n","protected":false},"excerpt":{"rendered":"<h2 style=\"font-size: 28px;\">Der formsch\u00f6ne Vernebler<\/h2>\n<p>doTERRA Lumo Diffuser &#8211; Der formsch\u00f6ne und stylische Vernebler f\u00fcr die Verwendung der \u00d6le in deinem Zuhause oder in der Firma und Praxis.<\/p>\n","protected":false},"featured_media":7866,"template":"","meta":{"_et_pb_use_builder":"","_et_pb_old_content":"","_et_gb_content_width":""},"product_cat":[15,57],"product_tag":[597],"_links":{"self":[{"href":"https:\/\/www.magnolioworld.com\/green-ch\/wp-json\/wp\/v2\/product\/849"}],"collection":[{"href":"https:\/\/www.magnolioworld.com\/green-ch\/wp-json\/wp\/v2\/product"}],"about":[{"href":"https:\/\/www.magnolioworld.com\/green-ch\/wp-json\/wp\/v2\/types\/product"}],"wp:featuredmedia":[{"embeddable":true,"href":"https:\/\/www.magnolioworld.com\/green-ch\/wp-json\/wp\/v2\/media\/7866"}],"wp:attachment":[{"href":"https:\/\/www.magnolioworld.com\/green-ch\/wp-json\/wp\/v2\/media?parent=849"}],"wp:term":[{"taxonomy":"product_cat","embeddable":true,"href":"https:\/\/www.magnolioworld.com\/green-ch\/wp-json\/wp\/v2\/product_cat?post=849"},{"taxonomy":"product_tag","embeddable":true,"href":"https:\/\/www.magnolioworld.com\/green-ch\/wp-json\/wp\/v2\/product_tag?post=849"}],"curies":[{"name":"wp","href":"https:\/\/api.w.org\/{rel}","templated":true}]}}