{"id":848,"date":"2020-04-22T14:01:53","date_gmt":"2020-04-22T12:01:53","guid":{"rendered":"https:\/\/www.magnolio.shop\/terragreens-terragreens\/"},"modified":"2026-03-17T21:44:30","modified_gmt":"2026-03-17T20:44:30","slug":"doterra-terragreens","status":"publish","type":"product","link":"https:\/\/www.magnolioworld.com\/green-ch\/doterra-terragreens\/","title":{"rendered":"doTERRA TerraGreens"},"content":{"rendered":"<p><strong>doTERRA TerraGreens<\/strong> &#8211; Die schnelle Vitaminbombe<\/p>\n<p>Dieses Pulver ist eine gesch\u00fctzte Rezeptur aus vollwertigem Obst, Gem\u00fcse, Superfr\u00fcchten und doTERRA CPTG \u00e4therischen \u00d6len. Das Mixpulver verpackt wertvolles Obst und Gem\u00fcse als praktisches Nahrungserg\u00e4nzungsmittel. Einfach in 250 ml Fl\u00fcssigkeit einr\u00fchren.<\/p>\n<p>In dem Pulver sind hochwertige Zutaten und Superfood enthalten. An Gem\u00fcse ist<\/p>\n<div class=\"product-whats-inside__tab-wrap\">\n<div class=\"product-whats-inside__content\">\n<ul class=\"product-whats-inside__info-list custom-list\">\n<li class=\"product-whats-inside__info-list-item\">Gr\u00fcnkohl<\/li>\n<li class=\"product-whats-inside__info-list-item\">L\u00f6wenzahn<\/li>\n<li class=\"product-whats-inside__info-list-item\">Weizengras<\/li>\n<li class=\"product-whats-inside__info-list-item\">Luzerne<\/li>\n<li class=\"product-whats-inside__info-list-item\">Spinat<\/li>\n<li class=\"product-whats-inside__info-list-item\">Mango<\/li>\n<li class=\"product-whats-inside__info-list-item\">Guave<\/li>\n<li class=\"product-whats-inside__info-list-item\">Mangosten<\/li>\n<li class=\"product-whats-inside__info-list-item\">Acerola<\/li>\n<li class=\"product-whats-inside__info-list-item\">Ingwer<\/li>\n<li class=\"product-whats-inside__info-list-item\">Zitronenschalen<\/li>\n<li class=\"product-whats-inside__info-list-item\">Vitamin C<\/li>\n<\/ul>\n<p>\n<strong>doTERRA Terragreens<\/strong> ist der gesunde schnelle Vitaminkick f\u00fcr jeden Tag, der wundervollen Schwung und Energie f\u00fcr die ganze Familie bringt.<\/p>\n<p><strong>Empfehlung<\/strong><br \/>\nEinen L\u00f6ffel in 250 ml Wasser oder dein Lieblingsgetr\u00e4nk einr\u00fchren und sofort trinken. <\/p>\n<p><strong>Sichere Verwendung<\/strong><br \/>\nAu\u00dferhalb der Reichweite von Kindern aufbewahren. Achte darauf, die empfohlene t\u00e4gliche Dosis nicht zu \u00fcberschreiten. Bitte beachte, dass Nahrungserg\u00e4nzungen eine vollwertige und ausgeglichene Ern\u00e4hrung sowie einen gesunden Lebensstil nicht ersetzen k\u00f6nnen. Schwangere und Stillende sowie Menschen mit bekannten gesundheitlichen Schwierigkeiten vor der Einnahme \u00e4rztlichen Rat einholen. Aufbewahrung an einem k\u00fchlen, trockenen Ort. Dabei bitte das Mindesthaltbarkeitsdatum (siehe Flaschenboden) beachten.<\/p>\n<\/div>\n<\/div>\n","protected":false},"excerpt":{"rendered":"<h2 style=\"font-size: 28px;\">Der schnelle Vitaminkick<\/h2>\n<p>doTERRA Terragreens &#8211; G\u00f6nne dir die ausgewogene Obst- und Gem\u00fcsemischung f\u00fcr eine gesunde und ausgewogene Ern\u00e4hrung f\u00fcr die ganze Familie. Ideal auch in herausfordernden Zeiten und zur Regeneration.<\/p>\n","protected":false},"featured_media":3209,"template":"","meta":{"_et_pb_use_builder":"","_et_pb_old_content":"","_et_gb_content_width":""},"product_cat":[15,52,43],"product_tag":[594],"_links":{"self":[{"href":"https:\/\/www.magnolioworld.com\/green-ch\/wp-json\/wp\/v2\/product\/848"}],"collection":[{"href":"https:\/\/www.magnolioworld.com\/green-ch\/wp-json\/wp\/v2\/product"}],"about":[{"href":"https:\/\/www.magnolioworld.com\/green-ch\/wp-json\/wp\/v2\/types\/product"}],"wp:featuredmedia":[{"embeddable":true,"href":"https:\/\/www.magnolioworld.com\/green-ch\/wp-json\/wp\/v2\/media\/3209"}],"wp:attachment":[{"href":"https:\/\/www.magnolioworld.com\/green-ch\/wp-json\/wp\/v2\/media?parent=848"}],"wp:term":[{"taxonomy":"product_cat","embeddable":true,"href":"https:\/\/www.magnolioworld.com\/green-ch\/wp-json\/wp\/v2\/product_cat?post=848"},{"taxonomy":"product_tag","embeddable":true,"href":"https:\/\/www.magnolioworld.com\/green-ch\/wp-json\/wp\/v2\/product_tag?post=848"}],"curies":[{"name":"wp","href":"https:\/\/api.w.org\/{rel}","templated":true}]}}