{"id":846,"date":"2020-04-22T14:01:52","date_gmt":"2020-04-22T12:01:52","guid":{"rendered":"https:\/\/www.magnolio.shop\/mito2max-mito2max\/"},"modified":"2025-12-29T17:36:54","modified_gmt":"2025-12-29T16:36:54","slug":"doterra-mito2max","status":"publish","type":"product","link":"https:\/\/www.magnolioworld.com\/green-ch\/doterra-mito2max\/","title":{"rendered":"doTERRA Mito2Max"},"content":{"rendered":"<p><strong>doTERRA Mito2Max<\/strong> &#8211; Der wirkungsvolle und ganz nat\u00fcrliche Wachmacher f\u00fcr zwischendurch<\/p>\n<p>Der menschliche K\u00f6rper besteht aus Billionen von Zellen. Die Synergien zwischen diesen Zellen ist bei genauerer Betrachtung immer wieder bemerkenswert. Die Mitrochondrien stellen die \u201eEnergie\u201c f\u00fcr das Leben dieser Zellen zur Verf\u00fcgung. Mit zunehmendem Alter nimmt die Leistung der Mitrochondrien jedoch ab. In der Folge verf\u00fcgen wir \u00fcber weniger Energie und mehr giftige Zellabgase. Sportarten und Aktivit\u00e4ten, die wir in unserer Jugend genossen haben, sind nicht mehr so einfach durchzuf\u00fchren. <\/p>\n<p>Manch einer versucht, seine Energie durch Koffein und andere Stimulanzien, die einen schnellen Kick verleihen k\u00f6nnen, zu erh\u00f6hen. Doch oft hinterlassen uns diese Substanzen schlechter als zuvor. Mito2Max, die einzigartige Rezeptur von doTERRA, mit dem Hauptbestandteil Acetyl-L-Carnitin unterst\u00fctzt einen gesunden, aktiven Lebensstil. Es enth\u00e4lt zudem Oligonol\u00ae, eine einzigartige Antioxidantienmischung, die biologisch aktive Polyphenole aus Litschi-Fr\u00fcchten und gr\u00fcnem Tee kombiniert. Ein weiterer wichtiger Bestandteil von Mito2Max ist Ashwaganda-Wurzelextrakt. Ashwaganda wird aufgrund seiner vielf\u00e4ltigen Einsatzm\u00f6glichkeiten als \u201eKraut des Alters\u201c bezeichnet. Ashwaganda wird seit Generationen erforscht und kann die Stimmung positiv beeinflussen sowie das Nervensystem beruhigen.<\/p>\n<p><strong>doTERRA Mito2Max<\/strong> &#8211; Wachheit auf ganz nat\u00fcrliche Art und Weise ohne aufzuputschen.<\/p>\n<p><strong>Empfehlung<\/strong><br \/>\n2 doTERRA Mito2Max Kapsel t\u00e4glich bei Bedarf<\/p>\n<p><strong>Sichere Verwendung<\/strong><br \/>\nAu\u00dferhalb der Reichweite von Kindern aufbewahren. Achte darauf, die empfohlene t\u00e4gliche Dosis nicht zu \u00fcberschreiten. Bitte beachte, dass Nahrungserg\u00e4nzungen eine vollwertige und ausgeglichene Ern\u00e4hrung sowie einen gesunden Lebensstil nicht ersetzen k\u00f6nnen. Schwangere und Stillende sowie Menschen mit bekannten gesundheitlichen Schwierigkeiten vor der Einnahme \u00e4rztlichen Rat einholen. Aufbewahrung an einem k\u00fchlen, trockenen Ort. Dabei bitte das Mindesthaltbarkeitsdatum (siehe Flaschenboden) beachten.<\/p>\n","protected":false},"excerpt":{"rendered":"<h2 style=\"font-size: 28px;\">Der nat\u00fcrliche und schnelle Wachmacher<\/h2>\n<p>doTERRA Mito2Max &#8211; Der schnelle und vor allem nat\u00fcrliche Wachmacher ohne aufputschende Wirkung. Damit kannst du jedes Tief rasch und effektiv \u00fcberwinden und so neue Energie und Kraft erlangen.<\/p>\n","protected":false},"featured_media":3203,"template":"","meta":{"_et_pb_use_builder":"","_et_pb_old_content":"","_et_gb_content_width":""},"product_cat":[15,52,36,41,1949,1966,1986],"product_tag":[592],"_links":{"self":[{"href":"https:\/\/www.magnolioworld.com\/green-ch\/wp-json\/wp\/v2\/product\/846"}],"collection":[{"href":"https:\/\/www.magnolioworld.com\/green-ch\/wp-json\/wp\/v2\/product"}],"about":[{"href":"https:\/\/www.magnolioworld.com\/green-ch\/wp-json\/wp\/v2\/types\/product"}],"wp:featuredmedia":[{"embeddable":true,"href":"https:\/\/www.magnolioworld.com\/green-ch\/wp-json\/wp\/v2\/media\/3203"}],"wp:attachment":[{"href":"https:\/\/www.magnolioworld.com\/green-ch\/wp-json\/wp\/v2\/media?parent=846"}],"wp:term":[{"taxonomy":"product_cat","embeddable":true,"href":"https:\/\/www.magnolioworld.com\/green-ch\/wp-json\/wp\/v2\/product_cat?post=846"},{"taxonomy":"product_tag","embeddable":true,"href":"https:\/\/www.magnolioworld.com\/green-ch\/wp-json\/wp\/v2\/product_tag?post=846"}],"curies":[{"name":"wp","href":"https:\/\/api.w.org\/{rel}","templated":true}]}}