{"id":842,"date":"2020-04-22T14:01:52","date_gmt":"2020-04-22T12:01:52","guid":{"rendered":"https:\/\/www.magnolio.shop\/xeo-mega-120-kapseln-xeo-mega-120-kapseln\/"},"modified":"2024-05-17T20:16:35","modified_gmt":"2024-05-17T18:16:35","slug":"doterra-xeo-mega","status":"publish","type":"product","link":"https:\/\/www.magnolioworld.com\/green-ch\/doterra-xeo-mega\/","title":{"rendered":"doTERRA xEO Mega"},"content":{"rendered":"<p><strong>doTERRA xEO Mega<\/strong> &#8211; der optimale Omega-Komplex &#8211; <strong>NEU! Reformulierte Zusammensetzung<\/strong><\/p>\n<p>Der Omega-Komplex doTERRA xEO Mega Essential Oil ist eine einzigartige Formel aus CPTG-zertifizierten \u00e4therischen Pure Therapeutic Grade\u00ae-\u00d6len und einer firmeneigenen Mischung aus Omega-Fetts\u00e4uren aus dem Meer und vom Land. Omega-Fetts\u00e4uren unterst\u00fctzen die Gesundheit der Gelenke, des Herz-Kreislauf-Systems und des Gehirns sowie die gesunde Immunfunktion. Eine Portion doTERRA xEO Mega enth\u00e4lt 900 Milligramm marine Lipide (300 mg EPA, 300 mg DHA und 70 mg anderer Omega-3-Fetts\u00e4uren) und eine Mischung aus 250 mg pflanzlichen Fetts\u00e4uren. xEO Mega enth\u00e4lt au\u00dferdem 800 IE nat\u00fcrliches Vitamin D, 60 IE nat\u00fcrliches Vitamin E und 1 mg Astaxanthin, ein starkes Antioxidans, das aus Mikroalgen gewonnen wird. xEO Mega ist in einem vegetarierfreundlichen Softgel eingekapselt. Zus\u00e4tzlich wurden in der Neuformulierung von doTERRA xEO Mega die Vorteile von Echium-Samen\u00f6l, Traubenkern\u00f6l und Vitamin A hinzugef\u00fcgt<\/p>\n<p>Essentielle Fetts\u00e4uren (EFAs) sind N\u00e4hrstoffe, die f\u00fcr viele Schl\u00fcsselfunktionen im menschlichen K\u00f6rper ben\u00f6tigt werden, einschlie\u00dflich Zellwachstum, Gehirnentwicklung, Muskelaktivit\u00e4t, Immunfunktion, Gelenkgesundheit und viele andere. W\u00e4hrend einige Fetts\u00e4uren im K\u00f6rper produziert werden k\u00f6nnen, k\u00f6nnen &#8220;Essentielle&#8221; Fetts\u00e4uren nicht von unserem K\u00f6rper produziert werden. Deshalb m\u00fcssen wir uns auf die Nahrung verlassen, dass sie uns diese wichtigen N\u00e4hrstoffe liefert.<\/p>\n<p>Die h\u00e4ufigsten essentiellen Fetts\u00e4uren sind Omega-6- und Omega-3-Fetts\u00e4uren. Die moderne Wissenschaft legt nahe, dass Menschen f\u00fcr eine optimale Gesundheit ein Eins-zu-Eins-Verh\u00e4ltnis von Omega-6 zu essentiellen Omega-3-Fetts\u00e4uren zu sich nehmen sollten. Aufgrund des \u00dcberflusses an Omega-6-Fetts\u00e4uren in pflanzlichen \u00d6len und unseres zunehmenden Verzehrs von frittierten und fetthaltigen Lebensmitteln enth\u00e4lt eine typische westliche Ern\u00e4hrung leider Omega-6-Fetts\u00e4uren in einem Verh\u00e4ltnis von 20 zu 1! W\u00e4hrend unsere Ern\u00e4hrung einige Omega-6-Fetts\u00e4uren als lebenswichtige N\u00e4hrstoffe enthalten muss, ist der \u00fcberm\u00e4\u00dfige Verzehr von Omega-6-Fetts\u00e4uren und anderen ungesunden geh\u00e4rteten Fetts\u00e4uren oder Transfetten mit einer schlechten Gesundheit verbunden. Studien verbinden auch eine geringe Aufnahme von Omega-3-Fetts\u00e4uren mit einer verminderten Stimmung und kognitiven Funktion.<\/p>\n<p>Umgekehrt gibt es zahlreiche wissenschaftliche Belege f\u00fcr die gesundheitlichen Vorteile einer erh\u00f6hten Aufnahme von Omega-3-Fetts\u00e4uren \u00fcber die Nahrung. Studien haben gezeigt, dass ein zunehmender Konsum von Omega-3-Fetts\u00e4uren sich positiv auf die Herz-Kreislauf-Gesundheit und die Gehirnfunktion auswirkt und eine gesunde Immunfunktion f\u00f6rdert Mobilit\u00e4t und die Gesundheit der Haut.<\/p>\n<p>Die Wiederherstellung des Gleichgewichts zwischen Omega-3- und Omega-6-Fetts\u00e4uren ist ein wichtiger Schritt, um Ihren K\u00f6rper gesund zu halten. Dies kann erreicht werden, indem Sie weniger ungesunde Lebensmittel mit hohem Omega-6-Fetts\u00e4uregehalt zu sich nehmen und mehr Lebensmittel mit hohem Omega-3-Fetts\u00e4uregehalt zu sich nehmen. Fisch ist eine ausgezeichnete Quelle f\u00fcr Omega-3-Fetts\u00e4uren in der Nahrung, aber Omega-3-Fetts\u00e4uren sind auch in Raps\u00f6l und den \u00d6len einiger N\u00fcsse und Samen enthalten. Aufgrund der wachsenden Besorgnis \u00fcber die in den Weltmeeren vorhandenen Gift- und Schwermetallwerte ist der t\u00e4gliche Verzehr von Fisch als Quelle von Omega-3-Fetts\u00e4uren f\u00fcr manche Verbraucher nicht akzeptabel. Tats\u00e4chlich warnen viele Ern\u00e4hrungsexperten vor h\u00e4ufigem Verzehr von Fisch, um die Exposition gegen\u00fcber diesen giftigen Schadstoffen zu verhindern. Eine Portion xEO Mega\u00ae enth\u00e4lt 900 Milligramm reine, mikrofiltrierte marine Lipide mit 300 mg EPA, 300 mg DHA und 70 mg anderer Omega-3-Fetts\u00e4uren. Hinzu kommen 200 mg pflanzliches Omega-3-reiches Echiumsamen\u00f6l sowie 50 mg Granatapfelkernen\u00f6l.<\/p>\n<p>doTERRA xEO Mega &#8211; die optimale Versorgung mit hochwertigen Omega-Fetts\u00e4uren.<\/p>\n","protected":false},"excerpt":{"rendered":"<h2 style=\"font-size: 28px;\">Omegakomplex &#8211; NEU! Reformulierte Zusammensetzung<\/h2>\n<p>doTERRA xEO Mega &#8211; Die optimale Versorgung mit Omega-Fetts\u00e4uren mit zus\u00e4tzlichen Vorteilen und wirksamerer Zusammensetzung.<\/p>\n","protected":false},"featured_media":3211,"template":"","meta":{"_et_pb_use_builder":"","_et_pb_old_content":"","_et_gb_content_width":""},"product_cat":[15,52,44,36,1945,2002,2003,1972],"product_tag":[587],"_links":{"self":[{"href":"https:\/\/www.magnolioworld.com\/green-ch\/wp-json\/wp\/v2\/product\/842"}],"collection":[{"href":"https:\/\/www.magnolioworld.com\/green-ch\/wp-json\/wp\/v2\/product"}],"about":[{"href":"https:\/\/www.magnolioworld.com\/green-ch\/wp-json\/wp\/v2\/types\/product"}],"wp:featuredmedia":[{"embeddable":true,"href":"https:\/\/www.magnolioworld.com\/green-ch\/wp-json\/wp\/v2\/media\/3211"}],"wp:attachment":[{"href":"https:\/\/www.magnolioworld.com\/green-ch\/wp-json\/wp\/v2\/media?parent=842"}],"wp:term":[{"taxonomy":"product_cat","embeddable":true,"href":"https:\/\/www.magnolioworld.com\/green-ch\/wp-json\/wp\/v2\/product_cat?post=842"},{"taxonomy":"product_tag","embeddable":true,"href":"https:\/\/www.magnolioworld.com\/green-ch\/wp-json\/wp\/v2\/product_tag?post=842"}],"curies":[{"name":"wp","href":"https:\/\/api.w.org\/{rel}","templated":true}]}}