{"id":838,"date":"2020-04-22T14:01:51","date_gmt":"2020-04-22T12:01:51","guid":{"rendered":"https:\/\/www.magnolio.shop\/zendocrine-entgiftungskomplex-zendocrine-entgiftungskomplex\/"},"modified":"2026-03-11T11:41:17","modified_gmt":"2026-03-11T10:41:17","slug":"doterra-zendocrine-complex","status":"publish","type":"product","link":"https:\/\/www.magnolioworld.com\/green-ch\/doterra-zendocrine-complex\/","title":{"rendered":"doTERRA Zendocrine Complex"},"content":{"rendered":"<p><strong>doTERRA Zendocrine Complex<\/strong> &#8211; Die sanfte Unterst\u00fctzung und Reinigung der Verdauung &#8211; Neue wirkungsvollere Formulierung<\/p>\n<p>Der Zendocrine Entgiftungs-Komplex ist eine firmeneigene Mischung aus Vollwertextrakten in einem patentierten Enzym-Abgabesystem. Dieses unterst\u00fctzt eine gesunde Reinigung und Filterfunktion von Leber, Nieren, Dickdarm, Lunge und Haut.<\/p>\n<p>Zendocrine ist eine Mischung aus Nahrungsmittelextrakten, die zur Unterst\u00fctzung der optimalen Reinigungs- und Filterfunktionen von Leber, Nieren, Dickdarm, Lunge und Haut entwickelt wurde. Jedes der pflanzlichen Nahrungsmittelextrakte wurde ausgew\u00e4hlt, um die organspezifische Reinigungskraft beim Abbau der toxischen Produkte zu unterst\u00fctzen.<\/p>\n<p>doTERRA Zendocrine Complex verwendet ein System zur Unterst\u00fctzung der Enzyme, welches bei der Aufnahme von Nahrungsmittelextrakten hilft. Es ist in einer veganen Kapsel verpackt.<\/p>\n<p><strong>Empfehlung<br \/>\n<\/strong>Innerlich: 2 Kapseln pro Tag einnehmen. Vor Licht und Sonne sch\u00fctzen.<br \/>\nBitte lese vor Gebrauch alle Vorsichts- und Warnhinweise.<\/p>\n<p><strong>Sichere Verwendung<\/strong><br \/>\nDie empfohlene Tagesdosis darf nicht \u00fcberschritten werden. Au\u00dferhalb der Reichweite von Kindern aufbewahren. Nahrungserg\u00e4nzungsmittel sind kein Ersatz f\u00fcr eine abwechslungsreiche und ausgewogene Ern\u00e4hrung und einen gesunden Lebensstil. Wenn du schwanger bist oder unter \u00e4rztlicher Aufsicht stehst, konsultiere bitte deinen Arzt. Die Kapseln k\u00fchl und trocken aufbewahren.<\/p>\n","protected":false},"excerpt":{"rendered":"<h2 style=\"font-size: 28px;\">Entgiftungskomplex &#8211; Neue wirkungsvollere Formulierung<\/h2>\n<p>Der Komplex unterst\u00fctzt die Entgiftung und st\u00e4rkt s\u00e4mtliche Verdauungsorgane \u2013 speziell die Leber. Sie ist auch sehr wertvoll bei allen \u00dcbergangsprozessen<strong>.<\/strong><\/p>\n","protected":false},"featured_media":14900,"template":"","meta":{"_et_pb_use_builder":"","_et_pb_old_content":"","_et_gb_content_width":""},"product_cat":[15,52,44,1943,1944],"product_tag":[583],"_links":{"self":[{"href":"https:\/\/www.magnolioworld.com\/green-ch\/wp-json\/wp\/v2\/product\/838"}],"collection":[{"href":"https:\/\/www.magnolioworld.com\/green-ch\/wp-json\/wp\/v2\/product"}],"about":[{"href":"https:\/\/www.magnolioworld.com\/green-ch\/wp-json\/wp\/v2\/types\/product"}],"wp:featuredmedia":[{"embeddable":true,"href":"https:\/\/www.magnolioworld.com\/green-ch\/wp-json\/wp\/v2\/media\/14900"}],"wp:attachment":[{"href":"https:\/\/www.magnolioworld.com\/green-ch\/wp-json\/wp\/v2\/media?parent=838"}],"wp:term":[{"taxonomy":"product_cat","embeddable":true,"href":"https:\/\/www.magnolioworld.com\/green-ch\/wp-json\/wp\/v2\/product_cat?post=838"},{"taxonomy":"product_tag","embeddable":true,"href":"https:\/\/www.magnolioworld.com\/green-ch\/wp-json\/wp\/v2\/product_tag?post=838"}],"curies":[{"name":"wp","href":"https:\/\/api.w.org\/{rel}","templated":true}]}}