{"id":836,"date":"2020-04-22T14:01:51","date_gmt":"2020-04-22T12:01:51","guid":{"rendered":"https:\/\/www.magnolio.shop\/pb-assist-probiotische-abwehrformel-pb-assist-probiotische-abwehrformel\/"},"modified":"2025-01-08T22:32:47","modified_gmt":"2025-01-08T21:32:47","slug":"doterra-pb-assist","status":"publish","type":"product","link":"https:\/\/www.magnolioworld.com\/green-ch\/doterra-pb-assist\/","title":{"rendered":"doTERRA PB Assist"},"content":{"rendered":"<p><strong>doTERRA PB Assist &#8211; <\/strong>Aufbau und Unterst\u00fctzung des Darms\u00a0 <\/p>\n<p>PB Assist enth\u00e4lt eine Rezeptur pr\u00e4biotischer Ballaststoffe und sechs St\u00e4mme probiotischer Mikroorganismen in einer einzigartigen pflanzlichen Doppelkammer-Kapsel. In dieser stecken 6 Milliarden koloniebildende Einheiten (KBE) aktiver probiotischer Kulturen und l\u00f6sliche pr\u00e4biotische FOS (Fructo-Oligosaccharide), die das Wachstum n\u00fctzlicher Bakterien f\u00f6rdern.* Die durch das Doppelkammersystem zeitverz\u00f6gerte Freigabe sch\u00fctzt die empfindlichen probiotischen Kulturen vor der Magens\u00e4ure. <\/p>\n<p>Dieses Probiotika-Produkt kann den Darm f\u00fcr optimales Wohlbefinden unterst\u00fctzen. Ideal ist es, das Produkt dauerhaft oder kurzzeitig einzunehmen. Erg\u00e4nzend kann zuvor die Darmreinigung mit GX Assist durchgef\u00fchrt werden.<strong><\/p>\n<p><\/strong>Wer seine Verdauung unterst\u00fctzen will, kann zweimal j\u00e4hrlich eine Detox-Kur mit den doTERRA Produkten machen.<strong><\/p>\n<p><\/strong>Hierzu auch als preisg\u00fcnstiges Cleanse &amp; Restore Set zusammen mit der Reinigungsmischung GX Assist<strong>. <br \/>\n<\/strong><\/p>\n<p><strong>Empfehlung<\/strong><br \/>\n3 Kapseln pro Tag zu den Mahlzeiten einnehmen.<br \/>\nIdeal vorher eine 10 t\u00e4gige Reinigung mit der Reinigungsmischung GX Assist machen.<\/p>\n<p><strong>Sichere Verwendung<\/strong><br \/>\nAu\u00dferhalb der Reichweite von Kindern aufbewahren. Achte darauf, die empfohlene t\u00e4gliche Dosis nicht zu \u00fcberschreiten. Bitte beachte, dass Nahrungserg\u00e4nzungen eine vollwertige und ausgeglichene Ern\u00e4hrung sowie einen gesunden Lebensstil nicht ersetzen k\u00f6nnen. Schwangere und Stillende sowie Menschen mit bekannten gesundheitlichen Schwierigkeiten vor der Einnahme \u00e4rztlichen Rat einholen. Aufbewahrung an einem k\u00fchlen, trockenen Ort. Dabei bitte das Mindesthaltbarkeitsdatum (siehe Flaschenboden) beachten.<\/p>\n","protected":false},"excerpt":{"rendered":"<h2 style=\"font-size: 28px;\">Probiotische Kapseln<\/h2>\n<p>doTERRA PB Assist &#8211; Dieses Probiotika-Produkt kann den Darm f\u00fcr optimales Wohlbefinden unterst\u00fctzen. Ideal ist es, das Produkt dauerhaft oder kurzzeitig einzunehmen. Erg\u00e4nzend kann zuvor die Darmreinigung mit GX Assist durchgef\u00fchrt werden. Ideal als Detox-Kur 1-2 mal im Jahr.<\/p>\n","protected":false},"featured_media":3205,"template":"","meta":{"_et_pb_use_builder":"","_et_pb_old_content":"","_et_gb_content_width":""},"product_cat":[15,52,44,1943,1947,1972,2004,1989],"product_tag":[581],"_links":{"self":[{"href":"https:\/\/www.magnolioworld.com\/green-ch\/wp-json\/wp\/v2\/product\/836"}],"collection":[{"href":"https:\/\/www.magnolioworld.com\/green-ch\/wp-json\/wp\/v2\/product"}],"about":[{"href":"https:\/\/www.magnolioworld.com\/green-ch\/wp-json\/wp\/v2\/types\/product"}],"wp:featuredmedia":[{"embeddable":true,"href":"https:\/\/www.magnolioworld.com\/green-ch\/wp-json\/wp\/v2\/media\/3205"}],"wp:attachment":[{"href":"https:\/\/www.magnolioworld.com\/green-ch\/wp-json\/wp\/v2\/media?parent=836"}],"wp:term":[{"taxonomy":"product_cat","embeddable":true,"href":"https:\/\/www.magnolioworld.com\/green-ch\/wp-json\/wp\/v2\/product_cat?post=836"},{"taxonomy":"product_tag","embeddable":true,"href":"https:\/\/www.magnolioworld.com\/green-ch\/wp-json\/wp\/v2\/product_tag?post=836"}],"curies":[{"name":"wp","href":"https:\/\/api.w.org\/{rel}","templated":true}]}}