{"id":835,"date":"2020-04-22T14:01:51","date_gmt":"2020-04-22T12:01:51","guid":{"rendered":"https:\/\/www.magnolio.shop\/gx-assist-gi-reinigungsformel-gx-assist-gi-reinigungsformel\/"},"modified":"2024-07-10T16:45:53","modified_gmt":"2024-07-10T14:45:53","slug":"doterra-gx-assist","status":"publish","type":"product","link":"https:\/\/www.magnolioworld.com\/green-ch\/doterra-gx-assist\/","title":{"rendered":"doTERRA GX Assist"},"content":{"rendered":"<p><strong>doTERRA GX Assist<\/strong> &#8211; Reinigungsmischung &#8211; Zur optimalen Unterst\u00fctzung der Verdauung<\/p>\n<p>Es ist eine Kombination aus CPTG-zertifizierten \u00e4therischen \u00d6len und Capryls\u00e4ure. doTERRA GX Assist kann zur Unterst\u00fctzung eines optimalen Verdauungssystems beitragen.<\/p>\n<p>Das kann sich auf alle Facetten des K\u00f6rpers auswirken. Denn wenn das Verdauungssystem nicht optimal funktioniert, kann das negative Folgen f\u00fcr alle anderen Systeme des K\u00f6rpers haben.<\/p>\n<p>GX Assist enth\u00e4lt eine besondere Mischung \u00e4therischer \u00d6le: Oregano, Tea Tree, Lemon, Lemongrass, Peppermint und Thyme. Die GX Assist Mischung kann das mikrobielle Gleichgewicht verbessern. Diese hauseigene Mischung hilft, das Verdauungssystem zu reinigen und damit f\u00fcr einen Aufbau mit Probiotika (z.B. PB Assist) optimal vorzubereiten.<\/p>\n<p>Ideal hierf\u00fcr ist das preisg\u00fcnstiges Cleanse &amp; Restore Set zusammen mit der probiotischen Mischung PB Assist geeignet. Es empfiehlt sich, vor Verwendung der probiotischen Mischung PB Assist eine 10t\u00e4gige Reinigung mit GX Assist vorzunehmen.<\/p>\n<p>Wer seiner Verdauung Gutes tun will, sollte 1-2 mal im Jahr eine Detox-Kur mit den Produkten durchf\u00fchren.<\/p>\n<p><strong>Empfehlung<\/strong><br \/>\n1 Softgel doTERRA GX Assist\u00a0 t\u00e4glich. Ideal als 10t\u00e4gige Kur zur Vorbereitung auf die Verwendung der probiotischen Mischung PB Assist.<\/p>\n<p><strong>Sichere Verwendung<\/strong><br \/>\nAu\u00dferhalb der Reichweite von Kindern aufbewahren. Achte darauf, die empfohlene t\u00e4gliche Dosis nicht zu \u00fcberschreiten. Bitte beachte, dass Nahrungserg\u00e4nzungen eine vollwertige und ausgeglichene Ern\u00e4hrung sowie einen gesunden Lebensstil nicht ersetzen k\u00f6nnen. Schwangere und Stillende sowie Menschen mit bekannten gesundheitlichen Schwierigkeiten vor der Einnahme \u00e4rztlichen Rat einholen. Aufbewahrung an einem k\u00fchlen, trockenen Ort. Dabei bitte das Mindesthaltbarkeitsdatum (siehe Flaschenboden) beachten.<\/p>\n","protected":false},"excerpt":{"rendered":"<h2 style=\"font-size: 28px;\">Reinigende Kapseln<\/h2>\n<p>doTERRA GX Assist &#8211; Reinigt den K\u00f6rper sanft und gr\u00fcndlich und schafft so die Basis f\u00fcr eine ausgeglichene Verdauung. Ideal zur optimalen Vorbereitung f\u00fcr die Einnahme der probiotischen Mischung PB Assist.<br \/>\nOptimal ist eine Detox Kur 1-2 mal im Jahr mit beiden Produkten.<\/p>\n","protected":false},"featured_media":3198,"template":"","meta":{"_et_pb_use_builder":"","_et_pb_old_content":"","_et_gb_content_width":""},"product_cat":[15,52,44,1943,1947,1989],"product_tag":[580],"_links":{"self":[{"href":"https:\/\/www.magnolioworld.com\/green-ch\/wp-json\/wp\/v2\/product\/835"}],"collection":[{"href":"https:\/\/www.magnolioworld.com\/green-ch\/wp-json\/wp\/v2\/product"}],"about":[{"href":"https:\/\/www.magnolioworld.com\/green-ch\/wp-json\/wp\/v2\/types\/product"}],"wp:featuredmedia":[{"embeddable":true,"href":"https:\/\/www.magnolioworld.com\/green-ch\/wp-json\/wp\/v2\/media\/3198"}],"wp:attachment":[{"href":"https:\/\/www.magnolioworld.com\/green-ch\/wp-json\/wp\/v2\/media?parent=835"}],"wp:term":[{"taxonomy":"product_cat","embeddable":true,"href":"https:\/\/www.magnolioworld.com\/green-ch\/wp-json\/wp\/v2\/product_cat?post=835"},{"taxonomy":"product_tag","embeddable":true,"href":"https:\/\/www.magnolioworld.com\/green-ch\/wp-json\/wp\/v2\/product_tag?post=835"}],"curies":[{"name":"wp","href":"https:\/\/api.w.org\/{rel}","templated":true}]}}