{"id":830,"date":"2020-04-22T14:01:50","date_gmt":"2020-04-22T12:01:50","guid":{"rendered":"https:\/\/www.magnolio.shop\/replenishing-body-butter-regeneriende-body-butter\/"},"modified":"2023-11-24T17:50:20","modified_gmt":"2023-11-24T16:50:20","slug":"doterra-spa-butter","status":"publish","type":"product","link":"https:\/\/www.magnolioworld.com\/green-ch\/doterra-spa-butter\/","title":{"rendered":"doTERRA Spa Butter"},"content":{"rendered":"<p><strong>doTERRA Spa Butter<\/strong>\u00a0&#8211; Luxus und Wohlgef\u00fchl f\u00fcr eine optimal gepflegte Haut<\/p>\n<p>Verw\u00f6hne deine Haut mit dem luxuri\u00f6sen Gef\u00fchl der K\u00f6rperbutter, die mit \u00e4therischen \u00d6len aus Wild Orange, Frankincense und Douglas Fir angereichert ist. Sie pflegt und regeneriert deine Haut und unterst\u00fctzt auch optimal bei trockenen und empfindlichen Stellen. Au\u00dferdem bekommt anspruchsvolle Haut die notwendigen N\u00e4hrstoffe, um elastisch und gepflegt zu sein.<\/p>\n<p>Lasse dich mit dieser reichhaltigen und hochwertigen <strong>doTERRA Spa Butter<\/strong> in ein luxuri\u00f6ses Hautgef\u00fchl einh\u00fcllen. Luxus pur f\u00fcr die private Spa-Anwendung, aber nat\u00fcrlich auch ideal im professionellen Spa und Wellnessbereich.<\/p>\n<p>G\u00f6nne dir das regenerierende Wohlf\u00fchl-Erlebnis f\u00fcr ein optimal gepflegtes K\u00f6rpergef\u00fchl in deiner Spa zuhause. <br \/>\nF\u00fcr maximale Wirksamkeit doTERRA Spa Butter in Verbindung zusammen mit den anderen Produkten der doTERRA Spa Luxury Serie (Body Scrub und Mud Mask) verwenden.<br \/>\nIdeal auch komplett im preisg\u00fcnstigen doTERRA Spa Luxury Kit.<\/p>\n<p><strong>Empfehlung<\/strong><br \/>\nTopisch: Trage die doTERRA Spa Butter auf die Stellen auf, die besonders viel Feuchtigkeit ben\u00f6tigen. Wie H\u00e4nde, Knie, F\u00fcsse,und Ellenbogen. Um deine Haut optimal geschmeidig und glatt zu erhalten, die Creme in die t\u00e4gliche Sch\u00f6nheitsroutine morgens und abends einbinden.<br \/>\nWundervoll auch f\u00fcr ein Spa Erlebnis zuhause nach einem entspannenden Bad reichlich auftragen und den bet\u00f6renden Duft geniessen.<br \/>\nAnwendung: Der zartschmelzende doTERRA Spa Butter gro\u00dfz\u00fcgig auf den K\u00f6rper auftragen. Dabei insbesondere die Bereiche, die viel Feuchtigkeit ben\u00f6tigen, ber\u00fccksichtigen.<\/p>\n<p><strong>Sichere Verwendung<\/strong><br \/>\nNur zur \u00e4u\u00dferen Anwendung. Direkten Kontakt mit den Augen und Schleimh\u00e4uten vermeiden. Produkt absetzen, wenn es zu Hautreizungen kommt.\u00a0<\/p>\n","protected":false},"excerpt":{"rendered":"<h2 style=\"font-size: 28px;\">Regenerierende K\u00f6rperbutter<\/h2>\n<p>doTERRA Spa Butter &#8211; Verw\u00f6hne deine Haut mit diesem wertvollen und reichhaltigen K\u00f6rperbutter, der durch die darin enthaltenen \u00e4therischen \u00d6le aus Wild Orange, Frankincense und Douglas Fir auch bet\u00f6rend durftet. Ideal f\u00fcr das luxuri\u00f6se SPA Erlebnis zuhause.<\/p>\n","protected":false},"featured_media":4072,"template":"","meta":{"_et_pb_use_builder":"","_et_pb_old_content":"","_et_gb_content_width":""},"product_cat":[15],"product_tag":[575,574],"_links":{"self":[{"href":"https:\/\/www.magnolioworld.com\/green-ch\/wp-json\/wp\/v2\/product\/830"}],"collection":[{"href":"https:\/\/www.magnolioworld.com\/green-ch\/wp-json\/wp\/v2\/product"}],"about":[{"href":"https:\/\/www.magnolioworld.com\/green-ch\/wp-json\/wp\/v2\/types\/product"}],"wp:featuredmedia":[{"embeddable":true,"href":"https:\/\/www.magnolioworld.com\/green-ch\/wp-json\/wp\/v2\/media\/4072"}],"wp:attachment":[{"href":"https:\/\/www.magnolioworld.com\/green-ch\/wp-json\/wp\/v2\/media?parent=830"}],"wp:term":[{"taxonomy":"product_cat","embeddable":true,"href":"https:\/\/www.magnolioworld.com\/green-ch\/wp-json\/wp\/v2\/product_cat?post=830"},{"taxonomy":"product_tag","embeddable":true,"href":"https:\/\/www.magnolioworld.com\/green-ch\/wp-json\/wp\/v2\/product_tag?post=830"}],"curies":[{"name":"wp","href":"https:\/\/api.w.org\/{rel}","templated":true}]}}