{"id":829,"date":"2020-04-22T14:01:50","date_gmt":"2020-04-22T12:01:50","guid":{"rendered":"https:\/\/www.magnolio.shop\/refreshing-body-wash-erfrischende-koerperpflege\/"},"modified":"2023-11-29T20:14:12","modified_gmt":"2023-11-29T19:14:12","slug":"doterra-body-wash","status":"publish","type":"product","link":"https:\/\/www.magnolioworld.com\/green-ch\/doterra-body-wash\/","title":{"rendered":"doTERRA Body Wash"},"content":{"rendered":"<p><strong>doTERRA Body Wash<\/strong> &#8211; Das Duscherlebnis mit wertvollen pflegenden \u00e4therischen \u00d6len<\/p>\n<p>Das erfrischende Duschgel ist eine nat\u00fcrliche K\u00f6rperpflege, die ein reichhaltiges reinigendes und aromatisches Spa-Erlebnis bietet.<\/p>\n<p>Die belebenden D\u00fcfte der \u00e4therischen \u00d6le Bergamot, Grapefruit und Cedarwood wirken erfrischend und belebend und machen es zu einem idealen K\u00f6rperpflegemittel f\u00fcr den Start in den Tag. <\/p>\n<p>Nat\u00fcrliche Tenside aus Kokos\u00f6l und essentiellen Fetts\u00e4uren reinigen sanft und gr\u00fcndlich, ohne die Haut wie andere aggressive Seifen und K\u00f6rperwaschmittel zu reizen. Dieser nat\u00fcrliche Gelreiniger bietet eine perfekte Schaumwirkung, allerdings ohne die Haut von ihren nat\u00fcrlichen \u00d6len zu befreien. Mit dem doTERRA Body Wash, das nur aus den besten Zutaten der Natur besteht, f\u00fchlt sich deine Haut sauber, glatt und frisch an.<\/p>\n<p>Zusammen mit dem Dufterlebnis der \u00e4therischen \u00d6le, wird deine Dusche zum unvergesslichen Aromatic Shower, der dich belebt und deine Stimmung aufhellt.<\/p>\n<p>\u2022 Das \u00e4therische \u00d6l der Bergamot reinigt und beruhigt die Haut und verleiht der Haut ein belebendes und dennoch erdendes Aroma.<br \/>\n\u2022 Die Grapefruit wirkt reinigend und hat einen anregenden Duft, der die Stimmung anregt.<br \/>\n\u2022 Das \u00e4therische \u00d6l Cedarwood f\u00f6rdert die Entspannung.<\/p>\n<p><strong>doTERRA Body Wash<\/strong> &#8211; Das erfrischende Duschgel und exklusive SPA-Erlebnis f\u00fcr zuhause.<\/p>\n<p><strong>Empfehlung<\/strong><br \/>\nTopisch: F\u00fcr eine optimales gereinigtes und frisches Aussehen der Haut, doTERRA Citrus Bliss Bath Bar in die t\u00e4gliche K\u00f6rperpflege integrieren und den wunderbaren Duft geniessen.<br \/>\nAnwendung: Die Seife mit Wasser kr\u00e4ftig zum Sch\u00e4umen bringen. Verwende die Seife in der Dusche, der Badewanne oder im Waschbecken. Um die Haltbarkeit der Seife zu verl\u00e4ngern, zwischen den Anwendungen trocknen lassen. Bei Raumtemperatur aufbewahren. \u00dcberm\u00e4\u00dfige W\u00e4rme vermeiden.<\/p>\n<p><strong>Sichere Verwendung<\/strong><br \/>\nNur zur \u00e4u\u00dferen Anwendung. Kontakt mit den Augen vermeiden. Produkt absetzen, wenn es zu Hautreizungen kommt.<\/p>\n","protected":false},"excerpt":{"rendered":"<h2 style=\"font-size: 28px;\">Erfrischendes Duschgel<\/h2>\n<p>doTERRA Body Wash &#8211; Das Duscherlebnis mit wertvollen \u00e4therischen \u00d6len. Ein wohltuend erfrischendes und sanft pflegendes Gel, das deine Dusche zum unvergesslichen Aromatic Shower macht, deine Sinne belebt und die Stimmung aufhellt.<\/p>\n","protected":false},"featured_media":3580,"template":"","meta":{"_et_pb_use_builder":"","_et_pb_old_content":"","_et_gb_content_width":""},"product_cat":[15,56],"product_tag":[573,572],"_links":{"self":[{"href":"https:\/\/www.magnolioworld.com\/green-ch\/wp-json\/wp\/v2\/product\/829"}],"collection":[{"href":"https:\/\/www.magnolioworld.com\/green-ch\/wp-json\/wp\/v2\/product"}],"about":[{"href":"https:\/\/www.magnolioworld.com\/green-ch\/wp-json\/wp\/v2\/types\/product"}],"wp:featuredmedia":[{"embeddable":true,"href":"https:\/\/www.magnolioworld.com\/green-ch\/wp-json\/wp\/v2\/media\/3580"}],"wp:attachment":[{"href":"https:\/\/www.magnolioworld.com\/green-ch\/wp-json\/wp\/v2\/media?parent=829"}],"wp:term":[{"taxonomy":"product_cat","embeddable":true,"href":"https:\/\/www.magnolioworld.com\/green-ch\/wp-json\/wp\/v2\/product_cat?post=829"},{"taxonomy":"product_tag","embeddable":true,"href":"https:\/\/www.magnolioworld.com\/green-ch\/wp-json\/wp\/v2\/product_tag?post=829"}],"curies":[{"name":"wp","href":"https:\/\/api.w.org\/{rel}","templated":true}]}}