{"id":822,"date":"2020-04-22T14:01:48","date_gmt":"2020-04-22T12:01:48","guid":{"rendered":"https:\/\/www.magnolio.shop\/hydrating-body-mist-feuchtigkeit-fuer-die-ganze-haut\/"},"modified":"2025-08-06T13:30:56","modified_gmt":"2025-08-06T11:30:56","slug":"doterra-hydrating-body-mist","status":"publish","type":"product","link":"https:\/\/www.magnolioworld.com\/green-ch\/doterra-hydrating-body-mist\/","title":{"rendered":"doTERRA Hydrating Body Mist"},"content":{"rendered":"<p><strong>doTERRA Hydrating Body Mist<\/strong> &#8211; Das pflegende K\u00f6rperspray mit unvergleichlichem Duft<\/p>\n<p>Verw\u00f6hne deinen ganzen K\u00f6rper mit wohltuender Feuchtigkeit dieses K\u00f6rpersprays. Darin verschmelzen die Vorteile der \u00e4therischen \u00d6le Bergamot, Frankincense und Lime mit den n\u00e4hrenden Eigenschaften von Kokosnuss, Sonnenblume, Avocado und Passionsfrucht. So tr\u00e4gt das <strong>doTERRA Hydrating Body Mist<\/strong> tr\u00e4gt dazu bei, deine Haut gesund und strahlend aussehen zu lassen.<\/p>\n<p>\u2022 Die \u00d6le der Sonnenblume, Avocado und Passionsfrucht wirken beruhigend auf die Haut, machen sie sanft und geschmeidig und versorgen sie mit Feuchtigkeit f\u00fcr eine rundum gesunde Ausstrahlung.<br \/>\n\u2022 Caprylisches Triglycerid (aus der Kokosnuss) pflegt und erh\u00e4lt die nat\u00fcrliche Schutzbarriere der Haut.<\/p>\n<p>Starte den Tag nach der Dusche mit dem Rundum-Wohlf\u00fchgef\u00fchl und dem wundervollen Duft des <strong>doTERRA Hydrating Body Mist<\/strong>, der dich beschwingt durch den Tag tr\u00e4gt.<\/p>\n<p><strong>Empfehlung<br \/>\n<\/strong>Topisch: Spr\u00fche f\u00fcr gepflegte und optimal gen\u00e4hrte Haut den K\u00f6rper nach dem Duschen und Baden mit dem Spray ein und verreibe den zarten Film sanft. Am besten das Spray in deine t\u00e4gliche Wohlf\u00fchl-Routine einbinden. Wichtig ist dabei die regelm\u00e4\u00dfige Verwendung. Im Sommer oder beim Sport ideal, um wundervoll gepflegte und schimmernde Beine zu zeigen.<br \/>\nAuch wunderbar als Erfrischung f\u00fcr zwischendurch vor Terminen, Veranstaltungen oder Freizeitaktivit\u00e4ten. <br \/>\n\u00a0 <strong><br \/>\nSichere Verwendung<br \/>\n<\/strong>Nur zur \u00e4u\u00dferen Anwendung. Direkten Kontakt mit den Augen und Schleimh\u00e4uten vermeiden. Produkt absetzen, wenn es zu Hautreizungen kommt.\u00a0<\/p>\n","protected":false},"excerpt":{"rendered":"<h2>Pflegendes K\u00f6rperspray<\/h2>\n<p><strong>doTERRA Hydrating Body Mist<\/strong> &#8211; Verw\u00f6hne deinen ganzen K\u00f6rper mit wohltuender Feuchtigkeit und einem unvergleichlichen Duft wertvoller \u00e4therischer \u00d6le. Lasse dich mit diesem Rundum-Wohlf\u00fchlerlebnis beschwingt durch den Tag tragen.<\/p>\n","protected":false},"featured_media":4073,"template":"","meta":{"_et_pb_use_builder":"","_et_pb_old_content":"","_et_gb_content_width":""},"product_cat":[15,56],"product_tag":[539,538],"_links":{"self":[{"href":"https:\/\/www.magnolioworld.com\/green-ch\/wp-json\/wp\/v2\/product\/822"}],"collection":[{"href":"https:\/\/www.magnolioworld.com\/green-ch\/wp-json\/wp\/v2\/product"}],"about":[{"href":"https:\/\/www.magnolioworld.com\/green-ch\/wp-json\/wp\/v2\/types\/product"}],"wp:featuredmedia":[{"embeddable":true,"href":"https:\/\/www.magnolioworld.com\/green-ch\/wp-json\/wp\/v2\/media\/4073"}],"wp:attachment":[{"href":"https:\/\/www.magnolioworld.com\/green-ch\/wp-json\/wp\/v2\/media?parent=822"}],"wp:term":[{"taxonomy":"product_cat","embeddable":true,"href":"https:\/\/www.magnolioworld.com\/green-ch\/wp-json\/wp\/v2\/product_cat?post=822"},{"taxonomy":"product_tag","embeddable":true,"href":"https:\/\/www.magnolioworld.com\/green-ch\/wp-json\/wp\/v2\/product_tag?post=822"}],"curies":[{"name":"wp","href":"https:\/\/api.w.org\/{rel}","templated":true}]}}