{"id":817,"date":"2020-04-22T14:01:47","date_gmt":"2020-04-22T12:01:47","guid":{"rendered":"https:\/\/www.magnolio.shop\/hand-body-lotion-hand-body-lotion-3er-pack\/"},"modified":"2026-03-11T11:30:19","modified_gmt":"2026-03-11T10:30:19","slug":"doterra-body-lotion-3er","status":"publish","type":"product","link":"https:\/\/www.magnolioworld.com\/green-ch\/doterra-body-lotion-3er\/","title":{"rendered":"doTERRA Body Lotion 3er"},"content":{"rendered":"<p><strong>doTERRA Body Lotion 3er<\/strong> &#8211; F\u00fcr ein seidiges und samtweiches Hautgef\u00fchl &#8211; Hier im sparsamen 3er Set<strong><\/p>\n<p><\/strong>Die Lotion besteht aus einer leichten, nicht fettenden Formel. Sie enth\u00e4lt wertvolle \u00d6le von Jojoba- und Macadamiasamen, Butter von Murumuru- und Theobromasamen sowie n\u00e4hrende Pflanzenextrakte. <\/p>\n<p>doTERRA Body Lotion zieht schnell ein und hinterl\u00e4sst ein seidig weiches und glattes Hautgef\u00fchl. Die Lotion ist ideal f\u00fcr H\u00e4nde und K\u00f6rper und l\u00e4sst sich perfekt mit \u00e4therischen \u00d6len kombinieren. Sie verschafft ein ganz pers\u00f6nliches Aroma-Erlebnis von Kopf bis Fuss.<\/p>\n<p>F\u00fcr eine optimal gepflegte Haut zusammen mit den anderen Produkten der Spa-Serie verwenden.<\/p>\n<p>Hier die<strong> Hand und K\u00f6rperlotion 3er Pack<\/strong> &#8211; das sparsame Hautpflege-Paket.<\/p>\n<div class=\"product-uses__directions-for-use\">\n<div class=\"product-uses__directions-for-use-item\">\n<div class=\"product-uses__directions-for-use-copy\">\n<strong>Empfehlung<\/strong><br \/>\nTopisch: F\u00fcr optimales gesundes Aussehen und straffe Haut, doTERRA Body Lotion in die t\u00e4gliche Pflegeroutine nach dem Baden oder Duschen einbinden. Ideal auch bei trockener Haut zwischendurch. Gib f\u00fcr ein besonders Dufterlebnis deine Lieblings\u00f6le dazu. Besonders pflegend wirken dabei Sandalwood, Cedarwood, Copaiba und Myrrh. Ideal auch zur entspannenden Massage geeignet.<br \/>\nAnwendung: F\u00fcr optimal gepflegte und gen\u00e4hrte Haut die Lotion grossz\u00fcgig auf H\u00e4nde und K\u00f6rper auftragen. Als individuelles Dufterlebnis ein \u00d6l deiner Wahl \u00fcber die Handfl\u00e4chen dazugeben. Bei Bedarf wiederholen.<\/p>\n<p><strong>Sichere Verwendung<\/strong><br \/>\nAu\u00dferhalb der Reichweite von Kindern aufbewahren. Nur zur \u00e4usseren Anwendung.<\/div>\n<\/div>\n<\/div>\n","protected":false},"excerpt":{"rendered":"<h2 style=\"font-size: 28px;\">Hand und K\u00f6rperlotion 3er Pack<\/h2>\n<p><strong>doTERRA Body Lotion 3er &#8211; <\/strong>F\u00fcr ein seidiges und samtweiches Hautgef\u00fchl aus der reinen Kraft der Natur. Hier im sparsamen 3er Set.<\/p>\n","protected":false},"featured_media":7876,"template":"","meta":{"_et_pb_use_builder":"","_et_pb_old_content":"","_et_gb_content_width":""},"product_cat":[15,2106],"product_tag":[531,532],"_links":{"self":[{"href":"https:\/\/www.magnolioworld.com\/green-ch\/wp-json\/wp\/v2\/product\/817"}],"collection":[{"href":"https:\/\/www.magnolioworld.com\/green-ch\/wp-json\/wp\/v2\/product"}],"about":[{"href":"https:\/\/www.magnolioworld.com\/green-ch\/wp-json\/wp\/v2\/types\/product"}],"wp:featuredmedia":[{"embeddable":true,"href":"https:\/\/www.magnolioworld.com\/green-ch\/wp-json\/wp\/v2\/media\/7876"}],"wp:attachment":[{"href":"https:\/\/www.magnolioworld.com\/green-ch\/wp-json\/wp\/v2\/media?parent=817"}],"wp:term":[{"taxonomy":"product_cat","embeddable":true,"href":"https:\/\/www.magnolioworld.com\/green-ch\/wp-json\/wp\/v2\/product_cat?post=817"},{"taxonomy":"product_tag","embeddable":true,"href":"https:\/\/www.magnolioworld.com\/green-ch\/wp-json\/wp\/v2\/product_tag?post=817"}],"curies":[{"name":"wp","href":"https:\/\/api.w.org\/{rel}","templated":true}]}}