{"id":796,"date":"2020-04-22T14:01:43","date_gmt":"2020-04-22T12:01:43","guid":{"rendered":"https:\/\/www.magnolio.shop\/hd-clear-hd-clear\/"},"modified":"2024-02-02T12:04:10","modified_gmt":"2024-02-02T11:04:10","slug":"doterra-hd-clear-roll-on","status":"publish","type":"product","link":"https:\/\/www.magnolioworld.com\/green-ch\/doterra-hd-clear-roll-on\/","title":{"rendered":"doTERRA HD Clear Roll On"},"content":{"rendered":"<p><strong>doTERRA HD Clear Roll On<\/strong> &#8211; Die kl\u00e4rende Mischung<\/p>\n<p>Diese Mischung f\u00fcr die Haut ist ein wichtiger Bestandteil des doTERRA HD Clear Systems. Seine wirksame Formel aus Eucalyptus, Tea Tree und anderen \u00e4therischen CPTG\u2122-\u00d6len kann gezielt in bestimmten Bereichen von Gesicht und K\u00f6rper angewendet werden. <br \/>\nDie \u00e4therischen \u00d6le in HD Clear werden nicht nur wegen ihrer weithin bekannten Vorteile verwendet, sie sind au\u00dferdem durch Lipide in der Haut l\u00f6slich und erm\u00f6glichen so eine perfekte Absorption und Wirksamkeit. Die HD Clear Mischung f\u00fcr die Haut verleiht einen klaren glatten Teint f\u00fcr die Haut jeden Alters und ist gerade auch bei unreiner Problemhaut wunderbar geeignet. Sie gl\u00e4ttet Hautunebenheiten und bek\u00e4mpft Unregelm\u00e4ssigkeiten. Bei regelm\u00e4ssiger Anwendung versorgt <strong>doTERRA HD Clear Roll On<\/strong> die Haut mit wertvollen N\u00e4hrstoffen und Feuchtigkeit. <\/p>\n<p>Als praktischer Roll On gerade auch f\u00fcr unterwegs. Ideal auch im kosteng\u00fcnstigen Spar-Set HD Clear Kit.<\/p>\n<p><strong>Empfehlung<\/strong><br \/>\nNach der Reinigung mit dem HD Clear\u2122 Sch\u00e4umenden Gesichtsreiniger doTERRA HD Clear Roll On sparsam auf Gesicht und alle problematischen Bereiche auftragen.<br \/>\nF\u00fcr optimale Ergebnisse regelm\u00e4ssig mit den anderen Produkten der HD Clear Serie verwenden.<\/p>\n<p><strong>Sichere Verwendung<\/strong><br \/>\nHautreizungen m\u00f6glich. Au\u00dferhalb der Reichweite von Kindern aufbewahren. Wenn du schwanger bist oder in \u00e4rztlicher Behandlung stehst, konsultiere bitte den Arzt. Kontakt mit Augen, Innenohren, Gesicht, empfindlichen Stellen und Schleimh\u00e4uten vermeiden. Nur zur \u00e4usserlichen Anwendung.<\/p>\n","protected":false},"excerpt":{"rendered":"<h2 style=\"font-size: 28px;\">Kl\u00e4rende Mischung Roll On<\/h2>\n<p>doTERRA HD Clear Roll On &#8211; Diese kl\u00e4rende Mischung unterst\u00fctzt mit wertvollen \u00e4therischen \u00d6len, wie Tee Tree, Eucalyptus und Geranium die Reinigung und wirkt beruhigend. Sie sorgt durch gezielte Anwendung auf den Hautunreinheiten f\u00fcr einen klaren und strahlenden Teint. Ist f\u00fcr jedes Alter und bei unreiner Problemhaut wunderbar geeignet. Hier im praktischen Roll On.<\/p>\n<p>Ideal auch im kosteng\u00fcnstigen SparSet HD Clear Kit.<\/p>\n","protected":false},"featured_media":3603,"template":"","meta":{"_et_pb_use_builder":"","_et_pb_old_content":"","_et_gb_content_width":""},"product_cat":[15,51,1916,2006],"product_tag":[485],"_links":{"self":[{"href":"https:\/\/www.magnolioworld.com\/green-ch\/wp-json\/wp\/v2\/product\/796"}],"collection":[{"href":"https:\/\/www.magnolioworld.com\/green-ch\/wp-json\/wp\/v2\/product"}],"about":[{"href":"https:\/\/www.magnolioworld.com\/green-ch\/wp-json\/wp\/v2\/types\/product"}],"wp:featuredmedia":[{"embeddable":true,"href":"https:\/\/www.magnolioworld.com\/green-ch\/wp-json\/wp\/v2\/media\/3603"}],"wp:attachment":[{"href":"https:\/\/www.magnolioworld.com\/green-ch\/wp-json\/wp\/v2\/media?parent=796"}],"wp:term":[{"taxonomy":"product_cat","embeddable":true,"href":"https:\/\/www.magnolioworld.com\/green-ch\/wp-json\/wp\/v2\/product_cat?post=796"},{"taxonomy":"product_tag","embeddable":true,"href":"https:\/\/www.magnolioworld.com\/green-ch\/wp-json\/wp\/v2\/product_tag?post=796"}],"curies":[{"name":"wp","href":"https:\/\/api.w.org\/{rel}","templated":true}]}}