{"id":786,"date":"2020-04-22T14:01:41","date_gmt":"2020-04-22T12:01:41","guid":{"rendered":"https:\/\/www.magnolio.shop\/anti-aging-eye-cream-anti-aging-augencreme\/"},"modified":"2024-07-26T16:05:56","modified_gmt":"2024-07-26T14:05:56","slug":"doterra-anti-aging-eye-cream","status":"publish","type":"product","link":"https:\/\/www.magnolioworld.com\/green-ch\/doterra-anti-aging-eye-cream\/","title":{"rendered":"doTERRA Anti-Aging Eye Cream"},"content":{"rendered":"<p><strong>doTERRA Anti-Aging Eye Cream<\/strong> &#8211; F\u00fcr strahlende Augenblicke<\/p>\n<p>Diese Creme mit den \u00e4therischen \u00d6len Frankincense, Ylang Ylang und Blue Tansy reduziert die Zeichen des Alterns um die empfindliche Augenpartie. <br \/>\nDie innovative Formel spendet Feuchtigkeit, verbessert die Festigkeit und Spannkraft der Haut und verringert das Auftreten dunkler Augenringe. Bakuchiol, ein pflanzlicher Inhaltsstoff, vermindert das Entstehen feiner Linien und F\u00e4ltchen und sch\u00fctzt vor zuk\u00fcnftigen Zeichen der Hautalterung. Wiesenschaumkraut\u00f6l wirkt als Feuchthaltemittel und spendet der Haut tiefgehende Feuchtigkeit\u00a0<\/p>\n<p>Der einzigartige Stahl-Rollerball-Applikator dieser <strong>doTERRA Anti-Aging Eye Cream<\/strong> k\u00fchlt und beruhigt die Hautpartie unterhalb der Augen, reduziert das Auftreten von Schwellungen. Au\u00dferdem wirkt die doTERRA Anti-Aging Eye Cream regeneriernd und zellerneuernd.<\/p>\n<p><strong>Empfehlung<\/strong><br \/>\nTopisch: F\u00fcr optimales gesundes und frisches Aussehen, die Creme in deine t\u00e4gliche Sch\u00f6nheitsroutine morgens und abends einbinden. Die Creme regelm\u00e4\u00dfig auftragen, um die Entstehung von Augenringen vorzubeugen. <br \/>\nAnwendung: Dr\u00fccke die Pumpe, bis eine kleine Menge der Creme um den Rollerball erscheint. Dann das Produkt mit sanften Druck des Rollerballs auftragen.<\/p>\n<p><strong>Sichere Verwendung<\/strong><br \/>\nNur zur \u00e4u\u00dferen Anwendung. Direkten Kontakt mit den Augen und Schleimh\u00e4uten vermeiden. Produkt absetzen, wenn es zu Hautreizungen kommt.\u00a0<\/p>\n","protected":false},"excerpt":{"rendered":"<h2 style=\"font-size: 28px;\">Anti-Aging Augencreme<\/h2>\n<p>d\u014dTERRA Anti-Aging Eye Cream &#8211; F\u00fcr strahlende Augenblicke. Reduziert die Zeichen des Alterns um die empfindliche Augenpartie. Die innovative Formel spendet Feuchtigkeit, verbessert die Festigkeit und Spannkraft der Haut und verringert das Auftreten dunkler Ringe. Wirkt durch den Metall-Rollerball abschwellend und k\u00fchlend.<\/p>\n","protected":false},"featured_media":3610,"template":"","meta":{"_et_pb_use_builder":"","_et_pb_old_content":"","_et_gb_content_width":""},"product_cat":[15,1916,2007],"product_tag":[468,467],"_links":{"self":[{"href":"https:\/\/www.magnolioworld.com\/green-ch\/wp-json\/wp\/v2\/product\/786"}],"collection":[{"href":"https:\/\/www.magnolioworld.com\/green-ch\/wp-json\/wp\/v2\/product"}],"about":[{"href":"https:\/\/www.magnolioworld.com\/green-ch\/wp-json\/wp\/v2\/types\/product"}],"wp:featuredmedia":[{"embeddable":true,"href":"https:\/\/www.magnolioworld.com\/green-ch\/wp-json\/wp\/v2\/media\/3610"}],"wp:attachment":[{"href":"https:\/\/www.magnolioworld.com\/green-ch\/wp-json\/wp\/v2\/media?parent=786"}],"wp:term":[{"taxonomy":"product_cat","embeddable":true,"href":"https:\/\/www.magnolioworld.com\/green-ch\/wp-json\/wp\/v2\/product_cat?post=786"},{"taxonomy":"product_tag","embeddable":true,"href":"https:\/\/www.magnolioworld.com\/green-ch\/wp-json\/wp\/v2\/product_tag?post=786"}],"curies":[{"name":"wp","href":"https:\/\/api.w.org\/{rel}","templated":true}]}}