{"id":7851,"date":"2023-01-10T01:43:59","date_gmt":"2023-01-10T00:43:59","guid":{"rendered":"https:\/\/www.magnolio.ch\/?post_type=product&#038;p=7851"},"modified":"2024-05-18T00:56:51","modified_gmt":"2024-05-17T22:56:51","slug":"doterra-supermint-touch","status":"publish","type":"product","link":"https:\/\/www.magnolioworld.com\/green-ch\/doterra-supermint-touch\/","title":{"rendered":"doTERRA Supermint Touch"},"content":{"rendered":"<div class=\"spotlight__head-copy\">\n<p><strong>doTERRA Supermint<\/strong> <strong>Touch<\/strong> &#8211; Die frische Kombination der wertvollsten Minze\u00f6len &#8211; Das \u00d6l der Perspektive &#8211; Hier als gebrauchsfertiger Touch<\/p>\n<p>SuperMint ist eine frische und besondere Kombination aus d\u014dTERRAs edelsten Minze\u00f6len. Das Aroma ist minzig, s\u00fc\u00dflich und etwas krautig.<br \/>\nDiese besondere kr\u00e4ftige Mischung besteht aus den \u00e4therischen \u00d6len Peppermint, Japanese Mint, Bergamot Mint und Spearmint. <\/p>\n<p>Sie erfrischt und belebt auf wirkungsvolle und dennoch wohltuend sanfte Weise. Ideal f\u00fcr alle, denen Pfefferminze zu scharf ist.<\/p>\n<p>Generell belebt doTERRA Supermint Touch die Sinne und ist eine wunderbare Erfrischung zwischendurch, wenn die M\u00fcdigkeit uns im B\u00fcro, der Schule oder zuhause plagt.<\/p>\n<p>Au\u00dferdem Menthol ist daf\u00fcr bekannt, ein k\u00fchlendes Gef\u00fchl zu erzeugen, was wunderbar bei Wellness-Anwendungen genutzt werden kann.<\/p>\n<p>Emotional verhilft es uns gerade in Zeiten der Ver\u00e4nderung und Transformation neue Zuversicht und Perspektiven zu finden.<\/p>\n<p>Hier als gebrauchsfertiger mit Kokos\u00f6l gemischter Touch f\u00fcr unterwegs. Ideal ist der <strong>doTERRA Supermint Touch <\/strong>auch f\u00fcr eine Erfrischung beim Lernen, langen Konferenzen oder bei Autofahrten.<\/p>\n<p><strong>Empfehlung<br \/>\n<\/strong>Aromatisch: Um die optimale emotionale Wirkung zu erzeugen \u00fcber die Handfl\u00e4chen inhalieren.<br \/>\nTopisch: Trage den Touch f\u00fcr die k\u00fchlende Wirkung nach dem Sonnenbaden auf. Geniesse die lindernde Wirkung nach einer Sporteinheit. Gib f\u00fcr mehr geistige Wachheit und l\u00e4ngere Ausdauer im Beruf oder beim Sport die erfrischende Mischung auf den Nacken oder die Handfl\u00e4chen. Erfrische und revitalisiere dich nach einem langen Tag mit einer Massage.<\/p>\n<p><strong>Sichere Verwendung<\/strong><br \/>\nKann Hautreizungen verursachen. Au\u00dferhalb der Reichweite von Kindern aufbewahren. Wenn Du schwanger oder in \u00e4rztlicher Behandlung bist, konsultiere bitte Deinen Arzt. Kontakt mit Augen, Innenohren, Gesicht, empfindlichen Stellen und Schleimh\u00e4uten vermeiden.<\/p>\n<\/div>\n","protected":false},"excerpt":{"rendered":"<h2 style=\"font-size: 28px;\">Minze-Mischung Roll-On<\/h2>\n<p>doTERRA Supermint Touch &#8211; Die frische Kombination der wertvollsten Minze-\u00d6len im gebrauchsfertigen Touch f\u00fcr unterwegs. Ideal f\u00fcr den Frischekick zwischendurch. Nutze das \u00d6l der Perspektive auch, um in Ver\u00e4nderungsprozessen zuversichtlich und kreativ nach vorne zu schauen.<\/p>\n","protected":false},"featured_media":7902,"template":"","meta":{"_et_pb_use_builder":"","_et_pb_old_content":"","_et_gb_content_width":""},"product_cat":[15,51,2110],"product_tag":[],"_links":{"self":[{"href":"https:\/\/www.magnolioworld.com\/green-ch\/wp-json\/wp\/v2\/product\/7851"}],"collection":[{"href":"https:\/\/www.magnolioworld.com\/green-ch\/wp-json\/wp\/v2\/product"}],"about":[{"href":"https:\/\/www.magnolioworld.com\/green-ch\/wp-json\/wp\/v2\/types\/product"}],"wp:featuredmedia":[{"embeddable":true,"href":"https:\/\/www.magnolioworld.com\/green-ch\/wp-json\/wp\/v2\/media\/7902"}],"wp:attachment":[{"href":"https:\/\/www.magnolioworld.com\/green-ch\/wp-json\/wp\/v2\/media?parent=7851"}],"wp:term":[{"taxonomy":"product_cat","embeddable":true,"href":"https:\/\/www.magnolioworld.com\/green-ch\/wp-json\/wp\/v2\/product_cat?post=7851"},{"taxonomy":"product_tag","embeddable":true,"href":"https:\/\/www.magnolioworld.com\/green-ch\/wp-json\/wp\/v2\/product_tag?post=7851"}],"curies":[{"name":"wp","href":"https:\/\/api.w.org\/{rel}","templated":true}]}}