{"id":7850,"date":"2023-01-10T01:41:20","date_gmt":"2023-01-10T00:41:20","guid":{"rendered":"https:\/\/www.magnolio.ch\/?post_type=product&#038;p=7850"},"modified":"2025-11-17T18:43:45","modified_gmt":"2025-11-17T17:43:45","slug":"doterra-supermint","status":"publish","type":"product","link":"https:\/\/www.magnolioworld.com\/green-ch\/doterra-supermint\/","title":{"rendered":"doTERRA Supermint"},"content":{"rendered":"<p><strong>doTERRA Supermint<\/strong> &#8211; Die frische Kombination der wertvollsten Minze\u00f6len &#8211; Das \u00d6l der Perspektive<\/p>\n<p>SuperMint ist eine frische und besondere Kombination aus d\u014dTERRAs edelsten Minze\u00f6len. Das Aroma ist minzig, s\u00fc\u00dflich und etwas krautig.<br \/>\nDiese besondere kr\u00e4ftige Mischung besteht aus den \u00e4therischen \u00d6len Peppermint, Japanese Mint, Bergamot-Mint und Spearmint. <\/p>\n<p>Sie erfrischt und belebt auf wirkungsvolle und dennoch wohltuend sanfte Weise. Ideal f\u00fcr alle, denen Pfefferminze zu scharf ist.<\/p>\n<p>Besonders empfehlenswert ist der erfrischende Effekt bei der Verwendung von Speisen und Getr\u00e4nke. Sehr gut auch f\u00fcr Cocktails.<\/p>\n<p>Generell belebt doTERRA Supermint die Sinne und ist eine wunderbare Erfrischung zwischendurch, wenn die M\u00fcdigkeit uns im B\u00fcro, der Schule oder zuhause plagt.<\/p>\n<p>Au\u00dferdem Menthol ist daf\u00fcr bekannt, ein k\u00fchlendes Gef\u00fchl zu erzeugen, was wunderbar bei Wellness-Anwendungen genutzt werden kann.<\/p>\n<p>Du kannst doTERRA Supermint auch in ein Glas Wasser geben, um den Atem zu erfrischen oder eine Erleichterung bei Verdauungsunp\u00e4sslichkeiten oder zu reichlichem Essen zu bekommen.<\/p>\n<p>Emotional verhilft es uns gerade in Zeiten der Ver\u00e4nderung und Transformation neue Zuversicht und Perspektiven zu finden.<\/p>\n<p><strong>Empfehlung<br \/>\n<\/strong>Aromatisch: F\u00fcr angenehme und frischen Raumluft 3-4 Tropfen in den Diffuser geben. Um die optimale emotionale Wirkung zu erzeugen \u00fcber die Handfl\u00e4chen inhalieren.<br \/>\nInnerlich: Gib max.1 Tropfen zur Verfeinerung von Salaten, Desserts, Vorspeisen, Kuchen und selbstgebackenen Keksen. Ideal auch f\u00fcr exotische Mixgetr\u00e4nk, Smoothies oder Minze-Zitronen-Limonade. Beachte: Weniger ist mehr. Oft reicht schon eine winzige Menge des \u00d6ls (Zahnstocherspitze).<br \/>\nNimm 1 Tropfen auf 125 ml Wasser f\u00fcr ein erfrischendes Wassererlebnis bzw. als Mundsp\u00fclung f\u00fcr frischen Atem. Ideal auch zum Z\u00e4hneputzen.<\/p>\n<p><strong>Sichere Verwendung<\/strong><br \/>\nBitte achte darauf, innerlich nicht mehr als 1 Tropfen am Tag zu verwenden. Kann Hautreizungen verursachen. Au\u00dferhalb der Reichweite von Kindern aufbewahren. Wenn Du schwanger oder in \u00e4rztlicher Behandlung bist, konsultiere bitte Deinen Arzt. Kontakt mit Augen, Innenohren, Gesicht, empfindlichen Stellen und Schleimh\u00e4uten vermeiden.<\/p>\n","protected":false},"excerpt":{"rendered":"<h2 style=\"font-size: 28px;\">Minze-Mischung &#8211; Das \u00d6l Perspektive<\/h2>\n<p><strong>doTERRA Supermint<\/strong> &#8211; Die frische Kombination der wertvollsten Minze\u00f6le, wie Peppermint, Japanese Mint, Bergamot Mint und Spearmint\u00a0 Zusammen ergeben sie einen unglaublich erfrischenden s\u00fc\u00dflichen und krautigen Duft. Ideal in Speisen und Getr\u00e4nken und um einen Frische-Erlebnis der besonderen Art zu erzeugen.<\/p>\n","protected":false},"featured_media":7903,"template":"","meta":{"_et_pb_use_builder":"","_et_pb_old_content":"","_et_gb_content_width":""},"product_cat":[15,51,2110],"product_tag":[],"_links":{"self":[{"href":"https:\/\/www.magnolioworld.com\/green-ch\/wp-json\/wp\/v2\/product\/7850"}],"collection":[{"href":"https:\/\/www.magnolioworld.com\/green-ch\/wp-json\/wp\/v2\/product"}],"about":[{"href":"https:\/\/www.magnolioworld.com\/green-ch\/wp-json\/wp\/v2\/types\/product"}],"wp:featuredmedia":[{"embeddable":true,"href":"https:\/\/www.magnolioworld.com\/green-ch\/wp-json\/wp\/v2\/media\/7903"}],"wp:attachment":[{"href":"https:\/\/www.magnolioworld.com\/green-ch\/wp-json\/wp\/v2\/media?parent=7850"}],"wp:term":[{"taxonomy":"product_cat","embeddable":true,"href":"https:\/\/www.magnolioworld.com\/green-ch\/wp-json\/wp\/v2\/product_cat?post=7850"},{"taxonomy":"product_tag","embeddable":true,"href":"https:\/\/www.magnolioworld.com\/green-ch\/wp-json\/wp\/v2\/product_tag?post=7850"}],"curies":[{"name":"wp","href":"https:\/\/api.w.org\/{rel}","templated":true}]}}