{"id":7846,"date":"2023-01-10T01:32:02","date_gmt":"2023-01-10T00:32:02","guid":{"rendered":"https:\/\/www.magnolio.ch\/?post_type=product&#038;p=7846"},"modified":"2024-05-17T23:51:50","modified_gmt":"2024-05-17T21:51:50","slug":"doterra-on-guard-reinigungstuecher","status":"publish","type":"product","link":"https:\/\/www.magnolioworld.com\/green-ch\/doterra-on-guard-reinigungstuecher\/","title":{"rendered":"doTERRA On Guard Reinigungst\u00fccher"},"content":{"rendered":"<div class=\"spotlight__head-item spotlight__head-item--copy\">\n<p class=\"spotlight__head-title\"><strong>doTERRA On Guard Reinigungst\u00fccher<\/strong> &#8211; Der ideale Schutz f\u00fcr unterwegs<\/p>\n<div class=\"spotlight__head-copy\">\n<p>Endlich gibt es die On Guard Reinigungst\u00fccher. Sie geben mit der sch\u00fctzenden Mischung doTERRA On Guard optimale hygienische Reinheit und entfernen Schmutz auf sanfte Art und Weise.<\/p>\n<p>Diese individuell verpackten Reinigungst\u00fccher beseitigen nicht nur gr\u00fcndlich alle Art von Verunreinigungen, sondern hinterlassen auch ein pflegendes und n\u00e4hrendes Gef\u00fchl auf der Haut.<\/p>\n<p>Da sie in jedes Gep\u00e4ck passen, sind sie ideal f\u00fcr unterwegs. Ob in der Handtasche, im Koffer oder im Auto. Wunderbar auch geeignet, wer mit Kindern unterwegs ist oder beim Sport.<\/p>\n<p>Die mit der \u00e4therischen \u00d6lmischung On Guard und Aloeblattextrakt getr\u00e4nkten Reinigungst\u00fccher s\u00e4ubern deine und die H\u00e4nde deiner Kindern sanft. In ihnen ist 70% Ethylalkohol enthalten, um eine besonders effektive Reinigung zu erreichen. Ausserdem ist in den doTERRA On Guard Reinigungst\u00fccher die On Guard Mischung aus den \u00e4therischen \u00d6len Eucalyptus, Wilde Orange, Nelke, Zimt und Rosmarin enthalten.<br \/>\nDiese gew\u00e4hrleistet Schutz und optimale Hygiene zwischendurch.<\/p>\n<p>Geniesse \u00fcberall das sauber gesch\u00fctzte Gef\u00fchl mit dem wunderbaren Duft der sch\u00fctzenden Mischung On Guard.<\/p>\n<p><strong>Empfehlung<br \/>\n<\/strong> Verwende die T\u00fccher \u00fcberall, um hygienisch reine H\u00e4nde zu bekommen, wenn keine Waschgelegenheit und Seife verf\u00fcgbar ist. Ideal auch nach dem Besuch von h\u00e4ufig frequentierten R\u00e4umen wie Rastst\u00e4tten.<br \/>\nAnwendung: Die H\u00e4nde mit dem Tuch gr\u00fcndlich reinigen und trocken lassen. Anschliessend nicht abwaschen. Entsorge das Tuch nicht im WC.<\/p>\n<p><strong>Sichere Verwendung<br \/>\n<\/strong>Au\u00dferhalb der Reichweite von Kindern aufbewahren. Vermeide den Kontakt mit den Augen und der sensiblen Haut um das Auge herum. Sp\u00fcle bei Kontakt mit den Augen das betroffene Auge gr\u00fcndlich mit reichlich Wasser. Verwende das Produkt nicht oder hole \u00e4rztlichen Rat ein, wenn Hautirritationen oder Ausschl\u00e4ge auftreten und anhalten. Nicht \u00fcber 38 Grad lagern.<\/p>\n<\/div>\n<\/div>\n","protected":false},"excerpt":{"rendered":"<h2 style=\"font-size: 28px;\">Reinigungst\u00fccher mit sch\u00fctzender Mischung On Guard<\/h2>\n<p>doTERRA On Guard Reinigungst\u00fccher &#8211; Geniesse \u00fcberall das hygienisch saubere Gef\u00fchl mit dem wunderbaren Duft der sch\u00fctzenden Mischung. Ideal f\u00fcr den optimalen hygienischen Schutz im aktiven Leben.<\/p>\n","protected":false},"featured_media":7893,"template":"","meta":{"_et_pb_use_builder":"","_et_pb_old_content":"","_et_gb_content_width":""},"product_cat":[15,51,53],"product_tag":[],"_links":{"self":[{"href":"https:\/\/www.magnolioworld.com\/green-ch\/wp-json\/wp\/v2\/product\/7846"}],"collection":[{"href":"https:\/\/www.magnolioworld.com\/green-ch\/wp-json\/wp\/v2\/product"}],"about":[{"href":"https:\/\/www.magnolioworld.com\/green-ch\/wp-json\/wp\/v2\/types\/product"}],"wp:featuredmedia":[{"embeddable":true,"href":"https:\/\/www.magnolioworld.com\/green-ch\/wp-json\/wp\/v2\/media\/7893"}],"wp:attachment":[{"href":"https:\/\/www.magnolioworld.com\/green-ch\/wp-json\/wp\/v2\/media?parent=7846"}],"wp:term":[{"taxonomy":"product_cat","embeddable":true,"href":"https:\/\/www.magnolioworld.com\/green-ch\/wp-json\/wp\/v2\/product_cat?post=7846"},{"taxonomy":"product_tag","embeddable":true,"href":"https:\/\/www.magnolioworld.com\/green-ch\/wp-json\/wp\/v2\/product_tag?post=7846"}],"curies":[{"name":"wp","href":"https:\/\/api.w.org\/{rel}","templated":true}]}}