{"id":7841,"date":"2023-01-10T01:19:17","date_gmt":"2023-01-10T00:19:17","guid":{"rendered":"https:\/\/www.magnolio.ch\/?post_type=product&#038;p=7841"},"modified":"2024-04-13T13:09:45","modified_gmt":"2024-04-13T11:09:45","slug":"oelflaschenoeffner","status":"publish","type":"product","link":"https:\/\/www.magnolioworld.com\/green-ch\/oelflaschenoeffner\/","title":{"rendered":"\u00d6lflaschen\u00f6ffner"},"content":{"rendered":"<p><strong>\u00d6lflaschen\u00f6ffner<\/strong> &#8211; Kinderleichtes \u00d6ffnen deiner \u00d6lflaschen<\/p>\n<p>Damit gelingt das \u00d6ffnen von \u00d6lflaschen m\u00fchelos. Dabei ist es egal, ob es sich um 2 ml, 5 ml oder 15 ml Flaschen handelt. Ideal auch zum \u00d6ffnen von Roll-On-Flaschen.<\/p>\n<p>Wer schon einmal versucht hat, \u00d6lflaschen zu \u00f6ffnen wei\u00df, wie m\u00fchsam das manchmal ist. Eine wertvolle und nagelschonende Unterst\u00fctzung dabei ist dieser \u00d6ffner.<\/p>\n<p>Damit k\u00f6nnen ganz einfach die Reste aus bestehenden \u00d6lflaschen verwertet bzw. vorhandene Flaschen wieder bef\u00fcllt werden. Unverzichtbar im \u00d6le-Alltag.<\/p>\n","protected":false},"excerpt":{"rendered":"<h2 style=\"font-size: 28px;\">Kinderleichtes \u00d6ffnen deiner \u00d6lflaschen<\/h2>\n<p>Mit dem \u00d6lflaschen\u00f6ffner gelingt das \u00d6ffnen von \u00d6lflaschen m\u00fchelos. Dabei ist es egal, ob es sich um 2 ml, 5 ml oder 15 ml Flaschen handelt. Ideal auch zum \u00d6ffnen von Roll-On-Flaschen.<\/p>\n","protected":false},"featured_media":7869,"template":"","meta":{"_et_pb_use_builder":"","_et_pb_old_content":"","_et_gb_content_width":""},"product_cat":[15,57],"product_tag":[],"_links":{"self":[{"href":"https:\/\/www.magnolioworld.com\/green-ch\/wp-json\/wp\/v2\/product\/7841"}],"collection":[{"href":"https:\/\/www.magnolioworld.com\/green-ch\/wp-json\/wp\/v2\/product"}],"about":[{"href":"https:\/\/www.magnolioworld.com\/green-ch\/wp-json\/wp\/v2\/types\/product"}],"wp:featuredmedia":[{"embeddable":true,"href":"https:\/\/www.magnolioworld.com\/green-ch\/wp-json\/wp\/v2\/media\/7869"}],"wp:attachment":[{"href":"https:\/\/www.magnolioworld.com\/green-ch\/wp-json\/wp\/v2\/media?parent=7841"}],"wp:term":[{"taxonomy":"product_cat","embeddable":true,"href":"https:\/\/www.magnolioworld.com\/green-ch\/wp-json\/wp\/v2\/product_cat?post=7841"},{"taxonomy":"product_tag","embeddable":true,"href":"https:\/\/www.magnolioworld.com\/green-ch\/wp-json\/wp\/v2\/product_tag?post=7841"}],"curies":[{"name":"wp","href":"https:\/\/api.w.org\/{rel}","templated":true}]}}