{"id":7840,"date":"2023-01-10T01:15:07","date_gmt":"2023-01-10T00:15:07","guid":{"rendered":"https:\/\/www.magnolio.ch\/?post_type=product&#038;p=7840"},"modified":"2023-11-27T22:32:43","modified_gmt":"2023-11-27T21:32:43","slug":"schluesselanhaenger-grau-mit-8-flaeschchen","status":"publish","type":"product","link":"https:\/\/www.magnolioworld.com\/green-ch\/schluesselanhaenger-grau-mit-8-flaeschchen\/","title":{"rendered":"Schl\u00fcsselanh\u00e4nger Grau mit 8 Fl\u00e4schchen"},"content":{"rendered":"<p><strong>Schl\u00fcsselanh\u00e4nger Grau mit 8 Fl\u00e4schchen &#8211; <\/strong>Die wichtigsten \u00d6le ganz stylisch immer dabei<strong><br \/>\n<\/strong><br \/>\nDieser Schl\u00fcsselanh\u00e4nger f\u00fcr 8 Fl\u00e4schchen ist ideal zur Aufbewahrung f\u00fcr 2ml \u00d6lflaschen, ob f\u00fcr unterwegs, im Urlaub oder als Geschenk. Mit dem praktischen Anh\u00e4nger kann er auch sehr unkompliziert im Alltag &#8211; entweder als Schl\u00fcssel- oder Taschenanh\u00e4nger &#8211;\u00a0 eingesetzt werden. Ausserdem bietet er mit seinem stylischen Design einen wundervollen Hingucker.<\/p>\n<p>Habe deine wichtigsten \u00d6le immer platzsparend dabei, ideal in Kombination mit den Probeflaschen, den Deckelaufklebern und dem Deckel\u00f6ffner. Diese sind ebenfalls hier im Shop erh\u00e4ltlich.<\/p>\n<p>Der Schl\u00fcsselanh\u00e4nger ist auch eine individuelle und wertvolle Geschenkidee f\u00fcr \u00d6l-Interessierte.<\/p>\n","protected":false},"excerpt":{"rendered":"<h2 style=\"font-size: 28px;\">Deine \u00d6le immer dabei mit dem stylischen Schl\u00fcsselanh\u00e4nger<\/h2>\n<p>Dieser Schl\u00fcsselanh\u00e4nger Grau mit 8 Fl\u00e4schchen ist ideal zur Aufbewahrung von 2ml \u00d6lflaschen, ob f\u00fcr unterwegs, im Urlaub oder als Geschenk. Mit dem praktischen Tragegurt kann er auch sehr praktisch im Alltag &#8211; entweder als Schl\u00fcssel- oder Taschenanh\u00e4nger eingesetzt werden. Ausserdem bietet er mit seinem stylischen Design einen wundervollen Hingucker.<\/p>\n","protected":false},"featured_media":7871,"template":"","meta":{"_et_pb_use_builder":"","_et_pb_old_content":"","_et_gb_content_width":""},"product_cat":[15,57],"product_tag":[],"_links":{"self":[{"href":"https:\/\/www.magnolioworld.com\/green-ch\/wp-json\/wp\/v2\/product\/7840"}],"collection":[{"href":"https:\/\/www.magnolioworld.com\/green-ch\/wp-json\/wp\/v2\/product"}],"about":[{"href":"https:\/\/www.magnolioworld.com\/green-ch\/wp-json\/wp\/v2\/types\/product"}],"wp:featuredmedia":[{"embeddable":true,"href":"https:\/\/www.magnolioworld.com\/green-ch\/wp-json\/wp\/v2\/media\/7871"}],"wp:attachment":[{"href":"https:\/\/www.magnolioworld.com\/green-ch\/wp-json\/wp\/v2\/media?parent=7840"}],"wp:term":[{"taxonomy":"product_cat","embeddable":true,"href":"https:\/\/www.magnolioworld.com\/green-ch\/wp-json\/wp\/v2\/product_cat?post=7840"},{"taxonomy":"product_tag","embeddable":true,"href":"https:\/\/www.magnolioworld.com\/green-ch\/wp-json\/wp\/v2\/product_tag?post=7840"}],"curies":[{"name":"wp","href":"https:\/\/api.w.org\/{rel}","templated":true}]}}