{"id":7839,"date":"2023-01-10T01:01:21","date_gmt":"2023-01-10T00:01:21","guid":{"rendered":"https:\/\/www.magnolio.ch\/?post_type=product&#038;p=7839"},"modified":"2024-11-10T20:48:08","modified_gmt":"2024-11-10T19:48:08","slug":"doterra-on-guard-seifenspender","status":"publish","type":"product","link":"https:\/\/www.magnolioworld.com\/green-ch\/doterra-on-guard-seifenspender\/","title":{"rendered":"doTERRA On Guard Seifenspender"},"content":{"rendered":"<p><strong>doTERRA On Guard Seifenspender &#8211; <\/strong>F\u00fcr wundervoll sanften Seifenschaum in elegantem Design<\/p>\n<p>Dieser bernsteinfarbene Spender f\u00fcr die sch\u00e4umende Handseife erzeugt einen sanften Seifenschaum und nutzt den Inhalt optimal bis zum letzten Tropfen der wertvollen Handseife.<\/p>\n<p>Er ist dekorativ, sodass sein besonderes stylisches Design perfekt ins Badezimmer bzw. jede K\u00fcche passt. Diesen Seifenspender kannst du mit der sch\u00e4umenden Handseifen von d\u014dTERRA bef\u00fcllen. Sein Fassungsverm\u00f6gen ist 236,5 ml. Er erleichtert die einfache und hygienische Entnahme der Seife mit nur einer Hand. Sehr praktisch im Bereich Pflege, Kosmetik, Wellness , B\u00fcro und Praxis. Aber auch zuhause ist er eine unsch\u00e4tzbare Hilfe.<\/p>\n<p>Nutze auch das sparsame 2er Set der Handseife oder f\u00fcr den Einsatz \u00fcberall das 3er Set Spender.<\/p>\n<p>Ideal auch als wertvolles Geschenk am besten zusammen mit der passenden Handseife.<\/p>\n","protected":false},"excerpt":{"rendered":"<h2 style=\"font-size: 28px;\">Der stylische Seifenspender<\/h2>\n<p>doTERRA On Guard Seifenspender &#8211; F\u00fcr wundervoll sanften Seifenschaum in elegantem Design ist dieser Seifenspender ideal. Bef\u00fcllbar mit doTERRA Hand Wash. Er hat 236,5 ml Fassungsverm\u00f6gen.<\/p>\n","protected":false},"featured_media":7882,"template":"","meta":{"_et_pb_use_builder":"","_et_pb_old_content":"","_et_gb_content_width":""},"product_cat":[15,57,53],"product_tag":[],"_links":{"self":[{"href":"https:\/\/www.magnolioworld.com\/green-ch\/wp-json\/wp\/v2\/product\/7839"}],"collection":[{"href":"https:\/\/www.magnolioworld.com\/green-ch\/wp-json\/wp\/v2\/product"}],"about":[{"href":"https:\/\/www.magnolioworld.com\/green-ch\/wp-json\/wp\/v2\/types\/product"}],"wp:featuredmedia":[{"embeddable":true,"href":"https:\/\/www.magnolioworld.com\/green-ch\/wp-json\/wp\/v2\/media\/7882"}],"wp:attachment":[{"href":"https:\/\/www.magnolioworld.com\/green-ch\/wp-json\/wp\/v2\/media?parent=7839"}],"wp:term":[{"taxonomy":"product_cat","embeddable":true,"href":"https:\/\/www.magnolioworld.com\/green-ch\/wp-json\/wp\/v2\/product_cat?post=7839"},{"taxonomy":"product_tag","embeddable":true,"href":"https:\/\/www.magnolioworld.com\/green-ch\/wp-json\/wp\/v2\/product_tag?post=7839"}],"curies":[{"name":"wp","href":"https:\/\/api.w.org\/{rel}","templated":true}]}}