{"id":7838,"date":"2023-01-10T00:18:56","date_gmt":"2023-01-09T23:18:56","guid":{"rendered":"https:\/\/www.magnolio.ch\/?post_type=product&#038;p=7838"},"modified":"2026-03-11T11:25:59","modified_gmt":"2026-03-11T10:25:59","slug":"pumpe-fuers-kokosnussoel","status":"publish","type":"product","link":"https:\/\/www.magnolioworld.com\/green-ch\/pumpe-fuers-kokosnussoel\/","title":{"rendered":"Pumpe f\u00fcrs Kokosnuss\u00f6l"},"content":{"rendered":"<p><strong>Pumpe f\u00fcrs Kokosnuss\u00f6l<\/strong> &#8211; garantiert einfachste Entnahme<\/p>\n<p>Die Pumpe ist ideal, um das fraktionierte Kokos\u00f6l einfach und unkompliziert mit einer Hand zu entnehmen. Sie ist gedacht f\u00fcr die 115 ml l Flasche fraktioniertes Kokos\u00f6l.<br \/>\nSie ist dort sehr hilfreich, wo Kokos\u00f6l h\u00e4ufig im Alltag verwendet wird. Gerade in den Bereichen Kosmetik, Wellness und Pflege eine wesentliche Erleichterung, um das \u00d6l schnell und hygienisch zu nutzen.<\/p>\n<p>Ideal auch bei der Pflege von Kindern und S\u00e4uglingen. Habe am besten immer einen Vorrat verf\u00fcgbar.<\/p>\n","protected":false},"excerpt":{"rendered":"<h2 style=\"font-size: 28px;\">Zur einfachen Entnahme des Kokos\u00f6ls<\/h2>\n<p>Die Pumpe f\u00fcrs Kokosnuss\u00f6l ist ideal, um das fraktionierte Kokos\u00f6l einfach und unkompliziert mit einer Hand zu entnehmen.<\/p>\n","protected":false},"featured_media":7870,"template":"","meta":{"_et_pb_use_builder":"","_et_pb_old_content":"","_et_gb_content_width":""},"product_cat":[15,57],"product_tag":[],"_links":{"self":[{"href":"https:\/\/www.magnolioworld.com\/green-ch\/wp-json\/wp\/v2\/product\/7838"}],"collection":[{"href":"https:\/\/www.magnolioworld.com\/green-ch\/wp-json\/wp\/v2\/product"}],"about":[{"href":"https:\/\/www.magnolioworld.com\/green-ch\/wp-json\/wp\/v2\/types\/product"}],"wp:featuredmedia":[{"embeddable":true,"href":"https:\/\/www.magnolioworld.com\/green-ch\/wp-json\/wp\/v2\/media\/7870"}],"wp:attachment":[{"href":"https:\/\/www.magnolioworld.com\/green-ch\/wp-json\/wp\/v2\/media?parent=7838"}],"wp:term":[{"taxonomy":"product_cat","embeddable":true,"href":"https:\/\/www.magnolioworld.com\/green-ch\/wp-json\/wp\/v2\/product_cat?post=7838"},{"taxonomy":"product_tag","embeddable":true,"href":"https:\/\/www.magnolioworld.com\/green-ch\/wp-json\/wp\/v2\/product_tag?post=7838"}],"curies":[{"name":"wp","href":"https:\/\/api.w.org\/{rel}","templated":true}]}}