{"id":7836,"date":"2023-01-10T00:14:37","date_gmt":"2023-01-09T23:14:37","guid":{"rendered":"https:\/\/www.magnolio.ch\/?post_type=product&#038;p=7836"},"modified":"2023-11-27T17:00:24","modified_gmt":"2023-11-27T16:00:24","slug":"holzbox-fuer-25-oelflaschen","status":"publish","type":"product","link":"https:\/\/www.magnolioworld.com\/green-ch\/holzbox-fuer-25-oelflaschen\/","title":{"rendered":"Holzbox f\u00fcr 25 \u00d6lflaschen"},"content":{"rendered":"<p><strong>Holzbox f\u00fcr 25 \u00d6lflaschen<\/strong> &#8211; die stilgerechte und \u00fcbersichtliche Aufbewahrung deiner \u00d6lflaschen<\/p>\n<p>Mit dieser Holzbox kannst du deine \u00d6le endlich \u00fcbersichtlich und dabei h\u00f6chst dekorativ aufbewahren. Diese wertvolle Box ist f\u00fcr 25 \u00d6lflaschen mit 5ml oder 15 ml geeignet.<br \/>\nSie ist auch ideal zum Pr\u00e4sentieren im Kosmetik- und Wellnessbereich bzw. zum schnellen Orientieren in der Pflege im B\u00fcro oder zu Hause.<\/p>\n<p>Ausserdem ist diese Holzbox auch ein stilgerechtes Geschenk f\u00fcr vielf\u00e4ltige Gelegenheiten. Am besten die Lieblings\u00f6le mit dem Produktkatalog oder der Essentials Brosch\u00fcre gleich dazu packen.<\/p>\n","protected":false},"excerpt":{"rendered":"<h2 style=\"font-size: 28px;\">Die dekorative Aufbewahrung ihrer wertvollen \u00d6le<\/h2>\n<p>Mit dieser Holzbox kannst du deine \u00d6le endlich \u00fcbersichtlich und dabei h\u00f6chst dekorativ aufbewahren. Diese Holzbox f\u00fcr 25 \u00d6lflaschen ist f\u00fcr \u00d6le mit 5 ml oder 15 ml geeignet.<br \/>\nSie ist auch ideal zum Pr\u00e4sentieren im Kosmetik- und Wellnessbereich bzw. zum schnellen Orientieren in der Pflege, im B\u00fcro oder zu Hause. Ideal auch als Geschenk.<\/p>\n","protected":false},"featured_media":7872,"template":"","meta":{"_et_pb_use_builder":"","_et_pb_old_content":"","_et_gb_content_width":""},"product_cat":[15,57],"product_tag":[],"_links":{"self":[{"href":"https:\/\/www.magnolioworld.com\/green-ch\/wp-json\/wp\/v2\/product\/7836"}],"collection":[{"href":"https:\/\/www.magnolioworld.com\/green-ch\/wp-json\/wp\/v2\/product"}],"about":[{"href":"https:\/\/www.magnolioworld.com\/green-ch\/wp-json\/wp\/v2\/types\/product"}],"wp:featuredmedia":[{"embeddable":true,"href":"https:\/\/www.magnolioworld.com\/green-ch\/wp-json\/wp\/v2\/media\/7872"}],"wp:attachment":[{"href":"https:\/\/www.magnolioworld.com\/green-ch\/wp-json\/wp\/v2\/media?parent=7836"}],"wp:term":[{"taxonomy":"product_cat","embeddable":true,"href":"https:\/\/www.magnolioworld.com\/green-ch\/wp-json\/wp\/v2\/product_cat?post=7836"},{"taxonomy":"product_tag","embeddable":true,"href":"https:\/\/www.magnolioworld.com\/green-ch\/wp-json\/wp\/v2\/product_tag?post=7836"}],"curies":[{"name":"wp","href":"https:\/\/api.w.org\/{rel}","templated":true}]}}