{"id":7832,"date":"2023-01-09T22:14:36","date_gmt":"2023-01-09T21:14:36","guid":{"rendered":"https:\/\/www.magnolio.ch\/?post_type=product&#038;p=7832"},"modified":"2025-02-07T13:31:24","modified_gmt":"2025-02-07T12:31:24","slug":"doterra-volo-marble-diffuser-mit-green-mandarine","status":"publish","type":"product","link":"https:\/\/www.magnolioworld.com\/green-ch\/doterra-volo-marble-diffuser-mit-green-mandarine\/","title":{"rendered":"doTERRA Volo Marble Diffuser mit Green Mandarine"},"content":{"rendered":"<p><strong>doTERRA Volo Marble Diffuser mit Green Mandarine<\/strong> &#8211; Ein wohltuendes Dufterlebnis und elegantes Starterset<\/p>\n<p>Mit seiner optisch sehr ansprechenden Gestaltung ist der doTERRA Marble Volo Diffuser eine elegante Bereicherung in jedem zu Hause oder nat\u00fcrlich auch am Arbeitsplatz. Dabei kann er im B\u00fcro, an der Rezeption, in Verkaufsr\u00e4umen oder nat\u00fcrlich auch in allen Bereichen der Sch\u00f6nheitspflege eingesetzt werden: Er schafft auch eine Wohlf\u00fchlatmosph\u00e4re in allen Kranken- und Pflegebereichen und kann dort f\u00fcr ein entspanntes und ausgeglichenes Arbeitsklima sorgen.<\/p>\n<p>Durch die bew\u00e4hrte Ultraschall-Technologie werden das Wasser und die hochwertigen \u00e4therischen \u00d6le sanft und schonend mikrofein vernebelt und behalten dadurch ihre wertvollen Inhaltsstoffe und Reinheit. Ganz im Gegensatz zu den immer noch h\u00e4ufig propagierten Duftlampen, die die wertvollen Strukturen hochwertiger \u00d6le zerst\u00f6ren und sie dadurch in ihrer kraftvollen und nat\u00fcrlichen Wirkung erheblich einschr\u00e4nken oder schlimmer noch unbrauchbar machen.<\/p>\n<p>Hinzukommt, dass auch das Design des <strong>doTERRA Volo Marble Diffuser<\/strong> sehr ansprechend ist. So wird die Oberfl\u00e4che in aufwendiger Handarbeit aus Polyresin hergestellt und vermittelt so den Eindruck eines besonders individuellen Kunstobjektes und wird nicht in erster Linie als reines technisches Ger\u00e4t wahrgenommen.<\/p>\n<p>Den Diffuser gibt es f\u00fcr jeden Geschmack: Entweder in Marmor-Kunststein-Optik wie hier oder in dem ebenfalls sehr besonderen Onyx. Design mit schwarzer Oberfl\u00e4che.<\/p>\n<p>Aber auch in seiner Funktion \u00fcberzeugt der Diffuser: So bietet 3 verschiedene Beleuchtungsvarianten intensiv warmes-wei\u00dfes Licht, schwaches Licht oder kein Licht. Au\u00dferdem hat er eine individuelle Nebelausgabe-Option: Entweder 1 oder 3 oder 6 Stunden auf h\u00f6chster Stufe. Wahlweise gibt es auch eine kontinuierliche Nebelausgabe auf niedrigster Stufe, die 14 Stunden l\u00e4uft. <\/p>\n<p>Der<strong> doTERRA Volo Marble Diffuser mit Green Mandarine<\/strong> ist es ein ideales Einsteigerset f\u00fcr zu Hause oder B\u00fcro und Praxis. Ideal auch als hochwertiges Geschenk.<\/p>\n<p>Empfohlen f\u00fcr eine max. Raumgr\u00f6\u00dfe von 28 qm..Bei gr\u00f6\u00dferen R\u00e4umen einfach entsprechend mehr Diffusoren benutzen.<\/p>\n<p><strong>Empfehlung<\/strong><br \/>\nDiffuser: Beachte die Anwendungsempfehlungen in der Produktbeschreibung<br \/>\n\u00d6le: Beachte die Empfehlungen bei den Einzel\u00f6len.<\/p>\n<p><strong>Sichere Anwendung<\/strong><br \/>\nDiffuser: Beachte die Sicherheitshinweise in der Produktbeschreibung<br \/>\n\u00d6le: Beachte die Empfehlungen bei den Einzel\u00f6len.<\/p>\n","protected":false},"excerpt":{"rendered":"<h2 style=\"font-size: 28px;\">Das stylische Einsteigerset<\/h2>\n<p>doTERRA Marble Volo Diffuser &#8211; Mit seiner optisch sehr ansprechenden Gestaltung, ist der Marble Diffuser eine elegante Bereicherung in jedem zuhause oder nat\u00fcrlich auch am Arbeitsplatz.<br \/>\nAber auch in seiner Funktion \u00fcberzeugt der Diffuser: Er bietet 3 verschiedene Beleuchtungsvarianten sowie Intensit\u00e4t des Diffuser-Nebels und Zeiteinstellungen an. <br \/>\nG\u00f6nne dir dieses besondere Aroma-Erlebnis f\u00fcr alle Sinne. Zusammen mit dem Stimmung hebenden \u00d6l der Gr\u00fcnen Mandarine ist es ein ideales Einsteigerset f\u00fcr zu Hause oder B\u00fcro und Praxis.<\/p>\n","protected":false},"featured_media":7859,"template":"","meta":{"_et_pb_use_builder":"","_et_pb_old_content":"","_et_gb_content_width":""},"product_cat":[15,57],"product_tag":[],"_links":{"self":[{"href":"https:\/\/www.magnolioworld.com\/green-ch\/wp-json\/wp\/v2\/product\/7832"}],"collection":[{"href":"https:\/\/www.magnolioworld.com\/green-ch\/wp-json\/wp\/v2\/product"}],"about":[{"href":"https:\/\/www.magnolioworld.com\/green-ch\/wp-json\/wp\/v2\/types\/product"}],"wp:featuredmedia":[{"embeddable":true,"href":"https:\/\/www.magnolioworld.com\/green-ch\/wp-json\/wp\/v2\/media\/7859"}],"wp:attachment":[{"href":"https:\/\/www.magnolioworld.com\/green-ch\/wp-json\/wp\/v2\/media?parent=7832"}],"wp:term":[{"taxonomy":"product_cat","embeddable":true,"href":"https:\/\/www.magnolioworld.com\/green-ch\/wp-json\/wp\/v2\/product_cat?post=7832"},{"taxonomy":"product_tag","embeddable":true,"href":"https:\/\/www.magnolioworld.com\/green-ch\/wp-json\/wp\/v2\/product_tag?post=7832"}],"curies":[{"name":"wp","href":"https:\/\/api.w.org\/{rel}","templated":true}]}}