{"id":7830,"date":"2023-01-09T22:06:58","date_gmt":"2023-01-09T21:06:58","guid":{"rendered":"https:\/\/www.magnolio.ch\/?post_type=product&#038;p=7830"},"modified":"2024-12-15T19:01:16","modified_gmt":"2024-12-15T18:01:16","slug":"doterra-petal-diffuser-trio","status":"publish","type":"product","link":"https:\/\/www.magnolioworld.com\/green-ch\/doterra-petal-diffuser-trio\/","title":{"rendered":"doTERRA Petal Diffuser Trio"},"content":{"rendered":"<p><strong>doTERRA Petal Diffuser Trio<\/strong> &#8211; Das ideale Einsteigerset mit 2 \u00d6len<\/p>\n<p>Dieses Trio kombiniert den bew\u00e4hrten Petal Diffuser mit 5ml der \u00e4therischen \u00d6le Wild Orange und Lavender. Es ist das ideale Starterset f\u00fcr zu Hause oder im B\u00fcro bzw. der Praxis.<\/p>\n<p>Der Petal 2.0 Diffuser wurde entwickelt, um eine Brise Wellness in dein Leben zu bringen. Klein und benutzerfreundlich wie er ist, verstr\u00f6mt der Petal Diffuser wohltuenden Nebel f\u00fcr Raumgr\u00f6\u00dfen bis zu 30 m2 und schafft mit seinem weichen, wei\u00dfen Umgebungslicht eine angenehme Atmosph\u00e4re \u2013 ideal auch f\u00fcr nachts. Mit den drei Laufzeiteinstellungen f\u00fcr 1, 2 und 4 Stunden kannst du die Dauer nach Belieben anpassen. Der praktische Diffusor ist stabil, leicht und einfach zu bedienen \u2013 egal, ob Zuhause oder im B\u00fcro.<\/p>\n<p>Das hochwertige Produkt mit seinem ultrafeinen, aber kr\u00e4ftigen Nebelaussto\u00df setzt die wohltuenden Aromen deiner bevorzugten \u00e4therischen \u00d6le schnell und sicher frei. Ein wunderbares aromatisches Erlebnis f\u00fcr Einsteiger als auch f\u00fcr erfahrene Anwender.<\/p>\n<p>Mit den 3 Laufzeiteinstellungen f\u00fcr 1, 2 und 4 Stunden kann die Dauer nach Belieben angepasst werden. Dabei ist der praktische Diffusor stabil, leicht und einfach zu bedienen.<\/p>\n<p>Die Kombination mit dem Stimmung hebende \u00d6l Wild Orange und dem beruhigenden und ausgleichenden Lavendel\u00f6l sind nicht nur ein tolles Einsteigerset in die Welt der \u00d6le, sondern auch ein ideales Geschenk f\u00fcr alle \u00d6l-Begeisterten.<\/p>\n<p>Da <strong>doTERRA Petal Diffuser Trio<\/strong> nur unwesentlich teurer als der Petal 2.0 Diffuser alleine ist, ist es eine preissparende Alternative f\u00fcr vollendeten Raumduft.<\/p>\n<p>Empfohlen f\u00fcr eine max. Raumgr\u00f6\u00dfe von 33 qm. Bei gr\u00f6\u00dferen R\u00e4umen einfach entsprechend mehr Diffusoren benutzen.<\/p>\n<p><strong>Empfehlung<\/strong><br \/>\nDiffuser: Beachte die Anwendungsempfehlungen in der Produktbeschreibung<br \/>\n\u00d6le: Beachte die Empfehlungen bei den Einzel\u00f6len.<\/p>\n<p><strong>Sichere Anwendung<\/strong><br \/>\nDiffuser: Beachte die Sicherheitshinweise in der Produktbeschreibung<br \/>\n\u00d6le: Beachte die Empfehlungen bei den Einzel\u00f6len.<\/p>\n","protected":false},"excerpt":{"rendered":"<h2 style=\"font-size: 28px;\">Das ideale Einsteigerset<\/h2>\n<p>doTERRA Petal Diffuser Trio &#8211; Dieses Trio kombiniert den bew\u00e4hrten Petal 2.0 Diffuser mit 5ml der \u00e4therischen \u00d6le Wild Orange und Lavender. Es ist das ideale und kosteng\u00fcnstige Startset f\u00fcr zu Hause oder im B\u00fcro bzw. der Praxis.<\/p>\n","protected":false},"featured_media":7864,"template":"","meta":{"_et_pb_use_builder":"","_et_pb_old_content":"","_et_gb_content_width":""},"product_cat":[15,57],"product_tag":[],"_links":{"self":[{"href":"https:\/\/www.magnolioworld.com\/green-ch\/wp-json\/wp\/v2\/product\/7830"}],"collection":[{"href":"https:\/\/www.magnolioworld.com\/green-ch\/wp-json\/wp\/v2\/product"}],"about":[{"href":"https:\/\/www.magnolioworld.com\/green-ch\/wp-json\/wp\/v2\/types\/product"}],"wp:featuredmedia":[{"embeddable":true,"href":"https:\/\/www.magnolioworld.com\/green-ch\/wp-json\/wp\/v2\/media\/7864"}],"wp:attachment":[{"href":"https:\/\/www.magnolioworld.com\/green-ch\/wp-json\/wp\/v2\/media?parent=7830"}],"wp:term":[{"taxonomy":"product_cat","embeddable":true,"href":"https:\/\/www.magnolioworld.com\/green-ch\/wp-json\/wp\/v2\/product_cat?post=7830"},{"taxonomy":"product_tag","embeddable":true,"href":"https:\/\/www.magnolioworld.com\/green-ch\/wp-json\/wp\/v2\/product_tag?post=7830"}],"curies":[{"name":"wp","href":"https:\/\/api.w.org\/{rel}","templated":true}]}}