{"id":783,"date":"2020-04-22T14:01:41","date_gmt":"2020-04-22T12:01:41","guid":{"rendered":"https:\/\/www.magnolio.shop\/zengest-touch-zen-gest-touch-verdauungsmischung\/"},"modified":"2025-11-17T16:04:06","modified_gmt":"2025-11-17T15:04:06","slug":"doterra-zengest-touch","status":"publish","type":"product","link":"https:\/\/www.magnolioworld.com\/green-ch\/doterra-zengest-touch\/","title":{"rendered":"doTERRA ZenGest Touch"},"content":{"rendered":"<p><strong>doTERRA ZenGest<\/strong> <strong>Touch<\/strong> &#8211; Das \u00d6l der Verdauung &#8211; Hilft dir, das Leben physisch und psychisch besser zu verdauen &#8211; Hier als gebrauchsfertiger Touch.<\/p>\n<p>In der Verdauungsmischung aus hochwertigen doTERRA \u00d6len sind die die Verdauung unterst\u00fctzenden \u00e4therischen \u00d6le Ginger, Peppermint, Caraway, Star Anise, Coriander, Estragon und Fennel enthalten.<\/p>\n<ul>\n<li>Das Ingwer\u00f6l wird aus dem Rhizom und der Wurzel gewonnen. Es f\u00f6rdert die Magent\u00e4tigkeit, hilft \u00dcbelkeit zu lindern und schafft wohlige W\u00e4rme im ganzen K\u00f6rper.<\/li>\n<li>Pfefferminz\u00f6l wird aus der Pflanze gewonnen und hilft, die Verdauung anzuregen. Es f\u00f6rdert die Reduzierung von \u00dcbelkeit und Gasansammlungen im Verdauungsbereich. Ausserdem erfrischt es wunderbar.<\/li>\n<li>Das aus den Samen gewonnene Anis\u00f6l st\u00e4rkt das gesamte Verdauungssystem, es f\u00f6rdert die Entkrampfung und die Reduzierung des V\u00f6llegef\u00fchls.<\/li>\n<li>Die Samen des K\u00fcmmel (Caraway Seed) helfen den Magen-Darm-Trakt zu stimulieren, unterst\u00fctzen die Appetitsteigerung.<\/li>\n<li>Die Samen des Koriander f\u00f6rdern die Verdauung, regulieren den Appetit und werden deshalb in der K\u00fcche vielseitig verwendet.<\/li>\n<li>Das Kraut des Estragon\u00f6ls hat beruhigende Eigenschaften und unterst\u00fctzt bei stressbedingten Verdauungsunp\u00e4sslichkeiten.<\/li>\n<li>Die Samen des Fenchel\u00f6ls st\u00e4rken den Magen, d\u00e4mpfen den Hunger, mindern V\u00f6llegef\u00fchl und unterst\u00fctzen bei Unp\u00e4sslichkeiten der Verdauung.\n<p>Ausserdem hat jedes \u00d6l und jede \u00d6lmischung nat\u00fcrlich auch eine emotionale Wirkung. So unterst\u00fctzt die Verdauungsmischung <strong>doTERRA ZenGest<\/strong> <strong>Touch<\/strong> dabei Stress, \u00c4rger und Probleme besser zu verdauen. Zus\u00e4tzlich kann es helfen, M\u00fcdigkeit und Ersch\u00f6pfung zu \u00fcberwinden sowie die Stimmung aufzuhellen: Das ist umso wichtiger, da der Darm von elementarer Bedeutung f\u00fcr das Wohlbefinden vom K\u00f6rper, Geist und Seele ist.<\/p>\n<p>doTERRA ZenGest Touch ist praktisch in der gebrauchsfertigen Mischung mit fraktioniertem Kokos\u00f6l ideal f\u00fcr unterwegs. So kann es \u00e4usserlich auf den Magen-Darm-Bereich oder die Reflexpunkte auf F\u00fcssen und H\u00e4nden aufgetragen werden bzw. \u00fcber die Handgelenke inhaliert werden.<\/p>\n<p>Wer viel unterwegs ist, weiss die ZenGest Softgels zu sch\u00e4tzen, die rasch zur Linderung und besseren Wohlergehen beitragen. Ausserdem wirken sie durch die hochwertigen \u00d6le auch stark beruhigend. So k\u00f6nnen doTERRA ZenGest Softgels auch wunderbar bei Verstimmungen auf der Reise vorbeugend oder akut verwendet werden. Auch besonders hilfreich bei der Umstellung der Ern\u00e4hrung in fernen L\u00e4ndern.<\/p>\n<p><strong>Empfehlung<br \/>\n<\/strong>Topisch: Trage die Mischung doTERRA ZenGest Touch nach gro\u00dfen schweren Mahlzeiten auf Bauch und die F\u00fcsse auf. Halte den Touch auf Reisen griffbereit, um jederzeit eine wohltuende Unterst\u00fctzung zu erhalten. Inhaliere bei Reise\u00fcbelkeit die Mischung \u00fcber die Handgelenke und trage sie auf den F\u00fcssen oder Bauch auf. Bei Magenverstimmungen kann eine Bauchmassage sehr hilfreich sein. <\/p>\n<p><strong>Sichere Verwendung<\/strong><br \/>\nKann Hautreizungen verursachen. Au\u00dferhalb der Reichweite von Kindern aufbewahren. Wenn du schwanger oder in \u00e4rztlicher Behandlung bist, konsultiere bitte deinen Arzt. Kontakt mit Augen, Innenohren, Gesicht, empfindlichen Stellen und Schleimh\u00e4uten vermeiden.<\/li>\n<\/ul>\n","protected":false},"excerpt":{"rendered":"<h2 style=\"font-size: 28px;\">Verdauungsmischung Roll-On<\/h2>\n<p>doTERRA ZenGest Touch &#8211; Das \u00d6l der Verdauung hilft dir, das Leben physisch und psychisch besser zu verdauen. Hier im gebrauchsfertigen Touch f\u00fcr unterwegs.<\/p>\n","protected":false},"featured_media":3188,"template":"","meta":{"_et_pb_use_builder":"","_et_pb_old_content":"","_et_gb_content_width":""},"product_cat":[15,51,44,47,1947],"product_tag":[463,462],"_links":{"self":[{"href":"https:\/\/www.magnolioworld.com\/green-ch\/wp-json\/wp\/v2\/product\/783"}],"collection":[{"href":"https:\/\/www.magnolioworld.com\/green-ch\/wp-json\/wp\/v2\/product"}],"about":[{"href":"https:\/\/www.magnolioworld.com\/green-ch\/wp-json\/wp\/v2\/types\/product"}],"wp:featuredmedia":[{"embeddable":true,"href":"https:\/\/www.magnolioworld.com\/green-ch\/wp-json\/wp\/v2\/media\/3188"}],"wp:attachment":[{"href":"https:\/\/www.magnolioworld.com\/green-ch\/wp-json\/wp\/v2\/media?parent=783"}],"wp:term":[{"taxonomy":"product_cat","embeddable":true,"href":"https:\/\/www.magnolioworld.com\/green-ch\/wp-json\/wp\/v2\/product_cat?post=783"},{"taxonomy":"product_tag","embeddable":true,"href":"https:\/\/www.magnolioworld.com\/green-ch\/wp-json\/wp\/v2\/product_tag?post=783"}],"curies":[{"name":"wp","href":"https:\/\/api.w.org\/{rel}","templated":true}]}}