{"id":7827,"date":"2023-01-09T21:57:52","date_gmt":"2023-01-09T20:57:52","guid":{"rendered":"https:\/\/www.magnolio.ch\/?post_type=product&#038;p=7827"},"modified":"2024-04-02T13:20:01","modified_gmt":"2024-04-02T11:20:01","slug":"doterra-move-diffuser-mit-citrus-spring","status":"publish","type":"product","link":"https:\/\/www.magnolioworld.com\/green-ch\/doterra-move-diffuser-mit-citrus-spring\/","title":{"rendered":"doTERRA Move Diffuser mit Citrus Spring"},"content":{"rendered":"<p><strong>doTERRA Move Diffuser mit Citrus Spring<\/strong> &#8211; Das ideale Set to go mit dem Duft des Fr\u00fchlings Citrus Spring<\/p>\n<p>Der kleinste und handlichste Diffuser ist ideal, um \u00fcberall in den Genuss des zerst\u00e4ubten Fr\u00fchlingsduftes Citrus Spring zu kommen. Er kann entweder in Dauerbetrieb verwendet oder nur kurzzeitig bei Bedarf eingesetzt werden, um schnell zwischendurch die Stimmung hebende und fr\u00f6hliche Mischung Citrus Spring zu genie\u00dfen.<br \/>\nDer <strong>doTERRA Move Diffuser mit Citrus Spring <\/strong>kann entweder ohne Kabel oder zum Aufladen und Benutzen \u00fcber den USB-Anschluss genutzt werden.<\/p>\n<p>Lass dich im Laufe des Tages mit den D\u00fcften des Fr\u00fchlings mit der \u00e4therischen \u00d6lmischung Citrus Spring in dieser speziellen Kombination inspirieren. Ideal als Geschenk. Beide Produkte sind zeitlich begrenzte Angebote.<\/p>\n<p>Eventuell kann es wegen der Vorschriften f\u00fcr den Luftversand bei Lithium-Ionen-Batterien zu einem Bestelllimit (2 Diffuser) kommen.<\/p>\n<p><strong>Empfehlung<\/strong><br \/>\nDiffuser: Beachte die Anwendungsempfehlungen in der Produktbeschreibung<br \/>\n\u00d6le: Beachte die Empfehlungen bei den Einzel\u00f6len.<\/p>\n<p><strong>Sichere Anwendung<\/strong><br \/>\nDiffuser: Beachte die Sicherheitshinweise in der Produktbeschreibung<br \/>\n\u00d6le: Beachte die Empfehlungen bei den Einzel\u00f6len.<\/p>\n","protected":false},"excerpt":{"rendered":"<h2 style=\"font-size: 28px;\">Der kleine tragbare aufladbare Diffuser f\u00fcr \u00fcberall<\/h2>\n<p>doTERRA Move Diffuser mit Citrus Spring &#8211; Ist der kleinste und handlichste Diffuser von doTERRA, der ideal f\u00fcr unterwegs ist und Platz sogar in der kleinsten Handtasche findet.<\/p>\n","protected":false},"featured_media":7863,"template":"","meta":{"_et_pb_use_builder":"","_et_pb_old_content":"","_et_gb_content_width":""},"product_cat":[15,57],"product_tag":[],"_links":{"self":[{"href":"https:\/\/www.magnolioworld.com\/green-ch\/wp-json\/wp\/v2\/product\/7827"}],"collection":[{"href":"https:\/\/www.magnolioworld.com\/green-ch\/wp-json\/wp\/v2\/product"}],"about":[{"href":"https:\/\/www.magnolioworld.com\/green-ch\/wp-json\/wp\/v2\/types\/product"}],"wp:featuredmedia":[{"embeddable":true,"href":"https:\/\/www.magnolioworld.com\/green-ch\/wp-json\/wp\/v2\/media\/7863"}],"wp:attachment":[{"href":"https:\/\/www.magnolioworld.com\/green-ch\/wp-json\/wp\/v2\/media?parent=7827"}],"wp:term":[{"taxonomy":"product_cat","embeddable":true,"href":"https:\/\/www.magnolioworld.com\/green-ch\/wp-json\/wp\/v2\/product_cat?post=7827"},{"taxonomy":"product_tag","embeddable":true,"href":"https:\/\/www.magnolioworld.com\/green-ch\/wp-json\/wp\/v2\/product_tag?post=7827"}],"curies":[{"name":"wp","href":"https:\/\/api.w.org\/{rel}","templated":true}]}}